{"id":10082,"date":"2025-04-07T17:42:14","date_gmt":"2025-04-07T17:42:14","guid":{"rendered":"https:\/\/artsets.cz\/?page_id=10082"},"modified":"2025-10-04T21:51:31","modified_gmt":"2025-10-04T21:51:31","slug":"instrukce-pro-tvorbu-stojanku-na-tuzky","status":"publish","type":"page","link":"https:\/\/artsets.cz\/en\/instrukce\/instrukce-pro-tvorbu-stojanku-na-tuzky\/","title":{"rendered":"Instrukce pro tvorbu stoj\u00e1nk\u016f na tu\u017eky"},"content":{"rendered":"\t\t<div data-elementor-type=\"wp-page\" data-elementor-id=\"10082\" class=\"elementor elementor-10082\" data-elementor-post-type=\"page\">\n\t\t\t\t<div class=\"elementor-element elementor-element-06ba611 e-flex e-con-boxed e-con e-parent\" data-id=\"06ba611\" data-element_type=\"container\" data-settings=\"{&quot;jet_parallax_layout_list&quot;:[]}\">\n\t\t\t\t\t<div class=\"e-con-inner\">\n\t\t\t\t<div class=\"elementor-element elementor-element-81fec05 elementor-widget elementor-widget-text-editor\" data-id=\"81fec05\" data-element_type=\"widget\" data-widget_type=\"text-editor.default\">\n\t\t\t\t<div class=\"elementor-widget-container\">\n\t\t\t\t\t\t\t\t\t<p class=\"p1\"><span class=\"s1\"><b>V\u00edtejte na str\u00e1nce s n\u00e1vodem pro vytvo\u0159en\u00ed origin\u00e1ln\u00edho stoj\u00e1nku na tu\u017eky s na\u0161\u00edm ArtSets setem!<\/b><\/span> Tento n\u00e1vod v\u00e1s provede krok za krokem cel\u00fdm procesem v\u00fdroby \u2013 od rozlo\u017een\u00ed mozaiky a\u017e po fin\u00e1ln\u00ed dekorace. A\u0165 u\u017e preferujete jemn\u00e9 vzory nebo barevn\u00e9 kombinace, se sadou ArtSets vytvo\u0159\u00edte jedine\u010dn\u00fd a praktick\u00fd dopln\u011bk na st\u016fl.<\/p><p class=\"p1\">Podrobn\u00e9 instrukce v\u00e1m pomohou s ka\u017ed\u00fdm krokem, a pokud budete cht\u00edt, m\u016f\u017eete si p\u0159ehr\u00e1t i video n\u00e1vod, kter\u00fd v\u00e1m tvo\u0159en\u00ed je\u0161t\u011b v\u00edce usnadn\u00ed. P\u0159ipravte se na z\u00e1bavu, relax a kreativitu bez hranic!<\/p>\t\t\t\t\t\t\t\t<\/div>\n\t\t\t\t<\/div>\n\t\t<div class=\"elementor-element elementor-element-4e48f9c e-con-full e-flex e-con e-child\" data-id=\"4e48f9c\" data-element_type=\"container\" data-settings=\"{&quot;jet_parallax_layout_list&quot;:[]}\">\n\t\t<div class=\"elementor-element elementor-element-e7aa2e5 e-con-full e-flex e-con e-child\" data-id=\"e7aa2e5\" data-element_type=\"container\" data-settings=\"{&quot;jet_parallax_layout_list&quot;:[]}\">\n\t\t\t\t<div class=\"elementor-element elementor-element-1399eb7 elementor-widget__width-auto elementor-widget elementor-widget-heading\" data-id=\"1399eb7\" data-element_type=\"widget\" data-widget_type=\"heading.default\">\n\t\t\t\t<div class=\"elementor-widget-container\">\n\t\t\t\t\t<h2 class=\"elementor-heading-title elementor-size-default\">Video n\u00e1vod pro tvorbu stoj\u00e1nk\u016f na tu\u017eky<\/h2>\t\t\t\t<\/div>\n\t\t\t\t<\/div>\n\t\t\t\t<div class=\"elementor-element elementor-element-f4cf940 elementor-widget__width-inherit elementor-widget elementor-widget-video\" data-id=\"f4cf940\" data-element_type=\"widget\" data-settings=\"{&quot;video_type&quot;:&quot;hosted&quot;,&quot;autoplay&quot;:&quot;yes&quot;,&quot;play_on_mobile&quot;:&quot;yes&quot;,&quot;mute&quot;:&quot;yes&quot;,&quot;loop&quot;:&quot;yes&quot;,&quot;controls&quot;:&quot;yes&quot;}\" data-widget_type=\"video.default\">\n\t\t\t\t<div class=\"elementor-widget-container\">\n\t\t\t\t\t\t\t<div class=\"e-hosted-video elementor-wrapper elementor-open-inline\">\n\t\t\t\t\t<video class=\"elementor-video\" src=\"https:\/\/artsets.cz\/wp-content\/uploads\/2025\/04\/Stojanky-na-tuzky.mp4\" autoplay=\"\" loop=\"\" controls=\"\" muted=\"muted\" playsinline=\"\" controlsList=\"nodownload\"><\/video>\n\t\t\t\t<\/div>\n\t\t\t\t\t\t<\/div>\n\t\t\t\t<\/div>\n\t\t\t\t<\/div>\n\t\t<div class=\"elementor-element elementor-element-3b3c05b e-con-full e-flex e-con e-child\" data-id=\"3b3c05b\" data-element_type=\"container\" data-settings=\"{&quot;jet_parallax_layout_list&quot;:[]}\">\n\t\t<div class=\"elementor-element elementor-element-418e871 e-con-full e-flex e-con e-child\" data-id=\"418e871\" data-element_type=\"container\" data-settings=\"{&quot;jet_parallax_layout_list&quot;:[]}\">\n\t\t\t\t<div class=\"elementor-element elementor-element-5b266c4 elementor-widget__width-auto elementor-widget elementor-widget-heading\" data-id=\"5b266c4\" data-element_type=\"widget\" data-widget_type=\"heading.default\">\n\t\t\t\t<div class=\"elementor-widget-container\">\n\t\t\t\t\t<h2 class=\"elementor-heading-title elementor-size-default\"><a href=\"\/organizers-sets\/\"><u>Objev na\u0161e kreativn\u00ed sady na stoj\u00e1nk\u016f na tu\u017eky!<\/u><\/a><\/h2>\t\t\t\t<\/div>\n\t\t\t\t<\/div>\n\t\t<div class=\"elementor-element elementor-element-03784e3 e-con-full e-flex e-con e-child\" data-id=\"03784e3\" data-element_type=\"container\" data-settings=\"{&quot;background_background&quot;:&quot;slideshow&quot;,&quot;jet_parallax_layout_list&quot;:[],&quot;background_slideshow_gallery&quot;:[],&quot;background_slideshow_slide_duration&quot;:5000,&quot;background_slideshow_slide_transition&quot;:&quot;fade&quot;,&quot;background_slideshow_transition_duration&quot;:500}\">\n\t\t\t\t<div class=\"elementor-element elementor-element-be8c6bc elementor-widget elementor-widget-image\" data-id=\"be8c6bc\" data-element_type=\"widget\" data-widget_type=\"image.default\">\n\t\t\t\t<div class=\"elementor-widget-container\">\n\t\t\t\t\t\t\t\t\t\t\t\t\t\t\t<img fetchpriority=\"high\" decoding=\"async\" width=\"300\" height=\"300\" src=\"https:\/\/i0.wp.com\/artsets.cz\/wp-content\/uploads\/2025\/04\/kawaii-style-hotovy-produkt.png?fit=300%2C300&amp;ssl=1\" class=\"attachment-medium size-medium wp-image-10026\" alt=\"Hotov\u00fd DIY stoj\u00e1nek na tu\u017eky s kawaii dekoracemi a \u010dernob\u00edlou mozaikou\" srcset=\"https:\/\/i0.wp.com\/artsets.cz\/wp-content\/uploads\/2025\/04\/kawaii-style-hotovy-produkt.png?w=1080&amp;ssl=1 1080w, https:\/\/i0.wp.com\/artsets.cz\/wp-content\/uploads\/2025\/04\/kawaii-style-hotovy-produkt.png?resize=300%2C300&amp;ssl=1 300w, https:\/\/i0.wp.com\/artsets.cz\/wp-content\/uploads\/2025\/04\/kawaii-style-hotovy-produkt.png?resize=1024%2C1024&amp;ssl=1 1024w, https:\/\/i0.wp.com\/artsets.cz\/wp-content\/uploads\/2025\/04\/kawaii-style-hotovy-produkt.png?resize=150%2C150&amp;ssl=1 150w, https:\/\/i0.wp.com\/artsets.cz\/wp-content\/uploads\/2025\/04\/kawaii-style-hotovy-produkt.png?resize=768%2C768&amp;ssl=1 768w, https:\/\/i0.wp.com\/artsets.cz\/wp-content\/uploads\/2025\/04\/kawaii-style-hotovy-produkt.png?resize=230%2C230&amp;ssl=1 230w, https:\/\/i0.wp.com\/artsets.cz\/wp-content\/uploads\/2025\/04\/kawaii-style-hotovy-produkt.png?resize=400%2C400&amp;ssl=1 400w, https:\/\/i0.wp.com\/artsets.cz\/wp-content\/uploads\/2025\/04\/kawaii-style-hotovy-produkt.png?resize=651%2C651&amp;ssl=1 651w, https:\/\/i0.wp.com\/artsets.cz\/wp-content\/uploads\/2025\/04\/kawaii-style-hotovy-produkt.png?resize=640%2C640&amp;ssl=1 640w, https:\/\/i0.wp.com\/artsets.cz\/wp-content\/uploads\/2025\/04\/kawaii-style-hotovy-produkt.png?resize=600%2C600&amp;ssl=1 600w, https:\/\/i0.wp.com\/artsets.cz\/wp-content\/uploads\/2025\/04\/kawaii-style-hotovy-produkt.png?resize=100%2C100&amp;ssl=1 100w\" sizes=\"(max-width: 300px) 100vw, 300px\" \/>\t\t\t\t\t\t\t\t\t\t\t\t\t\t\t<\/div>\n\t\t\t\t<\/div>\n\t\t\t\t<\/div>\n\t\t<div class=\"elementor-element elementor-element-399ff10 e-con-full e-flex e-con e-child\" data-id=\"399ff10\" data-element_type=\"container\" data-settings=\"{&quot;background_background&quot;:&quot;slideshow&quot;,&quot;jet_parallax_layout_list&quot;:[],&quot;background_slideshow_gallery&quot;:[],&quot;background_slideshow_loop&quot;:&quot;yes&quot;,&quot;background_slideshow_slide_duration&quot;:5000,&quot;background_slideshow_slide_transition&quot;:&quot;fade&quot;,&quot;background_slideshow_transition_duration&quot;:500}\">\n\t\t\t\t<div class=\"elementor-element elementor-element-b12e186 elementor-widget elementor-widget-image\" data-id=\"b12e186\" data-element_type=\"widget\" data-widget_type=\"image.default\">\n\t\t\t\t<div class=\"elementor-widget-container\">\n\t\t\t\t\t\t\t\t\t\t\t\t\t\t\t<img decoding=\"async\" width=\"300\" height=\"300\" src=\"https:\/\/i0.wp.com\/artsets.cz\/wp-content\/uploads\/2025\/04\/flowers-beauty-hotovy-stojanek-na-tuzky.png?fit=300%2C300&amp;ssl=1\" class=\"attachment-medium size-medium wp-image-10005\" alt=\"Hotov\u00fd stoj\u00e1nek na tu\u017eky s kv\u011btinov\u00fdmi dekoracemi a mozaikou\" srcset=\"https:\/\/i0.wp.com\/artsets.cz\/wp-content\/uploads\/2025\/04\/flowers-beauty-hotovy-stojanek-na-tuzky.png?w=1080&amp;ssl=1 1080w, https:\/\/i0.wp.com\/artsets.cz\/wp-content\/uploads\/2025\/04\/flowers-beauty-hotovy-stojanek-na-tuzky.png?resize=300%2C300&amp;ssl=1 300w, https:\/\/i0.wp.com\/artsets.cz\/wp-content\/uploads\/2025\/04\/flowers-beauty-hotovy-stojanek-na-tuzky.png?resize=1024%2C1024&amp;ssl=1 1024w, https:\/\/i0.wp.com\/artsets.cz\/wp-content\/uploads\/2025\/04\/flowers-beauty-hotovy-stojanek-na-tuzky.png?resize=150%2C150&amp;ssl=1 150w, https:\/\/i0.wp.com\/artsets.cz\/wp-content\/uploads\/2025\/04\/flowers-beauty-hotovy-stojanek-na-tuzky.png?resize=768%2C768&amp;ssl=1 768w, https:\/\/i0.wp.com\/artsets.cz\/wp-content\/uploads\/2025\/04\/flowers-beauty-hotovy-stojanek-na-tuzky.png?resize=230%2C230&amp;ssl=1 230w, https:\/\/i0.wp.com\/artsets.cz\/wp-content\/uploads\/2025\/04\/flowers-beauty-hotovy-stojanek-na-tuzky.png?resize=400%2C400&amp;ssl=1 400w, https:\/\/i0.wp.com\/artsets.cz\/wp-content\/uploads\/2025\/04\/flowers-beauty-hotovy-stojanek-na-tuzky.png?resize=651%2C651&amp;ssl=1 651w, https:\/\/i0.wp.com\/artsets.cz\/wp-content\/uploads\/2025\/04\/flowers-beauty-hotovy-stojanek-na-tuzky.png?resize=640%2C640&amp;ssl=1 640w, https:\/\/i0.wp.com\/artsets.cz\/wp-content\/uploads\/2025\/04\/flowers-beauty-hotovy-stojanek-na-tuzky.png?resize=600%2C600&amp;ssl=1 600w, https:\/\/i0.wp.com\/artsets.cz\/wp-content\/uploads\/2025\/04\/flowers-beauty-hotovy-stojanek-na-tuzky.png?resize=100%2C100&amp;ssl=1 100w\" sizes=\"(max-width: 300px) 100vw, 300px\" \/>\t\t\t\t\t\t\t\t\t\t\t\t\t\t\t<\/div>\n\t\t\t\t<\/div>\n\t\t\t\t<\/div>\n\t\t\t\t<\/div>\n\t\t\t\t<\/div>\n\t\t\t\t<\/div>\n\t\t\t\t\t<\/div>\n\t\t\t\t<\/div>\n\t\t<div class=\"elementor-element elementor-element-3e2bab5 e-flex e-con-boxed e-con e-parent\" data-id=\"3e2bab5\" data-element_type=\"container\" data-settings=\"{&quot;jet_parallax_layout_list&quot;:[]}\">\n\t\t\t\t\t<div class=\"e-con-inner\">\n\t\t\t\t<div class=\"elementor-element elementor-element-43f8f03 elementor-widget elementor-widget-button\" data-id=\"43f8f03\" data-element_type=\"widget\" data-widget_type=\"button.default\">\n\t\t\t\t<div class=\"elementor-widget-container\">\n\t\t\t\t\t\t\t\t\t<div class=\"elementor-button-wrapper\">\n\t\t\t\t\t<a class=\"elementor-button elementor-button-link elementor-size-sm\" href=\"https:\/\/artsets.cz\/wp-content\/uploads\/2025\/04\/Pen-Holder-Instruction.pdf\">\n\t\t\t\t\t\t<span class=\"elementor-button-content-wrapper\">\n\t\t\t\t\t\t\t\t\t<span class=\"elementor-button-text\">St\u00e1hnout instrukce (PDF)<\/span>\n\t\t\t\t\t<\/span>\n\t\t\t\t\t<\/a>\n\t\t\t\t<\/div>\n\t\t\t\t\t\t\t\t<\/div>\n\t\t\t\t<\/div>\n\t\t\t\t\t<\/div>\n\t\t\t\t<\/div>\n\t\t\t\t<\/div>\n\t\t","protected":false},"excerpt":{"rendered":"<p>V\u00edtejte na str\u00e1nce s n\u00e1vodem pro vytvo\u0159en\u00ed origin\u00e1ln\u00edho stoj\u00e1nku na tu\u017eky s na\u0161\u00edm ArtSets setem! Tento n\u00e1vod v\u00e1s provede krok za krokem cel\u00fdm procesem v\u00fdroby \u2013 od rozlo\u017een\u00ed mozaiky a\u017e po fin\u00e1ln\u00ed dekorace. A\u0165 u\u017e preferujete jemn\u00e9 vzory nebo barevn\u00e9 kombinace, se sadou ArtSets vytvo\u0159\u00edte jedine\u010dn\u00fd a praktick\u00fd dopln\u011bk na st\u016fl. Podrobn\u00e9 instrukce v\u00e1m pomohou [&hellip;]<\/p>\n","protected":false},"author":1,"featured_media":0,"parent":7866,"menu_order":0,"comment_status":"closed","ping_status":"closed","template":"","meta":{"_acf_changed":false,"footnotes":""},"class_list":["post-10082","page","type-page","status-publish","hentry"],"acf":[],"yoast_head":"<!-- This site is optimized with the Yoast SEO plugin v25.3.1 - https:\/\/yoast.com\/wordpress\/plugins\/seo\/ -->\n<title>Instrukce pro tvorbu stoj\u00e1nk\u016f na tu\u017eky - ArtSets<\/title>\n<meta name=\"robots\" content=\"index, follow, max-snippet:-1, max-image-preview:large, max-video-preview:-1\" \/>\n<link rel=\"canonical\" href=\"https:\/\/artsets.cz\/instrukce\/instrukce-pro-tvorbu-stojanku-na-tuzky\/\" \/>\n<meta property=\"og:locale\" content=\"en_US\" \/>\n<meta property=\"og:type\" content=\"article\" \/>\n<meta property=\"og:title\" content=\"Instrukce pro tvorbu stoj\u00e1nk\u016f na tu\u017eky - ArtSets\" \/>\n<meta property=\"og:description\" content=\"V\u00edtejte na str\u00e1nce s n\u00e1vodem pro vytvo\u0159en\u00ed origin\u00e1ln\u00edho stoj\u00e1nku na tu\u017eky s na\u0161\u00edm ArtSets setem! Tento n\u00e1vod v\u00e1s provede krok za krokem cel\u00fdm procesem v\u00fdroby \u2013 od rozlo\u017een\u00ed mozaiky a\u017e po fin\u00e1ln\u00ed dekorace. A\u0165 u\u017e preferujete jemn\u00e9 vzory nebo barevn\u00e9 kombinace, se sadou ArtSets vytvo\u0159\u00edte jedine\u010dn\u00fd a praktick\u00fd dopln\u011bk na st\u016fl. Podrobn\u00e9 instrukce v\u00e1m pomohou [&hellip;]\" \/>\n<meta property=\"og:url\" content=\"https:\/\/artsets.cz\/instrukce\/instrukce-pro-tvorbu-stojanku-na-tuzky\/\" \/>\n<meta property=\"og:site_name\" content=\"ArtSets\" \/>\n<meta property=\"article:publisher\" content=\"https:\/\/www.facebook.com\/profile.php?id=61559120043095\" \/>\n<meta property=\"article:modified_time\" content=\"2025-10-04T21:51:31+00:00\" \/>\n<meta property=\"og:image\" content=\"https:\/\/artsets.cz\/wp-content\/uploads\/2025\/04\/kawaii-style-hotovy-produkt-300x300.png\" \/>\n<meta name=\"twitter:card\" content=\"summary_large_image\" \/>\n<meta name=\"twitter:label1\" content=\"Est. reading time\" \/>\n\t<meta name=\"twitter:data1\" content=\"1 minute\" \/>\n<script type=\"application\/ld+json\" class=\"yoast-schema-graph\">{\"@context\":\"https:\/\/schema.org\",\"@graph\":[{\"@type\":\"WebPage\",\"@id\":\"https:\/\/artsets.cz\/instrukce\/instrukce-pro-tvorbu-stojanku-na-tuzky\/\",\"url\":\"https:\/\/artsets.cz\/instrukce\/instrukce-pro-tvorbu-stojanku-na-tuzky\/\",\"name\":\"Instrukce pro tvorbu stoj\u00e1nk\u016f na tu\u017eky - ArtSets\",\"isPartOf\":{\"@id\":\"https:\/\/artsets.cz\/#website\"},\"primaryImageOfPage\":{\"@id\":\"https:\/\/artsets.cz\/instrukce\/instrukce-pro-tvorbu-stojanku-na-tuzky\/#primaryimage\"},\"image\":{\"@id\":\"https:\/\/artsets.cz\/instrukce\/instrukce-pro-tvorbu-stojanku-na-tuzky\/#primaryimage\"},\"thumbnailUrl\":\"https:\/\/artsets.cz\/wp-content\/uploads\/2025\/04\/kawaii-style-hotovy-produkt-300x300.png\",\"datePublished\":\"2025-04-07T17:42:14+00:00\",\"dateModified\":\"2025-10-04T21:51:31+00:00\",\"breadcrumb\":{\"@id\":\"https:\/\/artsets.cz\/instrukce\/instrukce-pro-tvorbu-stojanku-na-tuzky\/#breadcrumb\"},\"inLanguage\":\"en-US\",\"potentialAction\":[{\"@type\":\"ReadAction\",\"target\":[\"https:\/\/artsets.cz\/instrukce\/instrukce-pro-tvorbu-stojanku-na-tuzky\/\"]}]},{\"@type\":\"ImageObject\",\"inLanguage\":\"en-US\",\"@id\":\"https:\/\/artsets.cz\/instrukce\/instrukce-pro-tvorbu-stojanku-na-tuzky\/#primaryimage\",\"url\":\"https:\/\/artsets.cz\/wp-content\/uploads\/2025\/04\/kawaii-style-hotovy-produkt-300x300.png\",\"contentUrl\":\"https:\/\/artsets.cz\/wp-content\/uploads\/2025\/04\/kawaii-style-hotovy-produkt-300x300.png\"},{\"@type\":\"BreadcrumbList\",\"@id\":\"https:\/\/artsets.cz\/instrukce\/instrukce-pro-tvorbu-stojanku-na-tuzky\/#breadcrumb\",\"itemListElement\":[{\"@type\":\"ListItem\",\"position\":1,\"name\":\"Dom\u016f\",\"item\":\"https:\/\/artsets.cz\/en\/\"},{\"@type\":\"ListItem\",\"position\":2,\"name\":\"Instrukce a n\u00e1vody pro tvorbu s ArtSets sad\",\"item\":\"https:\/\/artsets.cz\/instrukce\/\"},{\"@type\":\"ListItem\",\"position\":3,\"name\":\"Instrukce pro tvorbu stoj\u00e1nk\u016f na tu\u017eky\"}]},{\"@type\":\"WebSite\",\"@id\":\"https:\/\/artsets.cz\/#website\",\"url\":\"https:\/\/artsets.cz\/\",\"name\":\"Kreativn\u00ed a jedine\u010dn\u00e9 sady \u2013 ArtSets.cz | Perfektn\u00ed d\u00e1rek\",\"description\":\"Kreativn\u00ed DIY sady \u2013 perfektn\u00ed origin\u00e1ln\u00ed d\u00e1rek! Radost z tvorby s v\u00fdsledkem, kter\u00fd vyu\u017eijete\",\"publisher\":{\"@id\":\"https:\/\/artsets.cz\/#organization\"},\"alternateName\":\"ArtSets\",\"potentialAction\":[{\"@type\":\"SearchAction\",\"target\":{\"@type\":\"EntryPoint\",\"urlTemplate\":\"https:\/\/artsets.cz\/?s={search_term_string}\"},\"query-input\":{\"@type\":\"PropertyValueSpecification\",\"valueRequired\":true,\"valueName\":\"search_term_string\"}}],\"inLanguage\":\"en-US\"},{\"@type\":\"Organization\",\"@id\":\"https:\/\/artsets.cz\/#organization\",\"name\":\"ArtSets\",\"url\":\"https:\/\/artsets.cz\/\",\"logo\":{\"@type\":\"ImageObject\",\"inLanguage\":\"en-US\",\"@id\":\"https:\/\/artsets.cz\/#\/schema\/logo\/image\/\",\"url\":\"\",\"contentUrl\":\"\",\"caption\":\"ArtSets\"},\"image\":{\"@id\":\"https:\/\/artsets.cz\/#\/schema\/logo\/image\/\"},\"sameAs\":[\"https:\/\/www.facebook.com\/profile.php?id=61559120043095\"]}]}<\/script>\n<!-- \/ Yoast SEO plugin. -->","yoast_head_json":{"title":"Instrukce pro tvorbu stoj\u00e1nk\u016f na tu\u017eky - ArtSets","robots":{"index":"index","follow":"follow","max-snippet":"max-snippet:-1","max-image-preview":"max-image-preview:large","max-video-preview":"max-video-preview:-1"},"canonical":"https:\/\/artsets.cz\/instrukce\/instrukce-pro-tvorbu-stojanku-na-tuzky\/","og_locale":"en_US","og_type":"article","og_title":"Instrukce pro tvorbu stoj\u00e1nk\u016f na tu\u017eky - ArtSets","og_description":"V\u00edtejte na str\u00e1nce s n\u00e1vodem pro vytvo\u0159en\u00ed origin\u00e1ln\u00edho stoj\u00e1nku na tu\u017eky s na\u0161\u00edm ArtSets setem! Tento n\u00e1vod v\u00e1s provede krok za krokem cel\u00fdm procesem v\u00fdroby \u2013 od rozlo\u017een\u00ed mozaiky a\u017e po fin\u00e1ln\u00ed dekorace. A\u0165 u\u017e preferujete jemn\u00e9 vzory nebo barevn\u00e9 kombinace, se sadou ArtSets vytvo\u0159\u00edte jedine\u010dn\u00fd a praktick\u00fd dopln\u011bk na st\u016fl. Podrobn\u00e9 instrukce v\u00e1m pomohou [&hellip;]","og_url":"https:\/\/artsets.cz\/instrukce\/instrukce-pro-tvorbu-stojanku-na-tuzky\/","og_site_name":"ArtSets","article_publisher":"https:\/\/www.facebook.com\/profile.php?id=61559120043095","article_modified_time":"2025-10-04T21:51:31+00:00","og_image":[{"url":"https:\/\/artsets.cz\/wp-content\/uploads\/2025\/04\/kawaii-style-hotovy-produkt-300x300.png","type":"","width":"","height":""}],"twitter_card":"summary_large_image","twitter_misc":{"Est. reading time":"1 minute"},"schema":{"@context":"https:\/\/schema.org","@graph":[{"@type":"WebPage","@id":"https:\/\/artsets.cz\/instrukce\/instrukce-pro-tvorbu-stojanku-na-tuzky\/","url":"https:\/\/artsets.cz\/instrukce\/instrukce-pro-tvorbu-stojanku-na-tuzky\/","name":"Instrukce pro tvorbu stoj\u00e1nk\u016f na tu\u017eky - ArtSets","isPartOf":{"@id":"https:\/\/artsets.cz\/#website"},"primaryImageOfPage":{"@id":"https:\/\/artsets.cz\/instrukce\/instrukce-pro-tvorbu-stojanku-na-tuzky\/#primaryimage"},"image":{"@id":"https:\/\/artsets.cz\/instrukce\/instrukce-pro-tvorbu-stojanku-na-tuzky\/#primaryimage"},"thumbnailUrl":"https:\/\/artsets.cz\/wp-content\/uploads\/2025\/04\/kawaii-style-hotovy-produkt-300x300.png","datePublished":"2025-04-07T17:42:14+00:00","dateModified":"2025-10-04T21:51:31+00:00","breadcrumb":{"@id":"https:\/\/artsets.cz\/instrukce\/instrukce-pro-tvorbu-stojanku-na-tuzky\/#breadcrumb"},"inLanguage":"en-US","potentialAction":[{"@type":"ReadAction","target":["https:\/\/artsets.cz\/instrukce\/instrukce-pro-tvorbu-stojanku-na-tuzky\/"]}]},{"@type":"ImageObject","inLanguage":"en-US","@id":"https:\/\/artsets.cz\/instrukce\/instrukce-pro-tvorbu-stojanku-na-tuzky\/#primaryimage","url":"https:\/\/artsets.cz\/wp-content\/uploads\/2025\/04\/kawaii-style-hotovy-produkt-300x300.png","contentUrl":"https:\/\/artsets.cz\/wp-content\/uploads\/2025\/04\/kawaii-style-hotovy-produkt-300x300.png"},{"@type":"BreadcrumbList","@id":"https:\/\/artsets.cz\/instrukce\/instrukce-pro-tvorbu-stojanku-na-tuzky\/#breadcrumb","itemListElement":[{"@type":"ListItem","position":1,"name":"Dom\u016f","item":"https:\/\/artsets.cz\/en\/"},{"@type":"ListItem","position":2,"name":"Instrukce a n\u00e1vody pro tvorbu s ArtSets sad","item":"https:\/\/artsets.cz\/instrukce\/"},{"@type":"ListItem","position":3,"name":"Instrukce pro tvorbu stoj\u00e1nk\u016f na tu\u017eky"}]},{"@type":"WebSite","@id":"https:\/\/artsets.cz\/#website","url":"https:\/\/artsets.cz\/","name":"Kreativn\u00ed a jedine\u010dn\u00e9 sady \u2013 ArtSets.cz | Perfektn\u00ed d\u00e1rek","description":"Kreativn\u00ed DIY sady \u2013 perfektn\u00ed origin\u00e1ln\u00ed d\u00e1rek! Radost z tvorby s v\u00fdsledkem, kter\u00fd vyu\u017eijete","publisher":{"@id":"https:\/\/artsets.cz\/#organization"},"alternateName":"ArtSets","potentialAction":[{"@type":"SearchAction","target":{"@type":"EntryPoint","urlTemplate":"https:\/\/artsets.cz\/?s={search_term_string}"},"query-input":{"@type":"PropertyValueSpecification","valueRequired":true,"valueName":"search_term_string"}}],"inLanguage":"en-US"},{"@type":"Organization","@id":"https:\/\/artsets.cz\/#organization","name":"ArtSets","url":"https:\/\/artsets.cz\/","logo":{"@type":"ImageObject","inLanguage":"en-US","@id":"https:\/\/artsets.cz\/#\/schema\/logo\/image\/","url":"","contentUrl":"","caption":"ArtSets"},"image":{"@id":"https:\/\/artsets.cz\/#\/schema\/logo\/image\/"},"sameAs":["https:\/\/www.facebook.com\/profile.php?id=61559120043095"]}]}},"_links":{"self":[{"href":"https:\/\/artsets.cz\/en\/wp-json\/wp\/v2\/pages\/10082","targetHints":{"allow":["GET"]}}],"collection":[{"href":"https:\/\/artsets.cz\/en\/wp-json\/wp\/v2\/pages"}],"about":[{"href":"https:\/\/artsets.cz\/en\/wp-json\/wp\/v2\/types\/page"}],"author":[{"embeddable":true,"href":"https:\/\/artsets.cz\/en\/wp-json\/wp\/v2\/users\/1"}],"replies":[{"embeddable":true,"href":"https:\/\/artsets.cz\/en\/wp-json\/wp\/v2\/comments?post=10082"}],"version-history":[{"count":1,"href":"https:\/\/artsets.cz\/en\/wp-json\/wp\/v2\/pages\/10082\/revisions"}],"predecessor-version":[{"id":11508,"href":"https:\/\/artsets.cz\/en\/wp-json\/wp\/v2\/pages\/10082\/revisions\/11508"}],"up":[{"embeddable":true,"href":"https:\/\/artsets.cz\/en\/wp-json\/wp\/v2\/pages\/7866"}],"wp:attachment":[{"href":"https:\/\/artsets.cz\/en\/wp-json\/wp\/v2\/media?parent=10082"}],"curies":[{"name":"wp","href":"https:\/\/api.w.org\/{rel}","templated":true}]}}