{"id":10451,"date":"2025-05-19T21:09:56","date_gmt":"2025-05-19T21:09:56","guid":{"rendered":"https:\/\/artsets.cz\/?page_id=10451"},"modified":"2025-05-22T07:56:32","modified_gmt":"2025-05-22T07:56:32","slug":"zpetna-vazba","status":"publish","type":"page","link":"https:\/\/artsets.cz\/en\/zpetna-vazba\/","title":{"rendered":"Zp\u011btn\u00e1 vazba"},"content":{"rendered":"\t\t<div data-elementor-type=\"wp-page\" data-elementor-id=\"10451\" class=\"elementor elementor-10451\" data-elementor-post-type=\"page\">\n\t\t\t\t<div class=\"elementor-element elementor-element-529d5704 e-flex e-con-boxed e-con e-parent\" data-id=\"529d5704\" data-element_type=\"container\" data-settings=\"{&quot;jet_parallax_layout_list&quot;:[]}\">\n\t\t\t\t\t<div class=\"e-con-inner\">\n\t\t\t\t<div class=\"elementor-element elementor-element-6a878bf elementor-widget elementor-widget-text-editor\" data-id=\"6a878bf\" data-element_type=\"widget\" data-widget_type=\"text-editor.default\">\n\t\t\t\t<div class=\"elementor-widget-container\">\n\t\t\t\t\t\t\t\t\t\n<p><div class='fluentform ff-default fluentform_wrapper_3 ffs_default_wrap'><form data-form_id=\"3\" id=\"fluentform_3\" class=\"frm-fluent-form fluent_form_3 ff-el-form-top ff_form_instance_3_1 ff-form-loading ffs_default\" data-form_instance=\"ff_form_instance_3_1\" method=\"POST\" ><fieldset  style=\"border: none!important;margin: 0!important;padding: 0!important;background-color: transparent!important;box-shadow: none!important;outline: none!important; min-inline-size: 100%;\">\n                    <legend class=\"ff_screen_reader_title\" style=\"display: block; margin: 0!important;padding: 0!important;height: 0!important;text-indent: -999999px;width: 0!important;overflow:hidden;\">Feedback1<\/legend><input type='hidden' name='__fluent_form_embded_post_id' value='10451' \/><input type=\"hidden\" id=\"_fluentform_3_fluentformnonce\" name=\"_fluentform_3_fluentformnonce\" value=\"720907bd5d\" \/><input type=\"hidden\" name=\"_wp_http_referer\" value=\"\/en\/wp-json\/wp\/v2\/pages\/10451\" \/><div class='ff-el-group  ff-custom_html' tabindex='-1' data-name=\"custom_html-3_1\" ><p>Z\u00e1le\u017e\u00ed n\u00e1m na va\u0161\u00ed spokojenosti! Pros\u00edme o chvilku \u010dasu na kr\u00e1tk\u00e9 hodnocen\u00ed \u2013 pom\u016f\u017ee n\u00e1m zlep\u0161ovat na\u0161e sady i celkov\u00fd z\u00e1\u017eitek z tvo\u0159en\u00ed.<\/p><\/div><div class='ff-el-group'><div class=\"ff-el-input--label asterisk-right\"><label for='ff_3_email' id='label_ff_3_email' aria-label=\"E-mail\">E-mail<\/label><\/div><div class='ff-el-input--content'><input type=\"email\" name=\"email\" id=\"ff_3_email\" class=\"ff-el-form-control\" placeholder=\"Va\u0161e e-mailov\u00e1 adresa\" data-name=\"email\"  aria-invalid=\"false\" aria-required=false><\/div><\/div><div class='ff-el-group'><div class=\"ff-el-input--label ff-el-is-required asterisk-right\"><label   aria-label=\"Jak se sada l\u00edbila?\">Jak se sada l\u00edbila?<\/label><\/div><div class='ff-el-input--content'><div class='ff-el-form-check ff-el-form-check-'><label class='ff-el-form-check-label' for='input_radio_2_4005242226a8a9394bcb4ea1aaf42d04'><input  type=\"radio\" name=\"input_radio_2\" data-name=\"input_radio_2\" class=\"ff-el-form-check-input ff-el-form-check-radio\" value=\"Skv\u011bl\u00e9 \u2013 p\u0159inesla radost\"  id='input_radio_2_4005242226a8a9394bcb4ea1aaf42d04' aria-label='Skv\u011bl\u00e9 \u2013 p\u0159inesla radost' aria-invalid='false' aria-required=true> <span>Skv\u011bl\u00e9 \u2013 p\u0159inesla radost<\/span><\/label><\/div><div class='ff-el-form-check ff-el-form-check-'><label class='ff-el-form-check-label' for='input_radio_2_12e6d0f0804aadb4806ee6f05c7a7ec1'><input  type=\"radio\" name=\"input_radio_2\" data-name=\"input_radio_2\" class=\"ff-el-form-check-input ff-el-form-check-radio\" value=\"Dobr\u00e9 \u2013 v\u0161e v po\u0159\u00e1dku\"  id='input_radio_2_12e6d0f0804aadb4806ee6f05c7a7ec1' aria-label='Dobr\u00e9 \u2013 v\u0161e v po\u0159\u00e1dku' aria-invalid='false' aria-required=true> <span>Dobr\u00e9 \u2013 v\u0161e v po\u0159\u00e1dku<\/span><\/label><\/div><div class='ff-el-form-check ff-el-form-check-'><label class='ff-el-form-check-label' for='input_radio_2_8a432d2e31141d42b072e93dfb506545'><input  type=\"radio\" name=\"input_radio_2\" data-name=\"input_radio_2\" class=\"ff-el-form-check-input ff-el-form-check-radio\" value=\"Pr\u016fm\u011brn\u00e9 \u2013 bez v\u011bt\u0161\u00edho nad\u0161en\u00ed\"  id='input_radio_2_8a432d2e31141d42b072e93dfb506545' aria-label='Pr\u016fm\u011brn\u00e9 \u2013 bez v\u011bt\u0161\u00edho nad\u0161en\u00ed' aria-invalid='false' aria-required=true> <span>Pr\u016fm\u011brn\u00e9 \u2013 bez v\u011bt\u0161\u00edho nad\u0161en\u00ed<\/span><\/label><\/div><div class='ff-el-form-check ff-el-form-check-'><label class='ff-el-form-check-label' for='input_radio_2_8b4552a2eb6347f77a05e14b46370943'><input  type=\"radio\" name=\"input_radio_2\" data-name=\"input_radio_2\" class=\"ff-el-form-check-input ff-el-form-check-radio\" value=\"Slab\u00e9 \u2013 nesplnila o\u010dek\u00e1v\u00e1n\u00ed\"  id='input_radio_2_8b4552a2eb6347f77a05e14b46370943' aria-label='Slab\u00e9 \u2013 nesplnila o\u010dek\u00e1v\u00e1n\u00ed' aria-invalid='false' aria-required=true> <span>Slab\u00e9 \u2013 nesplnila o\u010dek\u00e1v\u00e1n\u00ed<\/span><\/label><\/div><\/div><\/div><div class='ff-el-group'><div class=\"ff-el-input--label asterisk-right\"><label   aria-label=\"Jak hodnot\u00edte obsah balen\u00ed?\">Jak hodnot\u00edte obsah balen\u00ed?<\/label><\/div><div class='ff-el-input--content'><div class='ff-el-form-check ff-el-form-check-'><label class='ff-el-form-check-label' for='input_radio_1_990698996a0edd42e49d5134f5014892'><input  type=\"radio\" name=\"input_radio_1\" data-name=\"input_radio_1\" class=\"ff-el-form-check-input ff-el-form-check-radio\" value=\"Odpov\u00eddal o\u010dek\u00e1v\u00e1n\u00ed\"  id='input_radio_1_990698996a0edd42e49d5134f5014892' aria-label='Odpov\u00eddal o\u010dek\u00e1v\u00e1n\u00ed' aria-invalid='false' aria-required=false> <span>Odpov\u00eddal o\u010dek\u00e1v\u00e1n\u00ed<\/span><\/label><\/div><div class='ff-el-form-check ff-el-form-check-'><label class='ff-el-form-check-label' for='input_radio_1_61ff86a54181894f21c1a01bb69120cc'><input  type=\"radio\" name=\"input_radio_1\" data-name=\"input_radio_1\" class=\"ff-el-form-check-input ff-el-form-check-radio\" value=\"N\u011bco nav\u00edc p\u0159ekvapilo\"  id='input_radio_1_61ff86a54181894f21c1a01bb69120cc' aria-label='N\u011bco nav\u00edc p\u0159ekvapilo' aria-invalid='false' aria-required=false> <span>N\u011bco nav\u00edc p\u0159ekvapilo<\/span><\/label><\/div><div class='ff-el-form-check ff-el-form-check-'><label class='ff-el-form-check-label' for='input_radio_1_900417f6f284d99dc562809f0b3741f8'><input  type=\"radio\" name=\"input_radio_1\" data-name=\"input_radio_1\" class=\"ff-el-form-check-input ff-el-form-check-radio\" value=\"N\u011bco chyb\u011blo\"  id='input_radio_1_900417f6f284d99dc562809f0b3741f8' aria-label='N\u011bco chyb\u011blo' aria-invalid='false' aria-required=false> <span>N\u011bco chyb\u011blo<\/span><\/label><\/div><div class='ff-el-form-check ff-el-form-check-'><label class='ff-el-form-check-label' for='input_radio_1_539bcd6c2f136a50c13071812ebcdfc0'><input  type=\"radio\" name=\"input_radio_1\" data-name=\"input_radio_1\" class=\"ff-el-form-check-input ff-el-form-check-radio\" value=\"N\u011b\u010deho bylo m\u00e9n\u011b, ne\u017e by bylo pot\u0159eba\"  id='input_radio_1_539bcd6c2f136a50c13071812ebcdfc0' aria-label='N\u011b\u010deho bylo m\u00e9n\u011b, ne\u017e by bylo pot\u0159eba' aria-invalid='false' aria-required=false> <span>N\u011b\u010deho bylo m\u00e9n\u011b, ne\u017e by bylo pot\u0159eba<\/span><\/label><\/div><\/div><\/div><div class='ff-el-group'><div class=\"ff-el-input--label asterisk-right\"><label   aria-label=\"Jak\u00e1 byla n\u00e1ro\u010dnost tvo\u0159en\u00ed?\">Jak\u00e1 byla n\u00e1ro\u010dnost tvo\u0159en\u00ed?<\/label><\/div><div class='ff-el-input--content'><div class='ff-el-form-check ff-el-form-check-'><label class='ff-el-form-check-label' for='input_radio_3_344522c114a710491befb306d4e732fb'><input  type=\"radio\" name=\"input_radio_3\" data-name=\"input_radio_3\" class=\"ff-el-form-check-input ff-el-form-check-radio\" value=\"Velmi snadn\u00e9 \u2013 v\u0161e \u0161lo hladce\"  id='input_radio_3_344522c114a710491befb306d4e732fb' aria-label='Velmi snadn\u00e9 \u2013 v\u0161e \u0161lo hladce' aria-invalid='false' aria-required=false> <span>Velmi snadn\u00e9 \u2013 v\u0161e \u0161lo hladce<\/span><\/label><\/div><div class='ff-el-form-check ff-el-form-check-'><label class='ff-el-form-check-label' for='input_radio_3_a51a1022cb79ed75cd9edc8ea32c90eb'><input  type=\"radio\" name=\"input_radio_3\" data-name=\"input_radio_3\" class=\"ff-el-form-check-input ff-el-form-check-radio\" value=\"Sp\u00ed\u0161e snadn\u00e9 \u2013 drobn\u00e9 v\u00fdzvy\"  id='input_radio_3_a51a1022cb79ed75cd9edc8ea32c90eb' aria-label='Sp\u00ed\u0161e snadn\u00e9 \u2013 drobn\u00e9 v\u00fdzvy' aria-invalid='false' aria-required=false> <span>Sp\u00ed\u0161e snadn\u00e9 \u2013 drobn\u00e9 v\u00fdzvy<\/span><\/label><\/div><div class='ff-el-form-check ff-el-form-check-'><label class='ff-el-form-check-label' for='input_radio_3_a31d0bb9fcebfe785a203affc418723d'><input  type=\"radio\" name=\"input_radio_3\" data-name=\"input_radio_3\" class=\"ff-el-form-check-input ff-el-form-check-radio\" value=\"Sp\u00ed\u0161e slo\u017eit\u00e9 \u2013 chv\u00edlemi komplikovan\u00e9\"  id='input_radio_3_a31d0bb9fcebfe785a203affc418723d' aria-label='Sp\u00ed\u0161e slo\u017eit\u00e9 \u2013 chv\u00edlemi komplikovan\u00e9' aria-invalid='false' aria-required=false> <span>Sp\u00ed\u0161e slo\u017eit\u00e9 \u2013 chv\u00edlemi komplikovan\u00e9<\/span><\/label><\/div><div class='ff-el-form-check ff-el-form-check-'><label class='ff-el-form-check-label' for='input_radio_3_8c25f46152a16cf5c058813754e74666'><input  type=\"radio\" name=\"input_radio_3\" data-name=\"input_radio_3\" class=\"ff-el-form-check-input ff-el-form-check-radio\" value=\"N\u00e1ro\u010dn\u00e9 \u2013 bylo obt\u00ed\u017en\u00e9 projekt dokon\u010dit\"  id='input_radio_3_8c25f46152a16cf5c058813754e74666' aria-label='N\u00e1ro\u010dn\u00e9 \u2013 bylo obt\u00ed\u017en\u00e9 projekt dokon\u010dit' aria-invalid='false' aria-required=false> <span>N\u00e1ro\u010dn\u00e9 \u2013 bylo obt\u00ed\u017en\u00e9 projekt dokon\u010dit<\/span><\/label><\/div><\/div><\/div><div class='ff-el-group'><div class=\"ff-el-input--label asterisk-right\"><label   aria-label=\"Jak\u00fd je dojem z v\u00fdsledku?\">Jak\u00fd je dojem z v\u00fdsledku?<\/label><\/div><div class='ff-el-input--content'><div class='ff-el-form-check ff-el-form-check-'><label class='ff-el-form-check-label' for='input_radio_4_9e2bbdf9ae11cbc2d98a551bbc8c4e55'><input  type=\"radio\" name=\"input_radio_4\" data-name=\"input_radio_4\" class=\"ff-el-form-check-input ff-el-form-check-radio\" value=\"V\u00fdsledek p\u0159ed\u010dil o\u010dek\u00e1v\u00e1n\u00ed\"  id='input_radio_4_9e2bbdf9ae11cbc2d98a551bbc8c4e55' aria-label='V\u00fdsledek p\u0159ed\u010dil o\u010dek\u00e1v\u00e1n\u00ed' aria-invalid='false' aria-required=false> <span>V\u00fdsledek p\u0159ed\u010dil o\u010dek\u00e1v\u00e1n\u00ed<\/span><\/label><\/div><div class='ff-el-form-check ff-el-form-check-'><label class='ff-el-form-check-label' for='input_radio_4_8ea9a856b84da822974a7eaa62b4d01b'><input  type=\"radio\" name=\"input_radio_4\" data-name=\"input_radio_4\" class=\"ff-el-form-check-input ff-el-form-check-radio\" value=\"V\u00fdsledek odpov\u00edd\u00e1 o\u010dek\u00e1v\u00e1n\u00ed\"  id='input_radio_4_8ea9a856b84da822974a7eaa62b4d01b' aria-label='V\u00fdsledek odpov\u00edd\u00e1 o\u010dek\u00e1v\u00e1n\u00ed' aria-invalid='false' aria-required=false> <span>V\u00fdsledek odpov\u00edd\u00e1 o\u010dek\u00e1v\u00e1n\u00ed<\/span><\/label><\/div><div class='ff-el-form-check ff-el-form-check-'><label class='ff-el-form-check-label' for='input_radio_4_8c082baf56612a554e4e224ada9b4f2d'><input  type=\"radio\" name=\"input_radio_4\" data-name=\"input_radio_4\" class=\"ff-el-form-check-input ff-el-form-check-radio\" value=\"V\u00fdsledek nenadchl\"  id='input_radio_4_8c082baf56612a554e4e224ada9b4f2d' aria-label='V\u00fdsledek nenadchl' aria-invalid='false' aria-required=false> <span>V\u00fdsledek nenadchl<\/span><\/label><\/div><div class='ff-el-form-check ff-el-form-check-'><label class='ff-el-form-check-label' for='input_radio_4_5aa72fb6ac57f82a4f33122af818df6c'><input  type=\"radio\" name=\"input_radio_4\" data-name=\"input_radio_4\" class=\"ff-el-form-check-input ff-el-form-check-radio\" value=\"V\u00fdsledek zklamal\"  id='input_radio_4_5aa72fb6ac57f82a4f33122af818df6c' aria-label='V\u00fdsledek zklamal' aria-invalid='false' aria-required=false> <span>V\u00fdsledek zklamal<\/span><\/label><\/div><\/div><\/div><div class='ff-el-group'><div class=\"ff-el-input--label asterisk-right\"><label for='ff_3_description' id='label_ff_3_description' aria-label=\"Chcete n\u00e1m n\u011bco vzk\u00e1zat nebo sd\u00edlet dal\u0161\u00ed post\u0159ehy?\">Chcete n\u00e1m n\u011bco vzk\u00e1zat nebo sd\u00edlet dal\u0161\u00ed post\u0159ehy?<\/label><\/div><div class='ff-el-input--content'><textarea aria-required=\"false\" aria-labelledby=\"label_ff_3_description\" name=\"description\" id=\"ff_3_description\" class=\"ff-el-form-control\" rows=\"3\" cols=\"2\" data-name=\"description\" ><\/textarea><\/div><\/div><div class='ff-el-group ff-text-left ff_submit_btn_wrapper'><button type=\"submit\" class=\"ff-btn ff-btn-submit ff-btn-md ff_btn_style wpf_has_custom_css\"  aria-label=\"Odeslat zp\u011btnou vazbu\">Odeslat zp\u011btnou vazbu<\/button><\/div><\/fieldset><\/form><div id='fluentform_3_errors' class='ff-errors-in-stack ff_form_instance_3_1 ff-form-loading_errors ff_form_instance_3_1_errors'><\/div><\/div>            <script type=\"text\/javascript\">\n                window.fluent_form_ff_form_instance_3_1 = {\"id\":\"3\",\"settings\":{\"layout\":{\"labelPlacement\":\"top\",\"asteriskPlacement\":\"asterisk-right\",\"helpMessagePlacement\":\"with_label\",\"errorMessagePlacement\":\"inline\",\"cssClassName\":\"\"},\"restrictions\":{\"denyEmptySubmission\":{\"enabled\":false}}},\"form_instance\":\"ff_form_instance_3_1\",\"form_id_selector\":\"fluentform_3\",\"rules\":{\"email\":{\"required\":{\"value\":false,\"message\":\"Toto pole je povinn\\u00e9\",\"global_message\":\"This field is required\",\"global\":false},\"email\":{\"value\":true,\"message\":\"Toto pole mus\\u00ed obsahovat platn\\u00fd e-mail\",\"global_message\":\"This field must contain a valid email\",\"global\":false}},\"input_radio_2\":{\"required\":{\"value\":true,\"message\":\"Toto pole je povinn\\u00e9\",\"global_message\":\"This field is required\",\"global\":false}},\"input_radio_1\":{\"required\":{\"value\":false,\"message\":\"This field is required\",\"global_message\":\"This field is required\",\"global\":true}},\"input_radio_3\":{\"required\":{\"value\":false,\"message\":\"This field is required\",\"global_message\":\"This field is required\",\"global\":true}},\"input_radio_4\":{\"required\":{\"value\":false,\"message\":\"Toto pole je povinn\\u00e9\",\"global_message\":\"This field is required\",\"global\":false}},\"description\":{\"required\":{\"value\":false,\"message\":\"This field is required\",\"global_message\":\"This field is required\",\"global\":true}}},\"debounce_time\":300};\n                            <\/script>\n            <\/p>\n\t\t\t\t\t\t\t\t<\/div>\n\t\t\t\t<\/div>\n\t\t\t\t\t<\/div>\n\t\t\t\t<\/div>\n\t\t<div class=\"elementor-element elementor-element-2dbd856 e-flex e-con-boxed e-con e-parent\" data-id=\"2dbd856\" data-element_type=\"container\" data-settings=\"{&quot;jet_parallax_layout_list&quot;:[]}\">\n\t\t\t\t\t<div class=\"e-con-inner\">\n\t\t\t\t<div class=\"elementor-element elementor-element-26d5f52 elementor-widget elementor-widget-html\" data-id=\"26d5f52\" data-element_type=\"widget\" data-widget_type=\"html.default\">\n\t\t\t\t<div class=\"elementor-widget-container\">\n\t\t\t\t\t<script>\ndocument.addEventListener(\"DOMContentLoaded\", function () {\n  const urlParams = new URLSearchParams(window.location.search);\n  const email = urlParams.get(\"email\");\n  if (email) {\n    const interval = setInterval(() => {\n      const emailInput = document.querySelector(\"input[name='email']\");\n      if (emailInput && emailInput.value === \"\") {\n        emailInput.value = email;\n        clearInterval(interval);\n      }\n    }, 300);\n  }\n});\n<\/script>\t\t\t\t<\/div>\n\t\t\t\t<\/div>\n\t\t\t\t\t<\/div>\n\t\t\t\t<\/div>\n\t\t\t\t<\/div>\n\t\t","protected":false},"excerpt":{"rendered":"","protected":false},"author":1,"featured_media":0,"parent":0,"menu_order":0,"comment_status":"closed","ping_status":"closed","template":"","meta":{"_acf_changed":false,"footnotes":""},"class_list":["post-10451","page","type-page","status-publish","hentry"],"acf":[],"yoast_head":"<!-- This site is optimized with the Yoast SEO plugin v25.3.1 - https:\/\/yoast.com\/wordpress\/plugins\/seo\/ -->\n<title>Zp\u011btn\u00e1 vazba - ArtSets<\/title>\n<meta name=\"description\" content=\"Zp\u011btn\u00e1 vazba\" \/>\n<meta name=\"robots\" content=\"index, nofollow, max-snippet:-1, max-image-preview:large, max-video-preview:-1\" \/>\n<link rel=\"canonical\" href=\"https:\/\/artsets.cz\/zpetna-vazba\/\" \/>\n<meta property=\"og:locale\" content=\"en_US\" \/>\n<meta property=\"og:type\" content=\"article\" \/>\n<meta property=\"og:title\" content=\"Zp\u011btn\u00e1 vazba - ArtSets\" \/>\n<meta property=\"og:description\" content=\"Zp\u011btn\u00e1 vazba\" \/>\n<meta property=\"og:url\" content=\"https:\/\/artsets.cz\/zpetna-vazba\/\" \/>\n<meta property=\"og:site_name\" content=\"ArtSets\" \/>\n<meta property=\"article:publisher\" content=\"https:\/\/www.facebook.com\/profile.php?id=61559120043095\" \/>\n<meta property=\"article:modified_time\" content=\"2025-05-22T07:56:32+00:00\" \/>\n<meta property=\"og:image\" content=\"https:\/\/i0.wp.com\/artsets.cz\/wp-content\/uploads\/2024\/08\/products-on-table.jpeg?fit=2500%2C1666&ssl=1\" \/>\n\t<meta property=\"og:image:width\" content=\"2500\" \/>\n\t<meta property=\"og:image:height\" content=\"1666\" \/>\n\t<meta property=\"og:image:type\" content=\"image\/jpeg\" \/>\n<meta name=\"twitter:card\" content=\"summary_large_image\" \/>\n<meta name=\"twitter:label1\" content=\"Est. reading time\" \/>\n\t<meta name=\"twitter:data1\" content=\"1 minute\" \/>\n<script type=\"application\/ld+json\" class=\"yoast-schema-graph\">{\"@context\":\"https:\/\/schema.org\",\"@graph\":[{\"@type\":\"WebPage\",\"@id\":\"https:\/\/artsets.cz\/zpetna-vazba\/\",\"url\":\"https:\/\/artsets.cz\/zpetna-vazba\/\",\"name\":\"Zp\u011btn\u00e1 vazba - ArtSets\",\"isPartOf\":{\"@id\":\"https:\/\/artsets.cz\/#website\"},\"datePublished\":\"2025-05-19T21:09:56+00:00\",\"dateModified\":\"2025-05-22T07:56:32+00:00\",\"description\":\"Zp\u011btn\u00e1 vazba\",\"breadcrumb\":{\"@id\":\"https:\/\/artsets.cz\/zpetna-vazba\/#breadcrumb\"},\"inLanguage\":\"en-US\",\"potentialAction\":[{\"@type\":\"ReadAction\",\"target\":[\"https:\/\/artsets.cz\/zpetna-vazba\/\"]}]},{\"@type\":\"BreadcrumbList\",\"@id\":\"https:\/\/artsets.cz\/zpetna-vazba\/#breadcrumb\",\"itemListElement\":[{\"@type\":\"ListItem\",\"position\":1,\"name\":\"Dom\u016f\",\"item\":\"https:\/\/artsets.cz\/en\/\"},{\"@type\":\"ListItem\",\"position\":2,\"name\":\"Zp\u011btn\u00e1 vazba\"}]},{\"@type\":\"WebSite\",\"@id\":\"https:\/\/artsets.cz\/#website\",\"url\":\"https:\/\/artsets.cz\/\",\"name\":\"Kreativn\u00ed a jedine\u010dn\u00e9 sady \u2013 ArtSets.cz | Perfektn\u00ed d\u00e1rek\",\"description\":\"Kreativn\u00ed DIY sady \u2013 perfektn\u00ed origin\u00e1ln\u00ed d\u00e1rek! Radost z tvorby s v\u00fdsledkem, kter\u00fd vyu\u017eijete\",\"publisher\":{\"@id\":\"https:\/\/artsets.cz\/#organization\"},\"alternateName\":\"ArtSets\",\"potentialAction\":[{\"@type\":\"SearchAction\",\"target\":{\"@type\":\"EntryPoint\",\"urlTemplate\":\"https:\/\/artsets.cz\/?s={search_term_string}\"},\"query-input\":{\"@type\":\"PropertyValueSpecification\",\"valueRequired\":true,\"valueName\":\"search_term_string\"}}],\"inLanguage\":\"en-US\"},{\"@type\":\"Organization\",\"@id\":\"https:\/\/artsets.cz\/#organization\",\"name\":\"ArtSets\",\"url\":\"https:\/\/artsets.cz\/\",\"logo\":{\"@type\":\"ImageObject\",\"inLanguage\":\"en-US\",\"@id\":\"https:\/\/artsets.cz\/#\/schema\/logo\/image\/\",\"url\":\"\",\"contentUrl\":\"\",\"caption\":\"ArtSets\"},\"image\":{\"@id\":\"https:\/\/artsets.cz\/#\/schema\/logo\/image\/\"},\"sameAs\":[\"https:\/\/www.facebook.com\/profile.php?id=61559120043095\"]}]}<\/script>\n<!-- \/ Yoast SEO plugin. -->","yoast_head_json":{"title":"Zp\u011btn\u00e1 vazba - ArtSets","description":"Zp\u011btn\u00e1 vazba","robots":{"index":"index","follow":"nofollow","max-snippet":"max-snippet:-1","max-image-preview":"max-image-preview:large","max-video-preview":"max-video-preview:-1"},"canonical":"https:\/\/artsets.cz\/zpetna-vazba\/","og_locale":"en_US","og_type":"article","og_title":"Zp\u011btn\u00e1 vazba - ArtSets","og_description":"Zp\u011btn\u00e1 vazba","og_url":"https:\/\/artsets.cz\/zpetna-vazba\/","og_site_name":"ArtSets","article_publisher":"https:\/\/www.facebook.com\/profile.php?id=61559120043095","article_modified_time":"2025-05-22T07:56:32+00:00","og_image":[{"width":2500,"height":1666,"url":"https:\/\/i0.wp.com\/artsets.cz\/wp-content\/uploads\/2024\/08\/products-on-table.jpeg?fit=2500%2C1666&ssl=1","type":"image\/jpeg"}],"twitter_card":"summary_large_image","twitter_misc":{"Est. reading time":"1 minute"},"schema":{"@context":"https:\/\/schema.org","@graph":[{"@type":"WebPage","@id":"https:\/\/artsets.cz\/zpetna-vazba\/","url":"https:\/\/artsets.cz\/zpetna-vazba\/","name":"Zp\u011btn\u00e1 vazba - ArtSets","isPartOf":{"@id":"https:\/\/artsets.cz\/#website"},"datePublished":"2025-05-19T21:09:56+00:00","dateModified":"2025-05-22T07:56:32+00:00","description":"Zp\u011btn\u00e1 vazba","breadcrumb":{"@id":"https:\/\/artsets.cz\/zpetna-vazba\/#breadcrumb"},"inLanguage":"en-US","potentialAction":[{"@type":"ReadAction","target":["https:\/\/artsets.cz\/zpetna-vazba\/"]}]},{"@type":"BreadcrumbList","@id":"https:\/\/artsets.cz\/zpetna-vazba\/#breadcrumb","itemListElement":[{"@type":"ListItem","position":1,"name":"Dom\u016f","item":"https:\/\/artsets.cz\/en\/"},{"@type":"ListItem","position":2,"name":"Zp\u011btn\u00e1 vazba"}]},{"@type":"WebSite","@id":"https:\/\/artsets.cz\/#website","url":"https:\/\/artsets.cz\/","name":"Kreativn\u00ed a jedine\u010dn\u00e9 sady \u2013 ArtSets.cz | Perfektn\u00ed d\u00e1rek","description":"Kreativn\u00ed DIY sady \u2013 perfektn\u00ed origin\u00e1ln\u00ed d\u00e1rek! Radost z tvorby s v\u00fdsledkem, kter\u00fd vyu\u017eijete","publisher":{"@id":"https:\/\/artsets.cz\/#organization"},"alternateName":"ArtSets","potentialAction":[{"@type":"SearchAction","target":{"@type":"EntryPoint","urlTemplate":"https:\/\/artsets.cz\/?s={search_term_string}"},"query-input":{"@type":"PropertyValueSpecification","valueRequired":true,"valueName":"search_term_string"}}],"inLanguage":"en-US"},{"@type":"Organization","@id":"https:\/\/artsets.cz\/#organization","name":"ArtSets","url":"https:\/\/artsets.cz\/","logo":{"@type":"ImageObject","inLanguage":"en-US","@id":"https:\/\/artsets.cz\/#\/schema\/logo\/image\/","url":"","contentUrl":"","caption":"ArtSets"},"image":{"@id":"https:\/\/artsets.cz\/#\/schema\/logo\/image\/"},"sameAs":["https:\/\/www.facebook.com\/profile.php?id=61559120043095"]}]}},"_links":{"self":[{"href":"https:\/\/artsets.cz\/en\/wp-json\/wp\/v2\/pages\/10451","targetHints":{"allow":["GET"]}}],"collection":[{"href":"https:\/\/artsets.cz\/en\/wp-json\/wp\/v2\/pages"}],"about":[{"href":"https:\/\/artsets.cz\/en\/wp-json\/wp\/v2\/types\/page"}],"author":[{"embeddable":true,"href":"https:\/\/artsets.cz\/en\/wp-json\/wp\/v2\/users\/1"}],"replies":[{"embeddable":true,"href":"https:\/\/artsets.cz\/en\/wp-json\/wp\/v2\/comments?post=10451"}],"version-history":[{"count":19,"href":"https:\/\/artsets.cz\/en\/wp-json\/wp\/v2\/pages\/10451\/revisions"}],"predecessor-version":[{"id":10474,"href":"https:\/\/artsets.cz\/en\/wp-json\/wp\/v2\/pages\/10451\/revisions\/10474"}],"wp:attachment":[{"href":"https:\/\/artsets.cz\/en\/wp-json\/wp\/v2\/media?parent=10451"}],"curies":[{"name":"wp","href":"https:\/\/api.w.org\/{rel}","templated":true}]}}