{"id":12047,"date":"2026-02-03T14:39:44","date_gmt":"2026-02-03T14:39:44","guid":{"rendered":"https:\/\/artsets.cz\/?page_id=12047"},"modified":"2026-02-24T08:02:44","modified_gmt":"2026-02-24T08:02:44","slug":"instrukce-pro-tvorbu-zrcadla","status":"publish","type":"page","link":"https:\/\/artsets.cz\/en\/instrukce\/instrukce-pro-tvorbu-zrcadla\/","title":{"rendered":"Instrukce pro tvorbu zrcadla"},"content":{"rendered":"\t\t<div data-elementor-type=\"wp-page\" data-elementor-id=\"12047\" class=\"elementor elementor-12047\" data-elementor-post-type=\"page\">\n\t\t\t\t<div class=\"elementor-element elementor-element-6092ce1 e-flex e-con-boxed e-con e-parent\" data-id=\"6092ce1\" data-element_type=\"container\" data-settings=\"{&quot;jet_parallax_layout_list&quot;:[]}\">\n\t\t\t\t\t<div class=\"e-con-inner\">\n\t\t\t\t<div class=\"elementor-element elementor-element-c377b5e elementor-widget elementor-widget-text-editor\" data-id=\"c377b5e\" data-element_type=\"widget\" data-widget_type=\"text-editor.default\">\n\t\t\t\t<div class=\"elementor-widget-container\">\n\t\t\t\t\t\t\t\t\t<h3 data-path-to-node=\"3\">V\u00edtejte u n\u00e1vodu pro va\u0161e origin\u00e1ln\u00ed zrc\u00e1tko!<\/h3><p data-path-to-node=\"3\">Ahoj! S t\u00edmto n\u00e1vodem si snadno sestav\u00edte a ozdob\u00edte sv\u00e9 vlastn\u00ed zrc\u00e1tko od <b data-path-to-node=\"3\" data-index-in-node=\"76\">ArtSets<\/b>. V sad\u011b najdete v\u0161e pot\u0159ebn\u00e9 \u2013 od konstrukce a\u017e po dekorace.<\/p><p data-path-to-node=\"4\">Postupujte podle krok\u016f n\u00ed\u017ee nebo se pod\u00edvejte na n\u00e1\u0161 <b data-path-to-node=\"4\" data-index-in-node=\"53\">video n\u00e1vod<\/b>, kde uvid\u00edte cel\u00fd proces v akci.<\/p><p data-path-to-node=\"5\"><b data-path-to-node=\"5\" data-index-in-node=\"0\">U\u017eijte si tvo\u0159en\u00ed a vytvo\u0159te si zrcadlo, do kter\u00e9ho se budete d\u00edvat s radost\u00ed! \ud83c\udf89<\/b><\/p>\t\t\t\t\t\t\t\t<\/div>\n\t\t\t\t<\/div>\n\t\t\t\t\t<\/div>\n\t\t\t\t<\/div>\n\t\t<div class=\"elementor-element elementor-element-15fd6b6 e-flex e-con-boxed e-con e-parent\" data-id=\"15fd6b6\" data-element_type=\"container\" data-settings=\"{&quot;jet_parallax_layout_list&quot;:[]}\">\n\t\t\t\t\t<div class=\"e-con-inner\">\n\t\t\t\t<div class=\"elementor-element elementor-element-8ed0c05 elementor-widget elementor-widget-image\" data-id=\"8ed0c05\" data-element_type=\"widget\" data-widget_type=\"image.default\">\n\t\t\t\t<div class=\"elementor-widget-container\">\n\t\t\t\t\t\t\t\t\t\t\t\t\t\t\t<img fetchpriority=\"high\" decoding=\"async\" width=\"724\" height=\"1024\" src=\"https:\/\/i0.wp.com\/artsets.cz\/wp-content\/uploads\/2026\/02\/MC-CZ-1.png?fit=724%2C1024&amp;ssl=1\" class=\"attachment-large size-large wp-image-12055\" alt=\"\" srcset=\"https:\/\/i0.wp.com\/artsets.cz\/wp-content\/uploads\/2026\/02\/MC-CZ-1.png?w=1414&amp;ssl=1 1414w, https:\/\/i0.wp.com\/artsets.cz\/wp-content\/uploads\/2026\/02\/MC-CZ-1.png?resize=212%2C300&amp;ssl=1 212w, https:\/\/i0.wp.com\/artsets.cz\/wp-content\/uploads\/2026\/02\/MC-CZ-1.png?resize=724%2C1024&amp;ssl=1 724w, https:\/\/i0.wp.com\/artsets.cz\/wp-content\/uploads\/2026\/02\/MC-CZ-1.png?resize=768%2C1086&amp;ssl=1 768w, https:\/\/i0.wp.com\/artsets.cz\/wp-content\/uploads\/2026\/02\/MC-CZ-1.png?resize=1086%2C1536&amp;ssl=1 1086w, https:\/\/i0.wp.com\/artsets.cz\/wp-content\/uploads\/2026\/02\/MC-CZ-1.png?resize=651%2C921&amp;ssl=1 651w, https:\/\/i0.wp.com\/artsets.cz\/wp-content\/uploads\/2026\/02\/MC-CZ-1.png?resize=1320%2C1867&amp;ssl=1 1320w, https:\/\/i0.wp.com\/artsets.cz\/wp-content\/uploads\/2026\/02\/MC-CZ-1.png?resize=600%2C849&amp;ssl=1 600w\" sizes=\"(max-width: 724px) 100vw, 724px\" \/>\t\t\t\t\t\t\t\t\t\t\t\t\t\t\t<\/div>\n\t\t\t\t<\/div>\n\t\t\t\t<div class=\"elementor-element elementor-element-47f07ee elementor-widget elementor-widget-image\" data-id=\"47f07ee\" data-element_type=\"widget\" data-widget_type=\"image.default\">\n\t\t\t\t<div class=\"elementor-widget-container\">\n\t\t\t\t\t\t\t\t\t\t\t\t\t\t\t<img decoding=\"async\" width=\"724\" height=\"1024\" src=\"https:\/\/i0.wp.com\/artsets.cz\/wp-content\/uploads\/2026\/02\/Instrukce-zrcadlo-2.png?fit=724%2C1024&amp;ssl=1\" class=\"attachment-large size-large wp-image-12146\" alt=\"\" srcset=\"https:\/\/i0.wp.com\/artsets.cz\/wp-content\/uploads\/2026\/02\/Instrukce-zrcadlo-2.png?w=1414&amp;ssl=1 1414w, https:\/\/i0.wp.com\/artsets.cz\/wp-content\/uploads\/2026\/02\/Instrukce-zrcadlo-2.png?resize=212%2C300&amp;ssl=1 212w, https:\/\/i0.wp.com\/artsets.cz\/wp-content\/uploads\/2026\/02\/Instrukce-zrcadlo-2.png?resize=724%2C1024&amp;ssl=1 724w, https:\/\/i0.wp.com\/artsets.cz\/wp-content\/uploads\/2026\/02\/Instrukce-zrcadlo-2.png?resize=768%2C1086&amp;ssl=1 768w, https:\/\/i0.wp.com\/artsets.cz\/wp-content\/uploads\/2026\/02\/Instrukce-zrcadlo-2.png?resize=1086%2C1536&amp;ssl=1 1086w, https:\/\/i0.wp.com\/artsets.cz\/wp-content\/uploads\/2026\/02\/Instrukce-zrcadlo-2.png?resize=651%2C921&amp;ssl=1 651w, https:\/\/i0.wp.com\/artsets.cz\/wp-content\/uploads\/2026\/02\/Instrukce-zrcadlo-2.png?resize=1320%2C1867&amp;ssl=1 1320w, https:\/\/i0.wp.com\/artsets.cz\/wp-content\/uploads\/2026\/02\/Instrukce-zrcadlo-2.png?resize=600%2C849&amp;ssl=1 600w\" sizes=\"(max-width: 724px) 100vw, 724px\" \/>\t\t\t\t\t\t\t\t\t\t\t\t\t\t\t<\/div>\n\t\t\t\t<\/div>\n\t\t\t\t\t<\/div>\n\t\t\t\t<\/div>\n\t\t\t\t<\/div>\n\t\t","protected":false},"excerpt":{"rendered":"<p>V\u00edtejte u n\u00e1vodu pro va\u0161e origin\u00e1ln\u00ed zrc\u00e1tko! Ahoj! S t\u00edmto n\u00e1vodem si snadno sestav\u00edte a ozdob\u00edte sv\u00e9 vlastn\u00ed zrc\u00e1tko od ArtSets. V sad\u011b najdete v\u0161e pot\u0159ebn\u00e9 \u2013 od konstrukce a\u017e po dekorace. Postupujte podle krok\u016f n\u00ed\u017ee nebo se pod\u00edvejte na n\u00e1\u0161 video n\u00e1vod, kde uvid\u00edte cel\u00fd proces v akci. U\u017eijte si tvo\u0159en\u00ed a vytvo\u0159te si [&hellip;]<\/p>\n","protected":false},"author":1,"featured_media":0,"parent":7866,"menu_order":0,"comment_status":"closed","ping_status":"closed","template":"","meta":{"_acf_changed":false,"footnotes":""},"class_list":["post-12047","page","type-page","status-publish","hentry"],"acf":[],"yoast_head":"<!-- This site is optimized with the Yoast SEO plugin v25.3.1 - https:\/\/yoast.com\/wordpress\/plugins\/seo\/ -->\n<title>Instrukce pro tvorbu zrcadla - ArtSets<\/title>\n<meta name=\"robots\" content=\"index, follow, max-snippet:-1, max-image-preview:large, max-video-preview:-1\" \/>\n<link rel=\"canonical\" href=\"https:\/\/artsets.cz\/instrukce\/instrukce-pro-tvorbu-zrcadla\/\" \/>\n<meta property=\"og:locale\" content=\"en_US\" \/>\n<meta property=\"og:type\" content=\"article\" \/>\n<meta property=\"og:title\" content=\"Instrukce pro tvorbu zrcadla - ArtSets\" \/>\n<meta property=\"og:description\" content=\"V\u00edtejte u n\u00e1vodu pro va\u0161e origin\u00e1ln\u00ed zrc\u00e1tko! Ahoj! S t\u00edmto n\u00e1vodem si snadno sestav\u00edte a ozdob\u00edte sv\u00e9 vlastn\u00ed zrc\u00e1tko od ArtSets. V sad\u011b najdete v\u0161e pot\u0159ebn\u00e9 \u2013 od konstrukce a\u017e po dekorace. Postupujte podle krok\u016f n\u00ed\u017ee nebo se pod\u00edvejte na n\u00e1\u0161 video n\u00e1vod, kde uvid\u00edte cel\u00fd proces v akci. U\u017eijte si tvo\u0159en\u00ed a vytvo\u0159te si [&hellip;]\" \/>\n<meta property=\"og:url\" content=\"https:\/\/artsets.cz\/instrukce\/instrukce-pro-tvorbu-zrcadla\/\" \/>\n<meta property=\"og:site_name\" content=\"ArtSets\" \/>\n<meta property=\"article:publisher\" content=\"https:\/\/www.facebook.com\/profile.php?id=61559120043095\" \/>\n<meta property=\"article:modified_time\" content=\"2026-02-24T08:02:44+00:00\" \/>\n<meta property=\"og:image\" content=\"https:\/\/artsets.cz\/wp-content\/uploads\/2026\/02\/MC-CZ-1-724x1024.png\" \/>\n<meta name=\"twitter:card\" content=\"summary_large_image\" \/>\n<meta name=\"twitter:label1\" content=\"Est. reading time\" \/>\n\t<meta name=\"twitter:data1\" content=\"1 minute\" \/>\n<script type=\"application\/ld+json\" class=\"yoast-schema-graph\">{\"@context\":\"https:\/\/schema.org\",\"@graph\":[{\"@type\":\"WebPage\",\"@id\":\"https:\/\/artsets.cz\/instrukce\/instrukce-pro-tvorbu-zrcadla\/\",\"url\":\"https:\/\/artsets.cz\/instrukce\/instrukce-pro-tvorbu-zrcadla\/\",\"name\":\"Instrukce pro tvorbu zrcadla - ArtSets\",\"isPartOf\":{\"@id\":\"https:\/\/artsets.cz\/#website\"},\"primaryImageOfPage\":{\"@id\":\"https:\/\/artsets.cz\/instrukce\/instrukce-pro-tvorbu-zrcadla\/#primaryimage\"},\"image\":{\"@id\":\"https:\/\/artsets.cz\/instrukce\/instrukce-pro-tvorbu-zrcadla\/#primaryimage\"},\"thumbnailUrl\":\"https:\/\/artsets.cz\/wp-content\/uploads\/2026\/02\/MC-CZ-1-724x1024.png\",\"datePublished\":\"2026-02-03T14:39:44+00:00\",\"dateModified\":\"2026-02-24T08:02:44+00:00\",\"breadcrumb\":{\"@id\":\"https:\/\/artsets.cz\/instrukce\/instrukce-pro-tvorbu-zrcadla\/#breadcrumb\"},\"inLanguage\":\"en-US\",\"potentialAction\":[{\"@type\":\"ReadAction\",\"target\":[\"https:\/\/artsets.cz\/instrukce\/instrukce-pro-tvorbu-zrcadla\/\"]}]},{\"@type\":\"ImageObject\",\"inLanguage\":\"en-US\",\"@id\":\"https:\/\/artsets.cz\/instrukce\/instrukce-pro-tvorbu-zrcadla\/#primaryimage\",\"url\":\"https:\/\/artsets.cz\/wp-content\/uploads\/2026\/02\/MC-CZ-1-724x1024.png\",\"contentUrl\":\"https:\/\/artsets.cz\/wp-content\/uploads\/2026\/02\/MC-CZ-1-724x1024.png\"},{\"@type\":\"BreadcrumbList\",\"@id\":\"https:\/\/artsets.cz\/instrukce\/instrukce-pro-tvorbu-zrcadla\/#breadcrumb\",\"itemListElement\":[{\"@type\":\"ListItem\",\"position\":1,\"name\":\"Dom\u016f\",\"item\":\"https:\/\/artsets.cz\/en\/\"},{\"@type\":\"ListItem\",\"position\":2,\"name\":\"Instrukce a n\u00e1vody pro tvorbu s ArtSets sad\",\"item\":\"https:\/\/artsets.cz\/instrukce\/\"},{\"@type\":\"ListItem\",\"position\":3,\"name\":\"Instrukce pro tvorbu zrcadla\"}]},{\"@type\":\"WebSite\",\"@id\":\"https:\/\/artsets.cz\/#website\",\"url\":\"https:\/\/artsets.cz\/\",\"name\":\"Kreativn\u00ed a jedine\u010dn\u00e9 sady \u2013 ArtSets.cz | Perfektn\u00ed d\u00e1rek\",\"description\":\"Kreativn\u00ed DIY sady \u2013 perfektn\u00ed origin\u00e1ln\u00ed d\u00e1rek! Radost z tvorby s v\u00fdsledkem, kter\u00fd vyu\u017eijete\",\"publisher\":{\"@id\":\"https:\/\/artsets.cz\/#organization\"},\"alternateName\":\"ArtSets\",\"potentialAction\":[{\"@type\":\"SearchAction\",\"target\":{\"@type\":\"EntryPoint\",\"urlTemplate\":\"https:\/\/artsets.cz\/?s={search_term_string}\"},\"query-input\":{\"@type\":\"PropertyValueSpecification\",\"valueRequired\":true,\"valueName\":\"search_term_string\"}}],\"inLanguage\":\"en-US\"},{\"@type\":\"Organization\",\"@id\":\"https:\/\/artsets.cz\/#organization\",\"name\":\"ArtSets\",\"url\":\"https:\/\/artsets.cz\/\",\"logo\":{\"@type\":\"ImageObject\",\"inLanguage\":\"en-US\",\"@id\":\"https:\/\/artsets.cz\/#\/schema\/logo\/image\/\",\"url\":\"\",\"contentUrl\":\"\",\"caption\":\"ArtSets\"},\"image\":{\"@id\":\"https:\/\/artsets.cz\/#\/schema\/logo\/image\/\"},\"sameAs\":[\"https:\/\/www.facebook.com\/profile.php?id=61559120043095\"]}]}<\/script>\n<!-- \/ Yoast SEO plugin. -->","yoast_head_json":{"title":"Instrukce pro tvorbu zrcadla - ArtSets","robots":{"index":"index","follow":"follow","max-snippet":"max-snippet:-1","max-image-preview":"max-image-preview:large","max-video-preview":"max-video-preview:-1"},"canonical":"https:\/\/artsets.cz\/instrukce\/instrukce-pro-tvorbu-zrcadla\/","og_locale":"en_US","og_type":"article","og_title":"Instrukce pro tvorbu zrcadla - ArtSets","og_description":"V\u00edtejte u n\u00e1vodu pro va\u0161e origin\u00e1ln\u00ed zrc\u00e1tko! Ahoj! S t\u00edmto n\u00e1vodem si snadno sestav\u00edte a ozdob\u00edte sv\u00e9 vlastn\u00ed zrc\u00e1tko od ArtSets. V sad\u011b najdete v\u0161e pot\u0159ebn\u00e9 \u2013 od konstrukce a\u017e po dekorace. Postupujte podle krok\u016f n\u00ed\u017ee nebo se pod\u00edvejte na n\u00e1\u0161 video n\u00e1vod, kde uvid\u00edte cel\u00fd proces v akci. U\u017eijte si tvo\u0159en\u00ed a vytvo\u0159te si [&hellip;]","og_url":"https:\/\/artsets.cz\/instrukce\/instrukce-pro-tvorbu-zrcadla\/","og_site_name":"ArtSets","article_publisher":"https:\/\/www.facebook.com\/profile.php?id=61559120043095","article_modified_time":"2026-02-24T08:02:44+00:00","og_image":[{"url":"https:\/\/artsets.cz\/wp-content\/uploads\/2026\/02\/MC-CZ-1-724x1024.png","type":"","width":"","height":""}],"twitter_card":"summary_large_image","twitter_misc":{"Est. reading time":"1 minute"},"schema":{"@context":"https:\/\/schema.org","@graph":[{"@type":"WebPage","@id":"https:\/\/artsets.cz\/instrukce\/instrukce-pro-tvorbu-zrcadla\/","url":"https:\/\/artsets.cz\/instrukce\/instrukce-pro-tvorbu-zrcadla\/","name":"Instrukce pro tvorbu zrcadla - ArtSets","isPartOf":{"@id":"https:\/\/artsets.cz\/#website"},"primaryImageOfPage":{"@id":"https:\/\/artsets.cz\/instrukce\/instrukce-pro-tvorbu-zrcadla\/#primaryimage"},"image":{"@id":"https:\/\/artsets.cz\/instrukce\/instrukce-pro-tvorbu-zrcadla\/#primaryimage"},"thumbnailUrl":"https:\/\/artsets.cz\/wp-content\/uploads\/2026\/02\/MC-CZ-1-724x1024.png","datePublished":"2026-02-03T14:39:44+00:00","dateModified":"2026-02-24T08:02:44+00:00","breadcrumb":{"@id":"https:\/\/artsets.cz\/instrukce\/instrukce-pro-tvorbu-zrcadla\/#breadcrumb"},"inLanguage":"en-US","potentialAction":[{"@type":"ReadAction","target":["https:\/\/artsets.cz\/instrukce\/instrukce-pro-tvorbu-zrcadla\/"]}]},{"@type":"ImageObject","inLanguage":"en-US","@id":"https:\/\/artsets.cz\/instrukce\/instrukce-pro-tvorbu-zrcadla\/#primaryimage","url":"https:\/\/artsets.cz\/wp-content\/uploads\/2026\/02\/MC-CZ-1-724x1024.png","contentUrl":"https:\/\/artsets.cz\/wp-content\/uploads\/2026\/02\/MC-CZ-1-724x1024.png"},{"@type":"BreadcrumbList","@id":"https:\/\/artsets.cz\/instrukce\/instrukce-pro-tvorbu-zrcadla\/#breadcrumb","itemListElement":[{"@type":"ListItem","position":1,"name":"Dom\u016f","item":"https:\/\/artsets.cz\/en\/"},{"@type":"ListItem","position":2,"name":"Instrukce a n\u00e1vody pro tvorbu s ArtSets sad","item":"https:\/\/artsets.cz\/instrukce\/"},{"@type":"ListItem","position":3,"name":"Instrukce pro tvorbu zrcadla"}]},{"@type":"WebSite","@id":"https:\/\/artsets.cz\/#website","url":"https:\/\/artsets.cz\/","name":"Kreativn\u00ed a jedine\u010dn\u00e9 sady \u2013 ArtSets.cz | Perfektn\u00ed d\u00e1rek","description":"Kreativn\u00ed DIY sady \u2013 perfektn\u00ed origin\u00e1ln\u00ed d\u00e1rek! Radost z tvorby s v\u00fdsledkem, kter\u00fd vyu\u017eijete","publisher":{"@id":"https:\/\/artsets.cz\/#organization"},"alternateName":"ArtSets","potentialAction":[{"@type":"SearchAction","target":{"@type":"EntryPoint","urlTemplate":"https:\/\/artsets.cz\/?s={search_term_string}"},"query-input":{"@type":"PropertyValueSpecification","valueRequired":true,"valueName":"search_term_string"}}],"inLanguage":"en-US"},{"@type":"Organization","@id":"https:\/\/artsets.cz\/#organization","name":"ArtSets","url":"https:\/\/artsets.cz\/","logo":{"@type":"ImageObject","inLanguage":"en-US","@id":"https:\/\/artsets.cz\/#\/schema\/logo\/image\/","url":"","contentUrl":"","caption":"ArtSets"},"image":{"@id":"https:\/\/artsets.cz\/#\/schema\/logo\/image\/"},"sameAs":["https:\/\/www.facebook.com\/profile.php?id=61559120043095"]}]}},"_links":{"self":[{"href":"https:\/\/artsets.cz\/en\/wp-json\/wp\/v2\/pages\/12047","targetHints":{"allow":["GET"]}}],"collection":[{"href":"https:\/\/artsets.cz\/en\/wp-json\/wp\/v2\/pages"}],"about":[{"href":"https:\/\/artsets.cz\/en\/wp-json\/wp\/v2\/types\/page"}],"author":[{"embeddable":true,"href":"https:\/\/artsets.cz\/en\/wp-json\/wp\/v2\/users\/1"}],"replies":[{"embeddable":true,"href":"https:\/\/artsets.cz\/en\/wp-json\/wp\/v2\/comments?post=12047"}],"version-history":[{"count":3,"href":"https:\/\/artsets.cz\/en\/wp-json\/wp\/v2\/pages\/12047\/revisions"}],"predecessor-version":[{"id":12149,"href":"https:\/\/artsets.cz\/en\/wp-json\/wp\/v2\/pages\/12047\/revisions\/12149"}],"up":[{"embeddable":true,"href":"https:\/\/artsets.cz\/en\/wp-json\/wp\/v2\/pages\/7866"}],"wp:attachment":[{"href":"https:\/\/artsets.cz\/en\/wp-json\/wp\/v2\/media?parent=12047"}],"curies":[{"name":"wp","href":"https:\/\/api.w.org\/{rel}","templated":true}]}}