{"id":7,"date":"2018-11-28T15:52:26","date_gmt":"2018-11-28T15:52:26","guid":{"rendered":"https:\/\/ld-wp73.template-help.com\/woostroid2\/skins\/furniture\/?page_id=7"},"modified":"2025-10-04T21:47:53","modified_gmt":"2025-10-04T21:47:53","slug":"blog","status":"publish","type":"page","link":"https:\/\/artsets.cz\/en\/blog\/","title":{"rendered":"Blog"},"content":{"rendered":"\t\t<div data-elementor-type=\"wp-page\" data-elementor-id=\"7\" class=\"elementor elementor-7\" data-elementor-post-type=\"page\">\n\t\t\t\t<div class=\"elementor-element elementor-element-41ca73c e-flex e-con-boxed e-con e-parent\" data-id=\"41ca73c\" data-element_type=\"container\" data-settings=\"{&quot;jet_parallax_layout_list&quot;:[]}\">\n\t\t\t\t\t<div class=\"e-con-inner\">\n\t\t\t\t<div class=\"elementor-element elementor-element-0ba4e64 elementor-widget elementor-widget-heading\" data-id=\"0ba4e64\" data-element_type=\"widget\" data-widget_type=\"heading.default\">\n\t\t\t\t<div class=\"elementor-widget-container\">\n\t\t\t\t\t<h2 class=\"elementor-heading-title elementor-size-default\">Objevte sv\u011bt kreativn\u00edch DIY projekt\u016f a origin\u00e1ln\u00edch d\u00e1rk\u016f!<\/h2>\t\t\t\t<\/div>\n\t\t\t\t<\/div>\n\t\t\t\t\t<\/div>\n\t\t\t\t<\/div>\n\t\t<div class=\"elementor-element elementor-element-e51b5bb e-con-full e-flex e-con e-parent\" data-id=\"e51b5bb\" data-element_type=\"container\" data-settings=\"{&quot;jet_parallax_layout_list&quot;:[]}\">\n\t\t\t\t<div class=\"elementor-element elementor-element-d22acdb elementor-cta--valign-middle elementor-widget__width-inherit elementor-cta--skin-classic elementor-animated-content elementor-bg-transform elementor-bg-transform-zoom-in elementor-widget elementor-widget-call-to-action\" data-id=\"d22acdb\" data-element_type=\"widget\" data-widget_type=\"call-to-action.default\">\n\t\t\t\t<div class=\"elementor-widget-container\">\n\t\t\t\t\t\t\t<a class=\"elementor-cta\" href=\"\/blog\/kreativni-sady\/\">\n\t\t\t\t\t<div class=\"elementor-cta__bg-wrapper\">\n\t\t\t\t<div class=\"elementor-cta__bg elementor-bg\" style=\"background-image: url(https:\/\/i0.wp.com\/artsets.cz\/wp-content\/uploads\/2025\/03\/kreativni-sady-tvoreni.jpg?fit=500%2C300&#038;ssl=1);\" role=\"img\" aria-label=\"D\u00edvka tvo\u0159\u00ed s kreativn\u00ed sadou \u2013 ide\u00e1ln\u00ed pro d\u011bti a teenagery\"><\/div>\n\t\t\t\t<div class=\"elementor-cta__bg-overlay\"><\/div>\n\t\t\t<\/div>\n\t\t\t\t\t\t\t<div class=\"elementor-cta__content\">\n\t\t\t\t\n\t\t\t\t\t\t\t\t\t<h2 class=\"elementor-cta__title elementor-cta__content-item elementor-content-item\">\n\t\t\t\t\t\tKreativn\u00ed sady\t\t\t\t\t<\/h2>\n\t\t\t\t\n\t\t\t\t\t\t\t\t\t<div class=\"elementor-cta__description elementor-cta__content-item elementor-content-item\">\n\t\t\t\t\t\tPodpora tvo\u0159ivosti a radosti z vlastn\u00edch v\u00fdrobk\u016f\t\t\t\t\t<\/div>\n\t\t\t\t\n\t\t\t\t\t\t\t\t\t<div class=\"elementor-cta__button-wrapper elementor-cta__content-item elementor-content-item \">\n\t\t\t\t\t<span class=\"elementor-cta__button elementor-button elementor-size-\">\n\t\t\t\t\t\tObjevte \u010dl\u00e1nek\t\t\t\t\t<\/span>\n\t\t\t\t\t<\/div>\n\t\t\t\t\t\t\t<\/div>\n\t\t\t\t\t\t<\/a>\n\t\t\t\t\t\t<\/div>\n\t\t\t\t<\/div>\n\t\t\t\t<div class=\"elementor-element elementor-element-d49353f elementor-cta--valign-middle elementor-widget__width-inherit elementor-cta--skin-classic elementor-animated-content elementor-bg-transform elementor-bg-transform-zoom-in elementor-widget elementor-widget-call-to-action\" data-id=\"d49353f\" data-element_type=\"widget\" data-widget_type=\"call-to-action.default\">\n\t\t\t\t<div class=\"elementor-widget-container\">\n\t\t\t\t\t\t\t<a class=\"elementor-cta\" href=\"\/blog\/originalni-darecky\/\">\n\t\t\t\t\t<div class=\"elementor-cta__bg-wrapper\">\n\t\t\t\t<div class=\"elementor-cta__bg elementor-bg\" style=\"background-image: url(https:\/\/i0.wp.com\/artsets.cz\/wp-content\/uploads\/2025\/03\/originalni-darecek-kreativni-sada.jpg?fit=500%2C400&#038;ssl=1);\" role=\"img\" aria-label=\"Hol\u010di\u010dka dost\u00e1v\u00e1 kreativn\u00ed DIY sadu jako origin\u00e1ln\u00ed d\u00e1re\u010dek\"><\/div>\n\t\t\t\t<div class=\"elementor-cta__bg-overlay\"><\/div>\n\t\t\t<\/div>\n\t\t\t\t\t\t\t<div class=\"elementor-cta__content\">\n\t\t\t\t\n\t\t\t\t\t\t\t\t\t<h2 class=\"elementor-cta__title elementor-cta__content-item elementor-content-item\">\n\t\t\t\t\t\tOrigin\u00e1ln\u00ed d\u00e1re\u010dky\t\t\t\t\t<\/h2>\n\t\t\t\t\n\t\t\t\t\t\t\t\t\t<div class=\"elementor-cta__description elementor-cta__content-item elementor-content-item\">\n\t\t\t\t\t\tObjevte kouzlo origin\u00e1ln\u00edch d\u00e1rk\u016f s kreativn\u00edm a osobn\u00edm dotekem!\t\t\t\t\t<\/div>\n\t\t\t\t\n\t\t\t\t\t\t\t\t\t<div class=\"elementor-cta__button-wrapper elementor-cta__content-item elementor-content-item \">\n\t\t\t\t\t<span class=\"elementor-cta__button elementor-button elementor-size-\">\n\t\t\t\t\t\tObjevte \u010dl\u00e1nek\t\t\t\t\t<\/span>\n\t\t\t\t\t<\/div>\n\t\t\t\t\t\t\t<\/div>\n\t\t\t\t\t\t<\/a>\n\t\t\t\t\t\t<\/div>\n\t\t\t\t<\/div>\n\t\t\t\t<\/div>\n\t\t<div class=\"elementor-element elementor-element-0909383 e-flex e-con-boxed e-con e-parent\" data-id=\"0909383\" data-element_type=\"container\" data-settings=\"{&quot;jet_parallax_layout_list&quot;:[]}\">\n\t\t\t\t\t<div class=\"e-con-inner\">\n\t\t\t\t<div class=\"elementor-element elementor-element-a3246ee elementor-widget elementor-widget-html\" data-id=\"a3246ee\" data-element_type=\"widget\" data-widget_type=\"html.default\">\n\t\t\t\t<div class=\"elementor-widget-container\">\n\t\t\t\t\t<script type=\"application\/ld+json\">\n{\n  \"@context\": \"https:\/\/schema.org\",\n  \"@type\": \"CollectionPage\",\n  \"url\": \"https:\/\/artsets.cz\/blog\/\",\n  \"name\": \"Blog\",\n  \"description\": \"Objevte sv\u011bt kreativity! Inspirujte se DIY projekty, kreativn\u00edmi sadami a origin\u00e1ln\u00edmi d\u00e1re\u010dky. Najd\u011bte n\u00e1pady pro tvo\u0159en\u00ed a jedine\u010dn\u00e9 d\u00e1rky.\",\n  \"datePublished\": \"2024-03-05\",\n  \"dateModified\": \"2024-03-05\",\n  \"publisher\": {\n    \"@type\": \"Organization\",\n    \"name\": \"ArtSets.cz\",\n    \"logo\": {\n      \"@type\": \"ImageObject\",\n      \"url\": \"https:\/\/artsets.cz\/wp-content\/uploads\/2024\/11\/1-e1730743347314.png\"\n    }\n  },\n  \"hasPart\": {\n    \"@type\": \"ItemList\",\n    \"name\": \"Seznam \u010dl\u00e1nk\u016f\",\n    \"itemListElement\": [\n      {\n        \"@type\": \"BlogPosting\",\n        \"headline\": \"Kreativn\u00ed sady \u2013 podpo\u0159te tvo\u0159ivost a originalitu!\",\n        \"url\": \"https:\/\/artsets.cz\/blog\/kreativni-sady\/\",\n        \"datePublished\": \"2024-03-05\",\n        \"dateModified\": \"2024-03-05\",\n        \"description\": \"Objevte kreativn\u00ed sady pro d\u011bti i dosp\u011bl\u00e9! Podpo\u0159te kreativitu, tvo\u0159en\u00ed a radost z vlastn\u00edho designu s na\u0161imi unik\u00e1tn\u00edmi DIY sadami.\",\n        \"image\": \"https:\/\/artsets.cz\/wp-content\/uploads\/2025\/03\/jake-kreativni-sady-existuji.png\",\n        \"author\": {\n          \"@type\": \"Organization\",\n          \"name\": \"ArtSets.cz\"\n        }\n      },\n      {\n        \"@type\": \"BlogPosting\",\n        \"headline\": \"Origin\u00e1ln\u00ed d\u00e1re\u010dky \u2013 vytvo\u0159te dar s osobn\u00edm dotekem!\",\n        \"url\": \"https:\/\/artsets.cz\/blog\/originalni-darecky\/\",\n        \"datePublished\": \"2024-03-05\",\n        \"dateModified\": \"2024-03-05\",\n        \"description\": \"Hled\u00e1te origin\u00e1ln\u00ed d\u00e1re\u010dky? Kreativn\u00ed sady jsou perfektn\u00ed volbou! Vytvo\u0159te jedine\u010dn\u00fd d\u00e1rek ru\u010dn\u011b a p\u0159idejte mu osobn\u00ed kouzlo.\",\n        \"image\": \"https:\/\/artsets.cz\/wp-content\/uploads\/2025\/03\/originalni-darecek-kreativni-sada.jpg\",\n        \"author\": {\n          \"@type\": \"Organization\",\n          \"name\": \"ArtSets.cz\"\n        }\n      }\n    ]\n  }\n}\n<\/script>\t\t\t\t<\/div>\n\t\t\t\t<\/div>\n\t\t\t\t\t<\/div>\n\t\t\t\t<\/div>\n\t\t\t\t<\/div>\n\t\t","protected":false},"excerpt":{"rendered":"<p>Objevte sv\u011bt kreativn\u00edch DIY projekt\u016f a origin\u00e1ln\u00edch d\u00e1rk\u016f! Kreativn\u00ed sady Podpora tvo\u0159ivosti a radosti z vlastn\u00edch v\u00fdrobk\u016f Objevte \u010dl\u00e1nek Origin\u00e1ln\u00ed d\u00e1re\u010dky Objevte kouzlo origin\u00e1ln\u00edch d\u00e1rk\u016f s kreativn\u00edm a osobn\u00edm dotekem! Objevte \u010dl\u00e1nek<\/p>\n","protected":false},"author":1,"featured_media":0,"parent":0,"menu_order":0,"comment_status":"closed","ping_status":"closed","template":"","meta":{"_acf_changed":false,"footnotes":""},"class_list":["post-7","page","type-page","status-publish","hentry"],"acf":[],"yoast_head":"<!-- This site is optimized with the Yoast SEO plugin v25.3.1 - https:\/\/yoast.com\/wordpress\/plugins\/seo\/ -->\n<title>Blog - ArtSets<\/title>\n<meta name=\"description\" content=\"Objevte sv\u011bt kreativity! Inspirujte se DIY projekty, kreativn\u00edmi sadami a origin\u00e1ln\u00edmi d\u00e1re\u010dky. Najd\u011bte n\u00e1pady pro tvo\u0159en\u00ed a jedine\u010dn\u00e9 d\u00e1rky\" \/>\n<meta name=\"robots\" content=\"index, follow, max-snippet:-1, max-image-preview:large, max-video-preview:-1\" \/>\n<link rel=\"canonical\" href=\"https:\/\/artsets.cz\/blog\/\" \/>\n<meta property=\"og:locale\" content=\"en_US\" \/>\n<meta property=\"og:type\" content=\"article\" \/>\n<meta property=\"og:title\" content=\"Blog - ArtSets\" \/>\n<meta property=\"og:description\" content=\"Objevte sv\u011bt kreativity! Inspirujte se DIY projekty, kreativn\u00edmi sadami a origin\u00e1ln\u00edmi d\u00e1re\u010dky. Najd\u011bte n\u00e1pady pro tvo\u0159en\u00ed a jedine\u010dn\u00e9 d\u00e1rky\" \/>\n<meta property=\"og:url\" content=\"https:\/\/artsets.cz\/blog\/\" \/>\n<meta property=\"og:site_name\" content=\"ArtSets\" \/>\n<meta property=\"article:publisher\" content=\"https:\/\/www.facebook.com\/profile.php?id=61559120043095\" \/>\n<meta property=\"article:modified_time\" content=\"2025-10-04T21:47:53+00:00\" \/>\n<meta property=\"og:image\" content=\"https:\/\/i0.wp.com\/artsets.cz\/wp-content\/uploads\/2024\/08\/products-on-table.jpeg?fit=2500%2C1666&ssl=1\" \/>\n\t<meta property=\"og:image:width\" content=\"2500\" \/>\n\t<meta property=\"og:image:height\" content=\"1666\" \/>\n\t<meta property=\"og:image:type\" content=\"image\/jpeg\" \/>\n<meta name=\"twitter:card\" content=\"summary_large_image\" \/>\n<meta name=\"twitter:label1\" content=\"Est. reading time\" \/>\n\t<meta name=\"twitter:data1\" content=\"1 minute\" \/>\n<script type=\"application\/ld+json\" class=\"yoast-schema-graph\">{\"@context\":\"https:\/\/schema.org\",\"@graph\":[{\"@type\":\"WebPage\",\"@id\":\"https:\/\/artsets.cz\/blog\/\",\"url\":\"https:\/\/artsets.cz\/blog\/\",\"name\":\"Blog - ArtSets\",\"isPartOf\":{\"@id\":\"https:\/\/artsets.cz\/#website\"},\"datePublished\":\"2018-11-28T15:52:26+00:00\",\"dateModified\":\"2025-10-04T21:47:53+00:00\",\"description\":\"Objevte sv\u011bt kreativity! Inspirujte se DIY projekty, kreativn\u00edmi sadami a origin\u00e1ln\u00edmi d\u00e1re\u010dky. Najd\u011bte n\u00e1pady pro tvo\u0159en\u00ed a jedine\u010dn\u00e9 d\u00e1rky\",\"breadcrumb\":{\"@id\":\"https:\/\/artsets.cz\/blog\/#breadcrumb\"},\"inLanguage\":\"en-US\",\"potentialAction\":[{\"@type\":\"ReadAction\",\"target\":[\"https:\/\/artsets.cz\/blog\/\"]}]},{\"@type\":\"BreadcrumbList\",\"@id\":\"https:\/\/artsets.cz\/blog\/#breadcrumb\",\"itemListElement\":[{\"@type\":\"ListItem\",\"position\":1,\"name\":\"Dom\u016f\",\"item\":\"https:\/\/artsets.cz\/en\/\"},{\"@type\":\"ListItem\",\"position\":2,\"name\":\"Blog\"}]},{\"@type\":\"WebSite\",\"@id\":\"https:\/\/artsets.cz\/#website\",\"url\":\"https:\/\/artsets.cz\/\",\"name\":\"Kreativn\u00ed a jedine\u010dn\u00e9 sady \u2013 ArtSets.cz | Perfektn\u00ed d\u00e1rek\",\"description\":\"Kreativn\u00ed DIY sady \u2013 perfektn\u00ed origin\u00e1ln\u00ed d\u00e1rek! Radost z tvorby s v\u00fdsledkem, kter\u00fd vyu\u017eijete\",\"publisher\":{\"@id\":\"https:\/\/artsets.cz\/#organization\"},\"alternateName\":\"ArtSets\",\"potentialAction\":[{\"@type\":\"SearchAction\",\"target\":{\"@type\":\"EntryPoint\",\"urlTemplate\":\"https:\/\/artsets.cz\/?s={search_term_string}\"},\"query-input\":{\"@type\":\"PropertyValueSpecification\",\"valueRequired\":true,\"valueName\":\"search_term_string\"}}],\"inLanguage\":\"en-US\"},{\"@type\":\"Organization\",\"@id\":\"https:\/\/artsets.cz\/#organization\",\"name\":\"ArtSets\",\"url\":\"https:\/\/artsets.cz\/\",\"logo\":{\"@type\":\"ImageObject\",\"inLanguage\":\"en-US\",\"@id\":\"https:\/\/artsets.cz\/#\/schema\/logo\/image\/\",\"url\":\"\",\"contentUrl\":\"\",\"caption\":\"ArtSets\"},\"image\":{\"@id\":\"https:\/\/artsets.cz\/#\/schema\/logo\/image\/\"},\"sameAs\":[\"https:\/\/www.facebook.com\/profile.php?id=61559120043095\"]}]}<\/script>\n<!-- \/ Yoast SEO plugin. -->","yoast_head_json":{"title":"Blog - ArtSets","description":"Objevte sv\u011bt kreativity! Inspirujte se DIY projekty, kreativn\u00edmi sadami a origin\u00e1ln\u00edmi d\u00e1re\u010dky. Najd\u011bte n\u00e1pady pro tvo\u0159en\u00ed a jedine\u010dn\u00e9 d\u00e1rky","robots":{"index":"index","follow":"follow","max-snippet":"max-snippet:-1","max-image-preview":"max-image-preview:large","max-video-preview":"max-video-preview:-1"},"canonical":"https:\/\/artsets.cz\/blog\/","og_locale":"en_US","og_type":"article","og_title":"Blog - ArtSets","og_description":"Objevte sv\u011bt kreativity! Inspirujte se DIY projekty, kreativn\u00edmi sadami a origin\u00e1ln\u00edmi d\u00e1re\u010dky. Najd\u011bte n\u00e1pady pro tvo\u0159en\u00ed a jedine\u010dn\u00e9 d\u00e1rky","og_url":"https:\/\/artsets.cz\/blog\/","og_site_name":"ArtSets","article_publisher":"https:\/\/www.facebook.com\/profile.php?id=61559120043095","article_modified_time":"2025-10-04T21:47:53+00:00","og_image":[{"width":2500,"height":1666,"url":"https:\/\/i0.wp.com\/artsets.cz\/wp-content\/uploads\/2024\/08\/products-on-table.jpeg?fit=2500%2C1666&ssl=1","type":"image\/jpeg"}],"twitter_card":"summary_large_image","twitter_misc":{"Est. reading time":"1 minute"},"schema":{"@context":"https:\/\/schema.org","@graph":[{"@type":"WebPage","@id":"https:\/\/artsets.cz\/blog\/","url":"https:\/\/artsets.cz\/blog\/","name":"Blog - ArtSets","isPartOf":{"@id":"https:\/\/artsets.cz\/#website"},"datePublished":"2018-11-28T15:52:26+00:00","dateModified":"2025-10-04T21:47:53+00:00","description":"Objevte sv\u011bt kreativity! Inspirujte se DIY projekty, kreativn\u00edmi sadami a origin\u00e1ln\u00edmi d\u00e1re\u010dky. Najd\u011bte n\u00e1pady pro tvo\u0159en\u00ed a jedine\u010dn\u00e9 d\u00e1rky","breadcrumb":{"@id":"https:\/\/artsets.cz\/blog\/#breadcrumb"},"inLanguage":"en-US","potentialAction":[{"@type":"ReadAction","target":["https:\/\/artsets.cz\/blog\/"]}]},{"@type":"BreadcrumbList","@id":"https:\/\/artsets.cz\/blog\/#breadcrumb","itemListElement":[{"@type":"ListItem","position":1,"name":"Dom\u016f","item":"https:\/\/artsets.cz\/en\/"},{"@type":"ListItem","position":2,"name":"Blog"}]},{"@type":"WebSite","@id":"https:\/\/artsets.cz\/#website","url":"https:\/\/artsets.cz\/","name":"Kreativn\u00ed a jedine\u010dn\u00e9 sady \u2013 ArtSets.cz | Perfektn\u00ed d\u00e1rek","description":"Kreativn\u00ed DIY sady \u2013 perfektn\u00ed origin\u00e1ln\u00ed d\u00e1rek! Radost z tvorby s v\u00fdsledkem, kter\u00fd vyu\u017eijete","publisher":{"@id":"https:\/\/artsets.cz\/#organization"},"alternateName":"ArtSets","potentialAction":[{"@type":"SearchAction","target":{"@type":"EntryPoint","urlTemplate":"https:\/\/artsets.cz\/?s={search_term_string}"},"query-input":{"@type":"PropertyValueSpecification","valueRequired":true,"valueName":"search_term_string"}}],"inLanguage":"en-US"},{"@type":"Organization","@id":"https:\/\/artsets.cz\/#organization","name":"ArtSets","url":"https:\/\/artsets.cz\/","logo":{"@type":"ImageObject","inLanguage":"en-US","@id":"https:\/\/artsets.cz\/#\/schema\/logo\/image\/","url":"","contentUrl":"","caption":"ArtSets"},"image":{"@id":"https:\/\/artsets.cz\/#\/schema\/logo\/image\/"},"sameAs":["https:\/\/www.facebook.com\/profile.php?id=61559120043095"]}]}},"_links":{"self":[{"href":"https:\/\/artsets.cz\/en\/wp-json\/wp\/v2\/pages\/7","targetHints":{"allow":["GET"]}}],"collection":[{"href":"https:\/\/artsets.cz\/en\/wp-json\/wp\/v2\/pages"}],"about":[{"href":"https:\/\/artsets.cz\/en\/wp-json\/wp\/v2\/types\/page"}],"author":[{"embeddable":true,"href":"https:\/\/artsets.cz\/en\/wp-json\/wp\/v2\/users\/1"}],"replies":[{"embeddable":true,"href":"https:\/\/artsets.cz\/en\/wp-json\/wp\/v2\/comments?post=7"}],"version-history":[{"count":1,"href":"https:\/\/artsets.cz\/en\/wp-json\/wp\/v2\/pages\/7\/revisions"}],"predecessor-version":[{"id":11503,"href":"https:\/\/artsets.cz\/en\/wp-json\/wp\/v2\/pages\/7\/revisions\/11503"}],"wp:attachment":[{"href":"https:\/\/artsets.cz\/en\/wp-json\/wp\/v2\/media?parent=7"}],"curies":[{"name":"wp","href":"https:\/\/api.w.org\/{rel}","templated":true}]}}