{"id":7848,"date":"2024-11-11T17:58:02","date_gmt":"2024-11-11T17:58:02","guid":{"rendered":"https:\/\/artsets.cz\/?page_id=7848"},"modified":"2025-02-14T22:08:39","modified_gmt":"2025-02-14T22:08:39","slug":"instrukce","status":"publish","type":"page","link":"https:\/\/artsets.cz\/en\/instrukce\/","title":{"rendered":"Instructions and Guides for Creating with ArtSets Kits"},"content":{"rendered":"\n<p>On this page, you will find detailed instructions for creating unique products with our ArtSets kits. Each guide is step-by-step to help you easily create original items. If needed, we also have video instructions available to show you the entire creative process.<\/p>\n\n\n\n<p>\u2022 <a href=\"\/instrukce-mobilni-kryty\/?lang=en\"><strong>Mobile Cases<\/strong> <\/a>\u2013 Learn how to decorate your phone case and create a unique design.<\/p>\n\n\n\n<p>\u2022 <strong><a href=\"\/instrukce-organizeru-na-pera\/?lang=en\">Desk Organizers<\/a><\/strong> \u2013 Find out how to make a stylish pen organizer that will not only be functional but also a beautiful decoration for your desk.<\/p>\n\n\n\n<p>\u2022 <strong><a href=\"\/instrukce-pro-podtacku\/?lang=en\">Coasters<\/a><\/strong> \u2013 Instructions for creating personalized coasters that will protect your furniture while also being a great design element.<\/p>\n\n\n\n<p>\u2022 <a href=\"\/instrukce-pro-fotoramecku-a-alb\/?lang=en\"><strong>Photo Frame &amp; Albums<\/strong> <\/a>\u2013 Create your own photo frame or album to preserve your memories in a stylish and personal way.<\/p>\n\n\n\n<p>\u2022 <strong>Pencil Cases<\/strong> \u2013 How to create an original pencil case that is not only practical but also uniquely creative.<\/p>\n\n\n\n<p>Each guide contains detailed steps, and you can also view video instructions for a better understanding. Whether you\u2019re a beginner or an experienced crafter, our guides will help you create something unique!<\/p>\n\n\n\n<p><\/p>\n","protected":false},"excerpt":{"rendered":"<p>On this page, you will find detailed instructions for creating unique products with our ArtSets kits. Each guide is step-by-step to help you easily create original items. If needed, we also have video instructions available to show you the entire creative process. \u2022 Mobile Cases \u2013 Learn how to decorate your phone case and create [&hellip;]<\/p>\n","protected":false},"author":1,"featured_media":0,"parent":0,"menu_order":0,"comment_status":"closed","ping_status":"closed","template":"","meta":{"_acf_changed":false,"footnotes":""},"class_list":["post-7848","page","type-page","status-publish","hentry"],"acf":[],"yoast_head":"<!-- This site is optimized with the Yoast SEO plugin v25.3.1 - https:\/\/yoast.com\/wordpress\/plugins\/seo\/ -->\n<title>Instructions and Guides for Creating with ArtSets Kits - ArtSets<\/title>\n<meta name=\"description\" content=\"Learn step by step how to create your own mobile phone case, organizer, coasters, photo frame, or pencil case with our detailed guides and video instructions\" \/>\n<meta name=\"robots\" content=\"index, follow, max-snippet:-1, max-image-preview:large, max-video-preview:-1\" \/>\n<link rel=\"canonical\" href=\"https:\/\/artsets.cz\/en\/instrukce\/\" \/>\n<meta property=\"og:locale\" content=\"en_US\" \/>\n<meta property=\"og:type\" content=\"article\" \/>\n<meta property=\"og:title\" content=\"Instructions and Guides for Creating with ArtSets Kits - ArtSets\" \/>\n<meta property=\"og:description\" content=\"Learn step by step how to create your own mobile phone case, organizer, coasters, photo frame, or pencil case with our detailed guides and video instructions\" \/>\n<meta property=\"og:url\" content=\"https:\/\/artsets.cz\/en\/instrukce\/\" \/>\n<meta property=\"og:site_name\" content=\"ArtSets\" \/>\n<meta property=\"article:publisher\" content=\"https:\/\/www.facebook.com\/profile.php?id=61559120043095\" \/>\n<meta property=\"article:modified_time\" content=\"2025-02-14T22:08:39+00:00\" \/>\n<meta property=\"og:image\" content=\"https:\/\/i0.wp.com\/artsets.cz\/wp-content\/uploads\/2024\/08\/products-on-table.jpeg?fit=2500%2C1666&ssl=1\" \/>\n\t<meta property=\"og:image:width\" content=\"2500\" \/>\n\t<meta property=\"og:image:height\" content=\"1666\" \/>\n\t<meta property=\"og:image:type\" content=\"image\/jpeg\" \/>\n<meta name=\"twitter:card\" content=\"summary_large_image\" \/>\n<meta name=\"twitter:label1\" content=\"Est. reading time\" \/>\n\t<meta name=\"twitter:data1\" content=\"1 minute\" \/>\n<script type=\"application\/ld+json\" class=\"yoast-schema-graph\">{\"@context\":\"https:\/\/schema.org\",\"@graph\":[{\"@type\":\"WebPage\",\"@id\":\"https:\/\/artsets.cz\/instrukce\/\",\"url\":\"https:\/\/artsets.cz\/en\/instrukce\/\",\"name\":\"Instructions and Guides for Creating with ArtSets Kits - ArtSets\",\"isPartOf\":{\"@id\":\"https:\/\/artsets.cz\/#website\"},\"datePublished\":\"2024-11-11T17:58:02+00:00\",\"dateModified\":\"2025-02-14T22:08:39+00:00\",\"description\":\"Learn step by step how to create your own mobile phone case, organizer, coasters, photo frame, or pencil case with our detailed guides and video instructions\",\"breadcrumb\":{\"@id\":\"https:\/\/artsets.cz\/en\/instrukce\/#breadcrumb\"},\"inLanguage\":\"en-US\",\"potentialAction\":[{\"@type\":\"ReadAction\",\"target\":[\"https:\/\/artsets.cz\/en\/instrukce\/\"]}]},{\"@type\":\"BreadcrumbList\",\"@id\":\"https:\/\/artsets.cz\/en\/instrukce\/#breadcrumb\",\"itemListElement\":[{\"@type\":\"ListItem\",\"position\":1,\"name\":\"Dom\u016f\",\"item\":\"https:\/\/artsets.cz\/en\/\"},{\"@type\":\"ListItem\",\"position\":2,\"name\":\"Instructions and Guides for Creating with ArtSets Kits\"}]},{\"@type\":\"WebSite\",\"@id\":\"https:\/\/artsets.cz\/#website\",\"url\":\"https:\/\/artsets.cz\/\",\"name\":\"Kreativn\u00ed a jedine\u010dn\u00e9 sady \u2013 ArtSets.cz | Perfektn\u00ed d\u00e1rek\",\"description\":\"Kreativn\u00ed DIY sady \u2013 perfektn\u00ed origin\u00e1ln\u00ed d\u00e1rek! Radost z tvorby s v\u00fdsledkem, kter\u00fd vyu\u017eijete\",\"publisher\":{\"@id\":\"https:\/\/artsets.cz\/#organization\"},\"alternateName\":\"ArtSets\",\"potentialAction\":[{\"@type\":\"SearchAction\",\"target\":{\"@type\":\"EntryPoint\",\"urlTemplate\":\"https:\/\/artsets.cz\/?s={search_term_string}\"},\"query-input\":{\"@type\":\"PropertyValueSpecification\",\"valueRequired\":true,\"valueName\":\"search_term_string\"}}],\"inLanguage\":\"en-US\"},{\"@type\":\"Organization\",\"@id\":\"https:\/\/artsets.cz\/#organization\",\"name\":\"ArtSets\",\"url\":\"https:\/\/artsets.cz\/\",\"logo\":{\"@type\":\"ImageObject\",\"inLanguage\":\"en-US\",\"@id\":\"https:\/\/artsets.cz\/#\/schema\/logo\/image\/\",\"url\":\"\",\"contentUrl\":\"\",\"caption\":\"ArtSets\"},\"image\":{\"@id\":\"https:\/\/artsets.cz\/#\/schema\/logo\/image\/\"},\"sameAs\":[\"https:\/\/www.facebook.com\/profile.php?id=61559120043095\"]}]}<\/script>\n<!-- \/ Yoast SEO plugin. -->","yoast_head_json":{"title":"Instructions and Guides for Creating with ArtSets Kits - ArtSets","description":"Learn step by step how to create your own mobile phone case, organizer, coasters, photo frame, or pencil case with our detailed guides and video instructions","robots":{"index":"index","follow":"follow","max-snippet":"max-snippet:-1","max-image-preview":"max-image-preview:large","max-video-preview":"max-video-preview:-1"},"canonical":"https:\/\/artsets.cz\/en\/instrukce\/","og_locale":"en_US","og_type":"article","og_title":"Instructions and Guides for Creating with ArtSets Kits - ArtSets","og_description":"Learn step by step how to create your own mobile phone case, organizer, coasters, photo frame, or pencil case with our detailed guides and video instructions","og_url":"https:\/\/artsets.cz\/en\/instrukce\/","og_site_name":"ArtSets","article_publisher":"https:\/\/www.facebook.com\/profile.php?id=61559120043095","article_modified_time":"2025-02-14T22:08:39+00:00","og_image":[{"width":2500,"height":1666,"url":"https:\/\/i0.wp.com\/artsets.cz\/wp-content\/uploads\/2024\/08\/products-on-table.jpeg?fit=2500%2C1666&ssl=1","type":"image\/jpeg"}],"twitter_card":"summary_large_image","twitter_misc":{"Est. reading time":"1 minute"},"schema":{"@context":"https:\/\/schema.org","@graph":[{"@type":"WebPage","@id":"https:\/\/artsets.cz\/instrukce\/","url":"https:\/\/artsets.cz\/en\/instrukce\/","name":"Instructions and Guides for Creating with ArtSets Kits - ArtSets","isPartOf":{"@id":"https:\/\/artsets.cz\/#website"},"datePublished":"2024-11-11T17:58:02+00:00","dateModified":"2025-02-14T22:08:39+00:00","description":"Learn step by step how to create your own mobile phone case, organizer, coasters, photo frame, or pencil case with our detailed guides and video instructions","breadcrumb":{"@id":"https:\/\/artsets.cz\/en\/instrukce\/#breadcrumb"},"inLanguage":"en-US","potentialAction":[{"@type":"ReadAction","target":["https:\/\/artsets.cz\/en\/instrukce\/"]}]},{"@type":"BreadcrumbList","@id":"https:\/\/artsets.cz\/en\/instrukce\/#breadcrumb","itemListElement":[{"@type":"ListItem","position":1,"name":"Dom\u016f","item":"https:\/\/artsets.cz\/en\/"},{"@type":"ListItem","position":2,"name":"Instructions and Guides for Creating with ArtSets Kits"}]},{"@type":"WebSite","@id":"https:\/\/artsets.cz\/#website","url":"https:\/\/artsets.cz\/","name":"Kreativn\u00ed a jedine\u010dn\u00e9 sady \u2013 ArtSets.cz | Perfektn\u00ed d\u00e1rek","description":"Kreativn\u00ed DIY sady \u2013 perfektn\u00ed origin\u00e1ln\u00ed d\u00e1rek! Radost z tvorby s v\u00fdsledkem, kter\u00fd vyu\u017eijete","publisher":{"@id":"https:\/\/artsets.cz\/#organization"},"alternateName":"ArtSets","potentialAction":[{"@type":"SearchAction","target":{"@type":"EntryPoint","urlTemplate":"https:\/\/artsets.cz\/?s={search_term_string}"},"query-input":{"@type":"PropertyValueSpecification","valueRequired":true,"valueName":"search_term_string"}}],"inLanguage":"en-US"},{"@type":"Organization","@id":"https:\/\/artsets.cz\/#organization","name":"ArtSets","url":"https:\/\/artsets.cz\/","logo":{"@type":"ImageObject","inLanguage":"en-US","@id":"https:\/\/artsets.cz\/#\/schema\/logo\/image\/","url":"","contentUrl":"","caption":"ArtSets"},"image":{"@id":"https:\/\/artsets.cz\/#\/schema\/logo\/image\/"},"sameAs":["https:\/\/www.facebook.com\/profile.php?id=61559120043095"]}]}},"_links":{"self":[{"href":"https:\/\/artsets.cz\/en\/wp-json\/wp\/v2\/pages\/7848","targetHints":{"allow":["GET"]}}],"collection":[{"href":"https:\/\/artsets.cz\/en\/wp-json\/wp\/v2\/pages"}],"about":[{"href":"https:\/\/artsets.cz\/en\/wp-json\/wp\/v2\/types\/page"}],"author":[{"embeddable":true,"href":"https:\/\/artsets.cz\/en\/wp-json\/wp\/v2\/users\/1"}],"replies":[{"embeddable":true,"href":"https:\/\/artsets.cz\/en\/wp-json\/wp\/v2\/comments?post=7848"}],"version-history":[{"count":0,"href":"https:\/\/artsets.cz\/en\/wp-json\/wp\/v2\/pages\/7848\/revisions"}],"wp:attachment":[{"href":"https:\/\/artsets.cz\/en\/wp-json\/wp\/v2\/media?parent=7848"}],"curies":[{"name":"wp","href":"https:\/\/api.w.org\/{rel}","templated":true}]}}