{"id":8545,"date":"2024-11-20T21:52:58","date_gmt":"2024-11-20T21:52:58","guid":{"rendered":"https:\/\/artsets.cz\/?page_id=8545"},"modified":"2025-10-04T21:52:53","modified_gmt":"2025-10-04T21:52:53","slug":"instrukce-mobilni-kryty","status":"publish","type":"page","link":"https:\/\/artsets.cz\/en\/instrukce\/instrukce-mobilni-kryty\/","title":{"rendered":"Instrukce pro tvorbu mobiln\u00edho krytu"},"content":{"rendered":"\t\t<div data-elementor-type=\"wp-page\" data-elementor-id=\"8545\" class=\"elementor elementor-8545\" data-elementor-post-type=\"page\">\n\t\t\t\t<div class=\"elementor-element elementor-element-3ab0215 e-flex e-con-boxed e-con e-parent\" data-id=\"3ab0215\" data-element_type=\"container\" data-settings=\"{&quot;jet_parallax_layout_list&quot;:[]}\">\n\t\t\t\t\t<div class=\"e-con-inner\">\n\t\t<div class=\"elementor-element elementor-element-ed93408 e-con-full e-flex e-con e-child\" data-id=\"ed93408\" data-element_type=\"container\" data-settings=\"{&quot;jet_parallax_layout_list&quot;:[]}\">\n\t\t\t\t<div class=\"elementor-element elementor-element-b1721b9 elementor-widget elementor-widget-text-editor\" data-id=\"b1721b9\" data-element_type=\"widget\" data-widget_type=\"text-editor.default\">\n\t\t\t\t<div class=\"elementor-widget-container\">\n\t\t\t\t\t\t\t\t\t<p><\/p><p>V\u00edtejte na str\u00e1nce s n\u00e1vodem pro vytvo\u0159en\u00ed <strong>unik\u00e1tn\u00edho mobiln\u00edho krytu<\/strong> s na\u0161\u00edm ArtSets setem! Tento n\u00e1vod v\u00e1m krok za krokem uk\u00e1\u017ee, jak ozdobit sv\u016fj kryt a vytvo\u0159it osobit\u00fd design. A\u0165 u\u017e m\u00e1te r\u00e1di minimalistick\u00e9 vzory nebo v\u00fdrazn\u00e9 barevn\u00e9 kombinace, s na\u0161\u00edm setem m\u00e1te v\u0161e, co pot\u0159ebujete pro kreativn\u00ed vyj\u00e1d\u0159en\u00ed.<\/p><p> <\/p><p>Podrobn\u00e9 <strong>instrukce<\/strong> v\u00e1m pomohou s ka\u017ed\u00fdm krokem, a pokud si budete p\u0159\u00e1t, m\u016f\u017eete se pod\u00edvat na <strong>video n\u00e1vod<\/strong>, kter\u00fd cel\u00fd proces usnadn\u00ed. P\u0159ipravte se na spoustu z\u00e1bavy a neomezen\u00e9 mo\u017enosti pro v\u00e1\u0161 nov\u00fd, jedine\u010dn\u00fd mobiln\u00ed kryt!<\/p><p><\/p>\t\t\t\t\t\t\t\t<\/div>\n\t\t\t\t<\/div>\n\t\t<div class=\"elementor-element elementor-element-8e67b5a e-con-full e-flex e-con e-child\" data-id=\"8e67b5a\" data-element_type=\"container\" data-settings=\"{&quot;jet_parallax_layout_list&quot;:[]}\">\n\t\t<div class=\"elementor-element elementor-element-a9f2752 e-con-full e-flex e-con e-child\" data-id=\"a9f2752\" data-element_type=\"container\" data-settings=\"{&quot;jet_parallax_layout_list&quot;:[]}\">\n\t\t\t\t<div class=\"elementor-element elementor-element-e298c38 elementor-widget__width-auto elementor-widget elementor-widget-heading\" data-id=\"e298c38\" data-element_type=\"widget\" data-widget_type=\"heading.default\">\n\t\t\t\t<div class=\"elementor-widget-container\">\n\t\t\t\t\t<h2 class=\"elementor-heading-title elementor-size-default\">Video n\u00e1vod pro tvorbu mobiln\u00edho krytu<\/h2>\t\t\t\t<\/div>\n\t\t\t\t<\/div>\n\t\t\t\t<div class=\"elementor-element elementor-element-8e98d58 elementor-widget__width-inherit elementor-widget elementor-widget-video\" data-id=\"8e98d58\" data-element_type=\"widget\" data-settings=\"{&quot;video_type&quot;:&quot;hosted&quot;,&quot;autoplay&quot;:&quot;yes&quot;,&quot;play_on_mobile&quot;:&quot;yes&quot;,&quot;mute&quot;:&quot;yes&quot;,&quot;loop&quot;:&quot;yes&quot;,&quot;controls&quot;:&quot;yes&quot;}\" data-widget_type=\"video.default\">\n\t\t\t\t<div class=\"elementor-widget-container\">\n\t\t\t\t\t\t\t<div class=\"e-hosted-video elementor-wrapper elementor-open-inline\">\n\t\t\t\t\t<video class=\"elementor-video\" src=\"https:\/\/artsets.cz\/wp-content\/uploads\/2024\/11\/MC_Instrukce.mp4\" autoplay=\"\" loop=\"\" controls=\"\" muted=\"muted\" playsinline=\"\" controlsList=\"nodownload\"><\/video>\n\t\t\t\t<\/div>\n\t\t\t\t\t\t<\/div>\n\t\t\t\t<\/div>\n\t\t\t\t<\/div>\n\t\t<div class=\"elementor-element elementor-element-4d42e44 e-con-full e-flex e-con e-child\" data-id=\"4d42e44\" data-element_type=\"container\" data-settings=\"{&quot;jet_parallax_layout_list&quot;:[]}\">\n\t\t<div class=\"elementor-element elementor-element-1fc3c3b e-con-full e-flex e-con e-child\" data-id=\"1fc3c3b\" data-element_type=\"container\" data-settings=\"{&quot;jet_parallax_layout_list&quot;:[]}\">\n\t\t\t\t<div class=\"elementor-element elementor-element-78314e5 elementor-widget__width-auto elementor-widget elementor-widget-heading\" data-id=\"78314e5\" data-element_type=\"widget\" data-widget_type=\"heading.default\">\n\t\t\t\t<div class=\"elementor-widget-container\">\n\t\t\t\t\t<h2 class=\"elementor-heading-title elementor-size-default\"><a href=\"\/gadgetcases-sets\/\"><u>Objev na\u0161e kreativn\u00ed sady na mobiln\u00ed kryty!<\/u><\/a><\/h2>\t\t\t\t<\/div>\n\t\t\t\t<\/div>\n\t\t<div class=\"elementor-element elementor-element-747f462 e-con-full e-flex e-con e-child\" data-id=\"747f462\" data-element_type=\"container\" data-settings=\"{&quot;background_background&quot;:&quot;slideshow&quot;,&quot;jet_parallax_layout_list&quot;:[],&quot;background_slideshow_gallery&quot;:[],&quot;background_slideshow_slide_duration&quot;:5000,&quot;background_slideshow_slide_transition&quot;:&quot;fade&quot;,&quot;background_slideshow_transition_duration&quot;:500}\">\n\t\t\t\t<div class=\"elementor-element elementor-element-24a38c5 elementor-widget elementor-widget-image\" data-id=\"24a38c5\" data-element_type=\"widget\" data-widget_type=\"image.default\">\n\t\t\t\t<div class=\"elementor-widget-container\">\n\t\t\t\t\t\t\t\t\t\t\t\t\t\t\t<img fetchpriority=\"high\" decoding=\"async\" width=\"300\" height=\"200\" src=\"https:\/\/i0.wp.com\/artsets.cz\/wp-content\/uploads\/2024\/11\/IMG_1613-scaled-e1731778979534.jpg?fit=300%2C200&amp;ssl=1\" class=\"attachment-medium size-medium wp-image-8040\" alt=\"Tvo\u0159iv\u00e1 sada na mobiln\u00ed kryt\" \/>\t\t\t\t\t\t\t\t\t\t\t\t\t\t\t<\/div>\n\t\t\t\t<\/div>\n\t\t\t\t<\/div>\n\t\t<div class=\"elementor-element elementor-element-b47fedc e-con-full e-flex e-con e-child\" data-id=\"b47fedc\" data-element_type=\"container\" data-settings=\"{&quot;background_background&quot;:&quot;slideshow&quot;,&quot;jet_parallax_layout_list&quot;:[],&quot;background_slideshow_gallery&quot;:[],&quot;background_slideshow_loop&quot;:&quot;yes&quot;,&quot;background_slideshow_slide_duration&quot;:5000,&quot;background_slideshow_slide_transition&quot;:&quot;fade&quot;,&quot;background_slideshow_transition_duration&quot;:500}\">\n\t\t\t\t<div class=\"elementor-element elementor-element-33f12f4 elementor-widget elementor-widget-image\" data-id=\"33f12f4\" data-element_type=\"widget\" data-widget_type=\"image.default\">\n\t\t\t\t<div class=\"elementor-widget-container\">\n\t\t\t\t\t\t\t\t\t\t\t\t\t\t\t<img decoding=\"async\" width=\"300\" height=\"200\" src=\"https:\/\/i0.wp.com\/artsets.cz\/wp-content\/uploads\/2024\/11\/IMG_1591-scaled-e1732142187482.jpg?fit=300%2C200&amp;ssl=1\" class=\"attachment-medium size-medium wp-image-8555\" alt=\"\" \/>\t\t\t\t\t\t\t\t\t\t\t\t\t\t\t<\/div>\n\t\t\t\t<\/div>\n\t\t\t\t<\/div>\n\t\t\t\t<\/div>\n\t\t\t\t<\/div>\n\t\t\t\t<\/div>\n\t\t\t\t<\/div>\n\t\t\t\t\t<\/div>\n\t\t\t\t<\/div>\n\t\t\t\t<\/div>\n\t\t","protected":false},"excerpt":{"rendered":"<p>V\u00edtejte na str\u00e1nce s n\u00e1vodem pro vytvo\u0159en\u00ed unik\u00e1tn\u00edho mobiln\u00edho krytu s na\u0161\u00edm ArtSets setem! Tento n\u00e1vod v\u00e1m krok za krokem uk\u00e1\u017ee, jak ozdobit sv\u016fj kryt a vytvo\u0159it osobit\u00fd design. A\u0165 u\u017e m\u00e1te r\u00e1di minimalistick\u00e9 vzory nebo v\u00fdrazn\u00e9 barevn\u00e9 kombinace, s na\u0161\u00edm setem m\u00e1te v\u0161e, co pot\u0159ebujete pro kreativn\u00ed vyj\u00e1d\u0159en\u00ed. Podrobn\u00e9 instrukce v\u00e1m pomohou s ka\u017ed\u00fdm [&hellip;]<\/p>\n","protected":false},"author":1,"featured_media":0,"parent":7866,"menu_order":0,"comment_status":"closed","ping_status":"closed","template":"","meta":{"_acf_changed":false,"footnotes":""},"class_list":["post-8545","page","type-page","status-publish","hentry"],"acf":[],"yoast_head":"<!-- This site is optimized with the Yoast SEO plugin v25.3.1 - https:\/\/yoast.com\/wordpress\/plugins\/seo\/ -->\n<title>Instrukce pro tvorbu mobiln\u00edho krytu - ArtSets<\/title>\n<meta name=\"description\" content=\"Vytvo\u0159te si jedine\u010dn\u00fd mobiln\u00ed kryt s na\u0161\u00ed jednoduchou instrukc\u00ed. Podle krok\u016f snadno vytvo\u0159\u00edte origin\u00e1ln\u00ed design pro v\u00e1\u0161 telefon\" \/>\n<meta name=\"robots\" content=\"index, follow, max-snippet:-1, max-image-preview:large, max-video-preview:-1\" \/>\n<link rel=\"canonical\" href=\"https:\/\/artsets.cz\/instrukce\/instrukce-mobilni-kryty\/\" \/>\n<meta property=\"og:locale\" content=\"en_US\" \/>\n<meta property=\"og:type\" content=\"article\" \/>\n<meta property=\"og:title\" content=\"Instrukce pro tvorbu mobiln\u00edho krytu - ArtSets\" \/>\n<meta property=\"og:description\" content=\"Vytvo\u0159te si jedine\u010dn\u00fd mobiln\u00ed kryt s na\u0161\u00ed jednoduchou instrukc\u00ed. Podle krok\u016f snadno vytvo\u0159\u00edte origin\u00e1ln\u00ed design pro v\u00e1\u0161 telefon\" \/>\n<meta property=\"og:url\" content=\"https:\/\/artsets.cz\/instrukce\/instrukce-mobilni-kryty\/\" \/>\n<meta property=\"og:site_name\" content=\"ArtSets\" \/>\n<meta property=\"article:publisher\" content=\"https:\/\/www.facebook.com\/profile.php?id=61559120043095\" \/>\n<meta property=\"article:modified_time\" content=\"2025-10-04T21:52:53+00:00\" \/>\n<meta property=\"og:image\" content=\"https:\/\/artsets.cz\/wp-content\/uploads\/2024\/11\/IMG_1613-scaled-e1731778979534-300x200.jpg\" \/>\n<meta name=\"twitter:card\" content=\"summary_large_image\" \/>\n<meta name=\"twitter:label1\" content=\"Est. reading time\" \/>\n\t<meta name=\"twitter:data1\" content=\"1 minute\" \/>\n<script type=\"application\/ld+json\" class=\"yoast-schema-graph\">{\"@context\":\"https:\/\/schema.org\",\"@graph\":[{\"@type\":\"WebPage\",\"@id\":\"https:\/\/artsets.cz\/instrukce\/instrukce-mobilni-kryty\/\",\"url\":\"https:\/\/artsets.cz\/instrukce\/instrukce-mobilni-kryty\/\",\"name\":\"Instrukce pro tvorbu mobiln\u00edho krytu - ArtSets\",\"isPartOf\":{\"@id\":\"https:\/\/artsets.cz\/#website\"},\"primaryImageOfPage\":{\"@id\":\"https:\/\/artsets.cz\/instrukce\/instrukce-mobilni-kryty\/#primaryimage\"},\"image\":{\"@id\":\"https:\/\/artsets.cz\/instrukce\/instrukce-mobilni-kryty\/#primaryimage\"},\"thumbnailUrl\":\"https:\/\/artsets.cz\/wp-content\/uploads\/2024\/11\/IMG_1613-scaled-e1731778979534-300x200.jpg\",\"datePublished\":\"2024-11-20T21:52:58+00:00\",\"dateModified\":\"2025-10-04T21:52:53+00:00\",\"description\":\"Vytvo\u0159te si jedine\u010dn\u00fd mobiln\u00ed kryt s na\u0161\u00ed jednoduchou instrukc\u00ed. Podle krok\u016f snadno vytvo\u0159\u00edte origin\u00e1ln\u00ed design pro v\u00e1\u0161 telefon\",\"breadcrumb\":{\"@id\":\"https:\/\/artsets.cz\/instrukce\/instrukce-mobilni-kryty\/#breadcrumb\"},\"inLanguage\":\"en-US\",\"potentialAction\":[{\"@type\":\"ReadAction\",\"target\":[\"https:\/\/artsets.cz\/instrukce\/instrukce-mobilni-kryty\/\"]}]},{\"@type\":\"ImageObject\",\"inLanguage\":\"en-US\",\"@id\":\"https:\/\/artsets.cz\/instrukce\/instrukce-mobilni-kryty\/#primaryimage\",\"url\":\"https:\/\/artsets.cz\/wp-content\/uploads\/2024\/11\/IMG_1613-scaled-e1731778979534-300x200.jpg\",\"contentUrl\":\"https:\/\/artsets.cz\/wp-content\/uploads\/2024\/11\/IMG_1613-scaled-e1731778979534-300x200.jpg\"},{\"@type\":\"BreadcrumbList\",\"@id\":\"https:\/\/artsets.cz\/instrukce\/instrukce-mobilni-kryty\/#breadcrumb\",\"itemListElement\":[{\"@type\":\"ListItem\",\"position\":1,\"name\":\"Dom\u016f\",\"item\":\"https:\/\/artsets.cz\/en\/\"},{\"@type\":\"ListItem\",\"position\":2,\"name\":\"Instrukce a n\u00e1vody pro tvorbu s ArtSets sad\",\"item\":\"https:\/\/artsets.cz\/instrukce\/\"},{\"@type\":\"ListItem\",\"position\":3,\"name\":\"Instrukce pro tvorbu mobiln\u00edho krytu\"}]},{\"@type\":\"WebSite\",\"@id\":\"https:\/\/artsets.cz\/#website\",\"url\":\"https:\/\/artsets.cz\/\",\"name\":\"Kreativn\u00ed a jedine\u010dn\u00e9 sady \u2013 ArtSets.cz | Perfektn\u00ed d\u00e1rek\",\"description\":\"Kreativn\u00ed DIY sady \u2013 perfektn\u00ed origin\u00e1ln\u00ed d\u00e1rek! Radost z tvorby s v\u00fdsledkem, kter\u00fd vyu\u017eijete\",\"publisher\":{\"@id\":\"https:\/\/artsets.cz\/#organization\"},\"alternateName\":\"ArtSets\",\"potentialAction\":[{\"@type\":\"SearchAction\",\"target\":{\"@type\":\"EntryPoint\",\"urlTemplate\":\"https:\/\/artsets.cz\/?s={search_term_string}\"},\"query-input\":{\"@type\":\"PropertyValueSpecification\",\"valueRequired\":true,\"valueName\":\"search_term_string\"}}],\"inLanguage\":\"en-US\"},{\"@type\":\"Organization\",\"@id\":\"https:\/\/artsets.cz\/#organization\",\"name\":\"ArtSets\",\"url\":\"https:\/\/artsets.cz\/\",\"logo\":{\"@type\":\"ImageObject\",\"inLanguage\":\"en-US\",\"@id\":\"https:\/\/artsets.cz\/#\/schema\/logo\/image\/\",\"url\":\"\",\"contentUrl\":\"\",\"caption\":\"ArtSets\"},\"image\":{\"@id\":\"https:\/\/artsets.cz\/#\/schema\/logo\/image\/\"},\"sameAs\":[\"https:\/\/www.facebook.com\/profile.php?id=61559120043095\"]}]}<\/script>\n<!-- \/ Yoast SEO plugin. -->","yoast_head_json":{"title":"Instrukce pro tvorbu mobiln\u00edho krytu - ArtSets","description":"Vytvo\u0159te si jedine\u010dn\u00fd mobiln\u00ed kryt s na\u0161\u00ed jednoduchou instrukc\u00ed. Podle krok\u016f snadno vytvo\u0159\u00edte origin\u00e1ln\u00ed design pro v\u00e1\u0161 telefon","robots":{"index":"index","follow":"follow","max-snippet":"max-snippet:-1","max-image-preview":"max-image-preview:large","max-video-preview":"max-video-preview:-1"},"canonical":"https:\/\/artsets.cz\/instrukce\/instrukce-mobilni-kryty\/","og_locale":"en_US","og_type":"article","og_title":"Instrukce pro tvorbu mobiln\u00edho krytu - ArtSets","og_description":"Vytvo\u0159te si jedine\u010dn\u00fd mobiln\u00ed kryt s na\u0161\u00ed jednoduchou instrukc\u00ed. Podle krok\u016f snadno vytvo\u0159\u00edte origin\u00e1ln\u00ed design pro v\u00e1\u0161 telefon","og_url":"https:\/\/artsets.cz\/instrukce\/instrukce-mobilni-kryty\/","og_site_name":"ArtSets","article_publisher":"https:\/\/www.facebook.com\/profile.php?id=61559120043095","article_modified_time":"2025-10-04T21:52:53+00:00","og_image":[{"url":"https:\/\/artsets.cz\/wp-content\/uploads\/2024\/11\/IMG_1613-scaled-e1731778979534-300x200.jpg","type":"","width":"","height":""}],"twitter_card":"summary_large_image","twitter_misc":{"Est. reading time":"1 minute"},"schema":{"@context":"https:\/\/schema.org","@graph":[{"@type":"WebPage","@id":"https:\/\/artsets.cz\/instrukce\/instrukce-mobilni-kryty\/","url":"https:\/\/artsets.cz\/instrukce\/instrukce-mobilni-kryty\/","name":"Instrukce pro tvorbu mobiln\u00edho krytu - ArtSets","isPartOf":{"@id":"https:\/\/artsets.cz\/#website"},"primaryImageOfPage":{"@id":"https:\/\/artsets.cz\/instrukce\/instrukce-mobilni-kryty\/#primaryimage"},"image":{"@id":"https:\/\/artsets.cz\/instrukce\/instrukce-mobilni-kryty\/#primaryimage"},"thumbnailUrl":"https:\/\/artsets.cz\/wp-content\/uploads\/2024\/11\/IMG_1613-scaled-e1731778979534-300x200.jpg","datePublished":"2024-11-20T21:52:58+00:00","dateModified":"2025-10-04T21:52:53+00:00","description":"Vytvo\u0159te si jedine\u010dn\u00fd mobiln\u00ed kryt s na\u0161\u00ed jednoduchou instrukc\u00ed. Podle krok\u016f snadno vytvo\u0159\u00edte origin\u00e1ln\u00ed design pro v\u00e1\u0161 telefon","breadcrumb":{"@id":"https:\/\/artsets.cz\/instrukce\/instrukce-mobilni-kryty\/#breadcrumb"},"inLanguage":"en-US","potentialAction":[{"@type":"ReadAction","target":["https:\/\/artsets.cz\/instrukce\/instrukce-mobilni-kryty\/"]}]},{"@type":"ImageObject","inLanguage":"en-US","@id":"https:\/\/artsets.cz\/instrukce\/instrukce-mobilni-kryty\/#primaryimage","url":"https:\/\/artsets.cz\/wp-content\/uploads\/2024\/11\/IMG_1613-scaled-e1731778979534-300x200.jpg","contentUrl":"https:\/\/artsets.cz\/wp-content\/uploads\/2024\/11\/IMG_1613-scaled-e1731778979534-300x200.jpg"},{"@type":"BreadcrumbList","@id":"https:\/\/artsets.cz\/instrukce\/instrukce-mobilni-kryty\/#breadcrumb","itemListElement":[{"@type":"ListItem","position":1,"name":"Dom\u016f","item":"https:\/\/artsets.cz\/en\/"},{"@type":"ListItem","position":2,"name":"Instrukce a n\u00e1vody pro tvorbu s ArtSets sad","item":"https:\/\/artsets.cz\/instrukce\/"},{"@type":"ListItem","position":3,"name":"Instrukce pro tvorbu mobiln\u00edho krytu"}]},{"@type":"WebSite","@id":"https:\/\/artsets.cz\/#website","url":"https:\/\/artsets.cz\/","name":"Kreativn\u00ed a jedine\u010dn\u00e9 sady \u2013 ArtSets.cz | Perfektn\u00ed d\u00e1rek","description":"Kreativn\u00ed DIY sady \u2013 perfektn\u00ed origin\u00e1ln\u00ed d\u00e1rek! Radost z tvorby s v\u00fdsledkem, kter\u00fd vyu\u017eijete","publisher":{"@id":"https:\/\/artsets.cz\/#organization"},"alternateName":"ArtSets","potentialAction":[{"@type":"SearchAction","target":{"@type":"EntryPoint","urlTemplate":"https:\/\/artsets.cz\/?s={search_term_string}"},"query-input":{"@type":"PropertyValueSpecification","valueRequired":true,"valueName":"search_term_string"}}],"inLanguage":"en-US"},{"@type":"Organization","@id":"https:\/\/artsets.cz\/#organization","name":"ArtSets","url":"https:\/\/artsets.cz\/","logo":{"@type":"ImageObject","inLanguage":"en-US","@id":"https:\/\/artsets.cz\/#\/schema\/logo\/image\/","url":"","contentUrl":"","caption":"ArtSets"},"image":{"@id":"https:\/\/artsets.cz\/#\/schema\/logo\/image\/"},"sameAs":["https:\/\/www.facebook.com\/profile.php?id=61559120043095"]}]}},"_links":{"self":[{"href":"https:\/\/artsets.cz\/en\/wp-json\/wp\/v2\/pages\/8545","targetHints":{"allow":["GET"]}}],"collection":[{"href":"https:\/\/artsets.cz\/en\/wp-json\/wp\/v2\/pages"}],"about":[{"href":"https:\/\/artsets.cz\/en\/wp-json\/wp\/v2\/types\/page"}],"author":[{"embeddable":true,"href":"https:\/\/artsets.cz\/en\/wp-json\/wp\/v2\/users\/1"}],"replies":[{"embeddable":true,"href":"https:\/\/artsets.cz\/en\/wp-json\/wp\/v2\/comments?post=8545"}],"version-history":[{"count":1,"href":"https:\/\/artsets.cz\/en\/wp-json\/wp\/v2\/pages\/8545\/revisions"}],"predecessor-version":[{"id":11511,"href":"https:\/\/artsets.cz\/en\/wp-json\/wp\/v2\/pages\/8545\/revisions\/11511"}],"up":[{"embeddable":true,"href":"https:\/\/artsets.cz\/en\/wp-json\/wp\/v2\/pages\/7866"}],"wp:attachment":[{"href":"https:\/\/artsets.cz\/en\/wp-json\/wp\/v2\/media?parent=8545"}],"curies":[{"name":"wp","href":"https:\/\/api.w.org\/{rel}","templated":true}]}}