{"id":9025,"date":"2024-12-13T10:39:25","date_gmt":"2024-12-13T10:39:25","guid":{"rendered":"https:\/\/artsets.cz\/?page_id=9025"},"modified":"2025-10-04T21:53:21","modified_gmt":"2025-10-04T21:53:21","slug":"instrukce-pro-tvorbu-fotoramecku","status":"publish","type":"page","link":"https:\/\/artsets.cz\/en\/instrukce\/instrukce-pro-tvorbu-fotoramecku\/","title":{"rendered":"Instrukce pro tvorbu fotor\u00e1me\u010dk\u016f"},"content":{"rendered":"\t\t<div data-elementor-type=\"wp-page\" data-elementor-id=\"9025\" class=\"elementor elementor-9025\" data-elementor-post-type=\"page\">\n\t\t\t\t<div class=\"elementor-element elementor-element-2cda03f e-flex e-con-boxed e-con e-parent\" data-id=\"2cda03f\" data-element_type=\"container\" data-settings=\"{&quot;jet_parallax_layout_list&quot;:[]}\">\n\t\t\t\t\t<div class=\"e-con-inner\">\n\t\t\t\t<div class=\"elementor-element elementor-element-cc04bbc elementor-widget elementor-widget-text-editor\" data-id=\"cc04bbc\" data-element_type=\"widget\" data-widget_type=\"text-editor.default\">\n\t\t\t\t<div class=\"elementor-widget-container\">\n\t\t\t\t\t\t\t\t\t<p class=\"p1\">V\u00edtejte na str\u00e1nce s n\u00e1vodem pro vytvo\u0159en\u00ed personalizovan\u00fdch fotor\u00e1me\u010dk\u016f! Tento n\u00e1vod v\u00e1s krok za krokem provede procesem, jak vytvo\u0159it origin\u00e1ln\u00ed fotor\u00e1me\u010dky, kter\u00e9 uchovaj\u00ed va\u0161e vzpom\u00ednky a z\u00e1rove\u0148 ozdob\u00ed v\u00e1\u0161 domov. S na\u0161\u00edm ArtSets setem m\u00e1te v\u0161e pot\u0159ebn\u00e9 pro kreativn\u00ed tvo\u0159en\u00ed, kter\u00e9 odr\u00e1\u017e\u00ed v\u00e1\u0161 styl a osobnost.<\/p><p class=\"p1\">Podle na\u0161ich podrobn\u00fdch instrukc\u00ed m\u016f\u017eete snadno a rychle vytvo\u0159it sv\u016fj vlastn\u00ed design fotor\u00e1me\u010dku. Pro lep\u0161\u00ed p\u0159edstavu si m\u016f\u017eete prohl\u00e9dnout tak\u00e9 video n\u00e1vod, kter\u00fd v\u00e1m uk\u00e1\u017ee ka\u017ed\u00fd krok. U\u017eijte si kreativn\u00ed proces a vytvo\u0159te n\u011bco jedine\u010dn\u00e9ho!<\/p>\t\t\t\t\t\t\t\t<\/div>\n\t\t\t\t<\/div>\n\t\t\t\t\t<\/div>\n\t\t\t\t<\/div>\n\t\t<div class=\"elementor-element elementor-element-d1c4de4 e-flex e-con-boxed e-con e-parent\" data-id=\"d1c4de4\" data-element_type=\"container\" data-settings=\"{&quot;jet_parallax_layout_list&quot;:[]}\">\n\t\t\t\t\t<div class=\"e-con-inner\">\n\t\t<div class=\"elementor-element elementor-element-91c1fdc e-con-full e-flex e-con e-child\" data-id=\"91c1fdc\" data-element_type=\"container\" data-settings=\"{&quot;jet_parallax_layout_list&quot;:[]}\">\n\t\t<div class=\"elementor-element elementor-element-94980d4 e-con-full e-flex e-con e-child\" data-id=\"94980d4\" data-element_type=\"container\" data-settings=\"{&quot;jet_parallax_layout_list&quot;:[]}\">\n\t\t\t\t<div class=\"elementor-element elementor-element-38b1c07 elementor-widget__width-auto elementor-widget elementor-widget-heading\" data-id=\"38b1c07\" data-element_type=\"widget\" data-widget_type=\"heading.default\">\n\t\t\t\t<div class=\"elementor-widget-container\">\n\t\t\t\t\t<h2 class=\"elementor-heading-title elementor-size-default\">Video n\u00e1vod pro tvorbu fotor\u00e1me\u010dk\u016f<\/h2>\t\t\t\t<\/div>\n\t\t\t\t<\/div>\n\t\t\t\t<div class=\"elementor-element elementor-element-cbc2c8c elementor-widget__width-inherit elementor-widget elementor-widget-video\" data-id=\"cbc2c8c\" data-element_type=\"widget\" data-settings=\"{&quot;video_type&quot;:&quot;hosted&quot;,&quot;autoplay&quot;:&quot;yes&quot;,&quot;play_on_mobile&quot;:&quot;yes&quot;,&quot;mute&quot;:&quot;yes&quot;,&quot;loop&quot;:&quot;yes&quot;,&quot;controls&quot;:&quot;yes&quot;}\" data-widget_type=\"video.default\">\n\t\t\t\t<div class=\"elementor-widget-container\">\n\t\t\t\t\t\t\t<div class=\"e-hosted-video elementor-wrapper elementor-open-inline\">\n\t\t\t\t\t<video class=\"elementor-video\" src=\"https:\/\/artsets.cz\/wp-content\/uploads\/2024\/12\/PF-mozaic_Instruce.mp4\" autoplay=\"\" loop=\"\" controls=\"\" muted=\"muted\" playsinline=\"\" controlsList=\"nodownload\"><\/video>\n\t\t\t\t<\/div>\n\t\t\t\t\t\t<\/div>\n\t\t\t\t<\/div>\n\t\t\t\t<\/div>\n\t\t<div class=\"elementor-element elementor-element-c19b066 e-con-full e-flex e-con e-child\" data-id=\"c19b066\" data-element_type=\"container\" data-settings=\"{&quot;jet_parallax_layout_list&quot;:[]}\">\n\t\t<div class=\"elementor-element elementor-element-3e97e26 e-con-full e-flex e-con e-child\" data-id=\"3e97e26\" data-element_type=\"container\" data-settings=\"{&quot;jet_parallax_layout_list&quot;:[]}\">\n\t\t\t\t<div class=\"elementor-element elementor-element-ed14582 elementor-widget__width-auto elementor-widget elementor-widget-heading\" data-id=\"ed14582\" data-element_type=\"widget\" data-widget_type=\"heading.default\">\n\t\t\t\t<div class=\"elementor-widget-container\">\n\t\t\t\t\t<h2 class=\"elementor-heading-title elementor-size-default\"><a href=\"\/photo-sets\/\"><u>Objev na\u0161e kreativn\u00ed sady na fotor\u00e1me\u010dky!<\/u><\/a><\/h2>\t\t\t\t<\/div>\n\t\t\t\t<\/div>\n\t\t<div class=\"elementor-element elementor-element-55255f0 e-con-full e-flex e-con e-child\" data-id=\"55255f0\" data-element_type=\"container\" data-settings=\"{&quot;background_background&quot;:&quot;slideshow&quot;,&quot;jet_parallax_layout_list&quot;:[],&quot;background_slideshow_gallery&quot;:[],&quot;background_slideshow_slide_duration&quot;:5000,&quot;background_slideshow_slide_transition&quot;:&quot;fade&quot;,&quot;background_slideshow_transition_duration&quot;:500}\">\n\t\t\t\t<div class=\"elementor-element elementor-element-c44e76f elementor-widget elementor-widget-image\" data-id=\"c44e76f\" data-element_type=\"widget\" data-widget_type=\"image.default\">\n\t\t\t\t<div class=\"elementor-widget-container\">\n\t\t\t\t\t\t\t\t\t\t\t\t\t\t\t<img fetchpriority=\"high\" decoding=\"async\" width=\"300\" height=\"300\" src=\"https:\/\/i0.wp.com\/artsets.cz\/wp-content\/uploads\/2024\/11\/21.jpg?fit=300%2C300&amp;ssl=1\" class=\"attachment-medium size-medium wp-image-8799\" alt=\"\" srcset=\"https:\/\/i0.wp.com\/artsets.cz\/wp-content\/uploads\/2024\/11\/21.jpg?w=1080&amp;ssl=1 1080w, https:\/\/i0.wp.com\/artsets.cz\/wp-content\/uploads\/2024\/11\/21.jpg?resize=300%2C300&amp;ssl=1 300w, https:\/\/i0.wp.com\/artsets.cz\/wp-content\/uploads\/2024\/11\/21.jpg?resize=1024%2C1024&amp;ssl=1 1024w, https:\/\/i0.wp.com\/artsets.cz\/wp-content\/uploads\/2024\/11\/21.jpg?resize=150%2C150&amp;ssl=1 150w, https:\/\/i0.wp.com\/artsets.cz\/wp-content\/uploads\/2024\/11\/21.jpg?resize=768%2C768&amp;ssl=1 768w, https:\/\/i0.wp.com\/artsets.cz\/wp-content\/uploads\/2024\/11\/21.jpg?resize=230%2C230&amp;ssl=1 230w, https:\/\/i0.wp.com\/artsets.cz\/wp-content\/uploads\/2024\/11\/21.jpg?resize=400%2C400&amp;ssl=1 400w, https:\/\/i0.wp.com\/artsets.cz\/wp-content\/uploads\/2024\/11\/21.jpg?resize=651%2C651&amp;ssl=1 651w, https:\/\/i0.wp.com\/artsets.cz\/wp-content\/uploads\/2024\/11\/21.jpg?resize=640%2C640&amp;ssl=1 640w, https:\/\/i0.wp.com\/artsets.cz\/wp-content\/uploads\/2024\/11\/21.jpg?resize=600%2C600&amp;ssl=1 600w, https:\/\/i0.wp.com\/artsets.cz\/wp-content\/uploads\/2024\/11\/21.jpg?resize=100%2C100&amp;ssl=1 100w\" sizes=\"(max-width: 300px) 100vw, 300px\" \/>\t\t\t\t\t\t\t\t\t\t\t\t\t\t\t<\/div>\n\t\t\t\t<\/div>\n\t\t\t\t<\/div>\n\t\t<div class=\"elementor-element elementor-element-d775528 e-con-full e-flex e-con e-child\" data-id=\"d775528\" data-element_type=\"container\" data-settings=\"{&quot;background_background&quot;:&quot;slideshow&quot;,&quot;jet_parallax_layout_list&quot;:[],&quot;background_slideshow_gallery&quot;:[],&quot;background_slideshow_loop&quot;:&quot;yes&quot;,&quot;background_slideshow_slide_duration&quot;:5000,&quot;background_slideshow_slide_transition&quot;:&quot;fade&quot;,&quot;background_slideshow_transition_duration&quot;:500}\">\n\t\t\t\t<div class=\"elementor-element elementor-element-5429ee8 elementor-widget elementor-widget-image\" data-id=\"5429ee8\" data-element_type=\"widget\" data-widget_type=\"image.default\">\n\t\t\t\t<div class=\"elementor-widget-container\">\n\t\t\t\t\t\t\t\t\t\t\t\t\t\t\t<img decoding=\"async\" width=\"300\" height=\"300\" src=\"https:\/\/i0.wp.com\/artsets.cz\/wp-content\/uploads\/2024\/11\/XMAS-2-Web-Site-Photos-9-2.jpg?fit=300%2C300&amp;ssl=1\" class=\"attachment-medium size-medium wp-image-8720\" alt=\"\" srcset=\"https:\/\/i0.wp.com\/artsets.cz\/wp-content\/uploads\/2024\/11\/XMAS-2-Web-Site-Photos-9-2.jpg?w=1080&amp;ssl=1 1080w, https:\/\/i0.wp.com\/artsets.cz\/wp-content\/uploads\/2024\/11\/XMAS-2-Web-Site-Photos-9-2.jpg?resize=300%2C300&amp;ssl=1 300w, https:\/\/i0.wp.com\/artsets.cz\/wp-content\/uploads\/2024\/11\/XMAS-2-Web-Site-Photos-9-2.jpg?resize=1024%2C1024&amp;ssl=1 1024w, https:\/\/i0.wp.com\/artsets.cz\/wp-content\/uploads\/2024\/11\/XMAS-2-Web-Site-Photos-9-2.jpg?resize=150%2C150&amp;ssl=1 150w, https:\/\/i0.wp.com\/artsets.cz\/wp-content\/uploads\/2024\/11\/XMAS-2-Web-Site-Photos-9-2.jpg?resize=768%2C768&amp;ssl=1 768w, https:\/\/i0.wp.com\/artsets.cz\/wp-content\/uploads\/2024\/11\/XMAS-2-Web-Site-Photos-9-2.jpg?resize=230%2C230&amp;ssl=1 230w, https:\/\/i0.wp.com\/artsets.cz\/wp-content\/uploads\/2024\/11\/XMAS-2-Web-Site-Photos-9-2.jpg?resize=400%2C400&amp;ssl=1 400w, https:\/\/i0.wp.com\/artsets.cz\/wp-content\/uploads\/2024\/11\/XMAS-2-Web-Site-Photos-9-2.jpg?resize=651%2C651&amp;ssl=1 651w, https:\/\/i0.wp.com\/artsets.cz\/wp-content\/uploads\/2024\/11\/XMAS-2-Web-Site-Photos-9-2.jpg?resize=640%2C640&amp;ssl=1 640w, https:\/\/i0.wp.com\/artsets.cz\/wp-content\/uploads\/2024\/11\/XMAS-2-Web-Site-Photos-9-2.jpg?resize=600%2C600&amp;ssl=1 600w, https:\/\/i0.wp.com\/artsets.cz\/wp-content\/uploads\/2024\/11\/XMAS-2-Web-Site-Photos-9-2.jpg?resize=100%2C100&amp;ssl=1 100w\" sizes=\"(max-width: 300px) 100vw, 300px\" \/>\t\t\t\t\t\t\t\t\t\t\t\t\t\t\t<\/div>\n\t\t\t\t<\/div>\n\t\t\t\t<\/div>\n\t\t\t\t<\/div>\n\t\t\t\t<\/div>\n\t\t\t\t<\/div>\n\t\t\t\t\t<\/div>\n\t\t\t\t<\/div>\n\t\t\t\t<\/div>\n\t\t","protected":false},"excerpt":{"rendered":"<p>V\u00edtejte na str\u00e1nce s n\u00e1vodem pro vytvo\u0159en\u00ed personalizovan\u00fdch fotor\u00e1me\u010dk\u016f! Tento n\u00e1vod v\u00e1s krok za krokem provede procesem, jak vytvo\u0159it origin\u00e1ln\u00ed fotor\u00e1me\u010dky, kter\u00e9 uchovaj\u00ed va\u0161e vzpom\u00ednky a z\u00e1rove\u0148 ozdob\u00ed v\u00e1\u0161 domov. S na\u0161\u00edm ArtSets setem m\u00e1te v\u0161e pot\u0159ebn\u00e9 pro kreativn\u00ed tvo\u0159en\u00ed, kter\u00e9 odr\u00e1\u017e\u00ed v\u00e1\u0161 styl a osobnost. Podle na\u0161ich podrobn\u00fdch instrukc\u00ed m\u016f\u017eete snadno a rychle vytvo\u0159it [&hellip;]<\/p>\n","protected":false},"author":1,"featured_media":0,"parent":7866,"menu_order":0,"comment_status":"closed","ping_status":"closed","template":"","meta":{"_acf_changed":false,"footnotes":""},"class_list":["post-9025","page","type-page","status-publish","hentry"],"acf":[],"yoast_head":"<!-- This site is optimized with the Yoast SEO plugin v25.3.1 - https:\/\/yoast.com\/wordpress\/plugins\/seo\/ -->\n<title>Instrukce pro tvorbu fotor\u00e1me\u010dk\u016f - ArtSets<\/title>\n<meta name=\"description\" content=\"Nau\u010dte se, jak vytvo\u0159it personalizovan\u00e9 fotor\u00e1me\u010dky a alba s na\u0161\u00ed podrobnou instrukc\u00ed. Krok za krokem si vytvo\u0159\u00edte origin\u00e1ln\u00ed design pro uchov\u00e1n\u00ed va\u0161ich vzpom\u00ednek\" \/>\n<meta name=\"robots\" content=\"index, follow, max-snippet:-1, max-image-preview:large, max-video-preview:-1\" \/>\n<link rel=\"canonical\" href=\"https:\/\/artsets.cz\/instrukce\/instrukce-pro-tvorbu-fotoramecku\/\" \/>\n<meta property=\"og:locale\" content=\"en_US\" \/>\n<meta property=\"og:type\" content=\"article\" \/>\n<meta property=\"og:title\" content=\"Instrukce pro tvorbu fotor\u00e1me\u010dk\u016f - ArtSets\" \/>\n<meta property=\"og:description\" content=\"Nau\u010dte se, jak vytvo\u0159it personalizovan\u00e9 fotor\u00e1me\u010dky a alba s na\u0161\u00ed podrobnou instrukc\u00ed. Krok za krokem si vytvo\u0159\u00edte origin\u00e1ln\u00ed design pro uchov\u00e1n\u00ed va\u0161ich vzpom\u00ednek\" \/>\n<meta property=\"og:url\" content=\"https:\/\/artsets.cz\/instrukce\/instrukce-pro-tvorbu-fotoramecku\/\" \/>\n<meta property=\"og:site_name\" content=\"ArtSets\" \/>\n<meta property=\"article:publisher\" content=\"https:\/\/www.facebook.com\/profile.php?id=61559120043095\" \/>\n<meta property=\"article:modified_time\" content=\"2025-10-04T21:53:21+00:00\" \/>\n<meta property=\"og:image\" content=\"https:\/\/artsets.cz\/wp-content\/uploads\/2024\/11\/21-300x300.jpg\" \/>\n<meta name=\"twitter:card\" content=\"summary_large_image\" \/>\n<meta name=\"twitter:label1\" content=\"Est. reading time\" \/>\n\t<meta name=\"twitter:data1\" content=\"1 minute\" \/>\n<script type=\"application\/ld+json\" class=\"yoast-schema-graph\">{\"@context\":\"https:\/\/schema.org\",\"@graph\":[{\"@type\":\"WebPage\",\"@id\":\"https:\/\/artsets.cz\/instrukce\/instrukce-pro-tvorbu-fotoramecku\/\",\"url\":\"https:\/\/artsets.cz\/instrukce\/instrukce-pro-tvorbu-fotoramecku\/\",\"name\":\"Instrukce pro tvorbu fotor\u00e1me\u010dk\u016f - ArtSets\",\"isPartOf\":{\"@id\":\"https:\/\/artsets.cz\/#website\"},\"primaryImageOfPage\":{\"@id\":\"https:\/\/artsets.cz\/instrukce\/instrukce-pro-tvorbu-fotoramecku\/#primaryimage\"},\"image\":{\"@id\":\"https:\/\/artsets.cz\/instrukce\/instrukce-pro-tvorbu-fotoramecku\/#primaryimage\"},\"thumbnailUrl\":\"https:\/\/artsets.cz\/wp-content\/uploads\/2024\/11\/21-300x300.jpg\",\"datePublished\":\"2024-12-13T10:39:25+00:00\",\"dateModified\":\"2025-10-04T21:53:21+00:00\",\"description\":\"Nau\u010dte se, jak vytvo\u0159it personalizovan\u00e9 fotor\u00e1me\u010dky a alba s na\u0161\u00ed podrobnou instrukc\u00ed. Krok za krokem si vytvo\u0159\u00edte origin\u00e1ln\u00ed design pro uchov\u00e1n\u00ed va\u0161ich vzpom\u00ednek\",\"breadcrumb\":{\"@id\":\"https:\/\/artsets.cz\/instrukce\/instrukce-pro-tvorbu-fotoramecku\/#breadcrumb\"},\"inLanguage\":\"en-US\",\"potentialAction\":[{\"@type\":\"ReadAction\",\"target\":[\"https:\/\/artsets.cz\/instrukce\/instrukce-pro-tvorbu-fotoramecku\/\"]}]},{\"@type\":\"ImageObject\",\"inLanguage\":\"en-US\",\"@id\":\"https:\/\/artsets.cz\/instrukce\/instrukce-pro-tvorbu-fotoramecku\/#primaryimage\",\"url\":\"https:\/\/artsets.cz\/wp-content\/uploads\/2024\/11\/21-300x300.jpg\",\"contentUrl\":\"https:\/\/artsets.cz\/wp-content\/uploads\/2024\/11\/21-300x300.jpg\"},{\"@type\":\"BreadcrumbList\",\"@id\":\"https:\/\/artsets.cz\/instrukce\/instrukce-pro-tvorbu-fotoramecku\/#breadcrumb\",\"itemListElement\":[{\"@type\":\"ListItem\",\"position\":1,\"name\":\"Dom\u016f\",\"item\":\"https:\/\/artsets.cz\/en\/\"},{\"@type\":\"ListItem\",\"position\":2,\"name\":\"Instrukce a n\u00e1vody pro tvorbu s ArtSets sad\",\"item\":\"https:\/\/artsets.cz\/instrukce\/\"},{\"@type\":\"ListItem\",\"position\":3,\"name\":\"Instrukce pro tvorbu fotor\u00e1me\u010dk\u016f\"}]},{\"@type\":\"WebSite\",\"@id\":\"https:\/\/artsets.cz\/#website\",\"url\":\"https:\/\/artsets.cz\/\",\"name\":\"Kreativn\u00ed a jedine\u010dn\u00e9 sady \u2013 ArtSets.cz | Perfektn\u00ed d\u00e1rek\",\"description\":\"Kreativn\u00ed DIY sady \u2013 perfektn\u00ed origin\u00e1ln\u00ed d\u00e1rek! Radost z tvorby s v\u00fdsledkem, kter\u00fd vyu\u017eijete\",\"publisher\":{\"@id\":\"https:\/\/artsets.cz\/#organization\"},\"alternateName\":\"ArtSets\",\"potentialAction\":[{\"@type\":\"SearchAction\",\"target\":{\"@type\":\"EntryPoint\",\"urlTemplate\":\"https:\/\/artsets.cz\/?s={search_term_string}\"},\"query-input\":{\"@type\":\"PropertyValueSpecification\",\"valueRequired\":true,\"valueName\":\"search_term_string\"}}],\"inLanguage\":\"en-US\"},{\"@type\":\"Organization\",\"@id\":\"https:\/\/artsets.cz\/#organization\",\"name\":\"ArtSets\",\"url\":\"https:\/\/artsets.cz\/\",\"logo\":{\"@type\":\"ImageObject\",\"inLanguage\":\"en-US\",\"@id\":\"https:\/\/artsets.cz\/#\/schema\/logo\/image\/\",\"url\":\"\",\"contentUrl\":\"\",\"caption\":\"ArtSets\"},\"image\":{\"@id\":\"https:\/\/artsets.cz\/#\/schema\/logo\/image\/\"},\"sameAs\":[\"https:\/\/www.facebook.com\/profile.php?id=61559120043095\"]}]}<\/script>\n<!-- \/ Yoast SEO plugin. -->","yoast_head_json":{"title":"Instrukce pro tvorbu fotor\u00e1me\u010dk\u016f - ArtSets","description":"Nau\u010dte se, jak vytvo\u0159it personalizovan\u00e9 fotor\u00e1me\u010dky a alba s na\u0161\u00ed podrobnou instrukc\u00ed. Krok za krokem si vytvo\u0159\u00edte origin\u00e1ln\u00ed design pro uchov\u00e1n\u00ed va\u0161ich vzpom\u00ednek","robots":{"index":"index","follow":"follow","max-snippet":"max-snippet:-1","max-image-preview":"max-image-preview:large","max-video-preview":"max-video-preview:-1"},"canonical":"https:\/\/artsets.cz\/instrukce\/instrukce-pro-tvorbu-fotoramecku\/","og_locale":"en_US","og_type":"article","og_title":"Instrukce pro tvorbu fotor\u00e1me\u010dk\u016f - ArtSets","og_description":"Nau\u010dte se, jak vytvo\u0159it personalizovan\u00e9 fotor\u00e1me\u010dky a alba s na\u0161\u00ed podrobnou instrukc\u00ed. Krok za krokem si vytvo\u0159\u00edte origin\u00e1ln\u00ed design pro uchov\u00e1n\u00ed va\u0161ich vzpom\u00ednek","og_url":"https:\/\/artsets.cz\/instrukce\/instrukce-pro-tvorbu-fotoramecku\/","og_site_name":"ArtSets","article_publisher":"https:\/\/www.facebook.com\/profile.php?id=61559120043095","article_modified_time":"2025-10-04T21:53:21+00:00","og_image":[{"url":"https:\/\/artsets.cz\/wp-content\/uploads\/2024\/11\/21-300x300.jpg","type":"","width":"","height":""}],"twitter_card":"summary_large_image","twitter_misc":{"Est. reading time":"1 minute"},"schema":{"@context":"https:\/\/schema.org","@graph":[{"@type":"WebPage","@id":"https:\/\/artsets.cz\/instrukce\/instrukce-pro-tvorbu-fotoramecku\/","url":"https:\/\/artsets.cz\/instrukce\/instrukce-pro-tvorbu-fotoramecku\/","name":"Instrukce pro tvorbu fotor\u00e1me\u010dk\u016f - ArtSets","isPartOf":{"@id":"https:\/\/artsets.cz\/#website"},"primaryImageOfPage":{"@id":"https:\/\/artsets.cz\/instrukce\/instrukce-pro-tvorbu-fotoramecku\/#primaryimage"},"image":{"@id":"https:\/\/artsets.cz\/instrukce\/instrukce-pro-tvorbu-fotoramecku\/#primaryimage"},"thumbnailUrl":"https:\/\/artsets.cz\/wp-content\/uploads\/2024\/11\/21-300x300.jpg","datePublished":"2024-12-13T10:39:25+00:00","dateModified":"2025-10-04T21:53:21+00:00","description":"Nau\u010dte se, jak vytvo\u0159it personalizovan\u00e9 fotor\u00e1me\u010dky a alba s na\u0161\u00ed podrobnou instrukc\u00ed. Krok za krokem si vytvo\u0159\u00edte origin\u00e1ln\u00ed design pro uchov\u00e1n\u00ed va\u0161ich vzpom\u00ednek","breadcrumb":{"@id":"https:\/\/artsets.cz\/instrukce\/instrukce-pro-tvorbu-fotoramecku\/#breadcrumb"},"inLanguage":"en-US","potentialAction":[{"@type":"ReadAction","target":["https:\/\/artsets.cz\/instrukce\/instrukce-pro-tvorbu-fotoramecku\/"]}]},{"@type":"ImageObject","inLanguage":"en-US","@id":"https:\/\/artsets.cz\/instrukce\/instrukce-pro-tvorbu-fotoramecku\/#primaryimage","url":"https:\/\/artsets.cz\/wp-content\/uploads\/2024\/11\/21-300x300.jpg","contentUrl":"https:\/\/artsets.cz\/wp-content\/uploads\/2024\/11\/21-300x300.jpg"},{"@type":"BreadcrumbList","@id":"https:\/\/artsets.cz\/instrukce\/instrukce-pro-tvorbu-fotoramecku\/#breadcrumb","itemListElement":[{"@type":"ListItem","position":1,"name":"Dom\u016f","item":"https:\/\/artsets.cz\/en\/"},{"@type":"ListItem","position":2,"name":"Instrukce a n\u00e1vody pro tvorbu s ArtSets sad","item":"https:\/\/artsets.cz\/instrukce\/"},{"@type":"ListItem","position":3,"name":"Instrukce pro tvorbu fotor\u00e1me\u010dk\u016f"}]},{"@type":"WebSite","@id":"https:\/\/artsets.cz\/#website","url":"https:\/\/artsets.cz\/","name":"Kreativn\u00ed a jedine\u010dn\u00e9 sady \u2013 ArtSets.cz | Perfektn\u00ed d\u00e1rek","description":"Kreativn\u00ed DIY sady \u2013 perfektn\u00ed origin\u00e1ln\u00ed d\u00e1rek! Radost z tvorby s v\u00fdsledkem, kter\u00fd vyu\u017eijete","publisher":{"@id":"https:\/\/artsets.cz\/#organization"},"alternateName":"ArtSets","potentialAction":[{"@type":"SearchAction","target":{"@type":"EntryPoint","urlTemplate":"https:\/\/artsets.cz\/?s={search_term_string}"},"query-input":{"@type":"PropertyValueSpecification","valueRequired":true,"valueName":"search_term_string"}}],"inLanguage":"en-US"},{"@type":"Organization","@id":"https:\/\/artsets.cz\/#organization","name":"ArtSets","url":"https:\/\/artsets.cz\/","logo":{"@type":"ImageObject","inLanguage":"en-US","@id":"https:\/\/artsets.cz\/#\/schema\/logo\/image\/","url":"","contentUrl":"","caption":"ArtSets"},"image":{"@id":"https:\/\/artsets.cz\/#\/schema\/logo\/image\/"},"sameAs":["https:\/\/www.facebook.com\/profile.php?id=61559120043095"]}]}},"_links":{"self":[{"href":"https:\/\/artsets.cz\/en\/wp-json\/wp\/v2\/pages\/9025","targetHints":{"allow":["GET"]}}],"collection":[{"href":"https:\/\/artsets.cz\/en\/wp-json\/wp\/v2\/pages"}],"about":[{"href":"https:\/\/artsets.cz\/en\/wp-json\/wp\/v2\/types\/page"}],"author":[{"embeddable":true,"href":"https:\/\/artsets.cz\/en\/wp-json\/wp\/v2\/users\/1"}],"replies":[{"embeddable":true,"href":"https:\/\/artsets.cz\/en\/wp-json\/wp\/v2\/comments?post=9025"}],"version-history":[{"count":2,"href":"https:\/\/artsets.cz\/en\/wp-json\/wp\/v2\/pages\/9025\/revisions"}],"predecessor-version":[{"id":12053,"href":"https:\/\/artsets.cz\/en\/wp-json\/wp\/v2\/pages\/9025\/revisions\/12053"}],"up":[{"embeddable":true,"href":"https:\/\/artsets.cz\/en\/wp-json\/wp\/v2\/pages\/7866"}],"wp:attachment":[{"href":"https:\/\/artsets.cz\/en\/wp-json\/wp\/v2\/media?parent=9025"}],"curies":[{"name":"wp","href":"https:\/\/api.w.org\/{rel}","templated":true}]}}