{"id":4177,"date":"2024-05-14T12:07:54","date_gmt":"2024-05-14T12:07:54","guid":{"rendered":"https:\/\/artsets.cz\/?post_type=product&#038;p=4177"},"modified":"2026-03-14T18:16:19","modified_gmt":"2026-03-14T18:16:19","slug":"phframe-mozaic-flower-set","status":"publish","type":"product","link":"https:\/\/artsets.cz\/en\/produkt\/phframe-mozaic-flower-set\/","title":{"rendered":"Flower Colors &#8211; Mosaic photo frame set"},"content":{"rendered":"<h4><b>Key Features:<\/b><\/h4>\n<ul>\n<li style=\"font-weight: 400;\" aria-level=\"1\"><b>Perfect Gift: <\/b><span style=\"font-weight: 400;\">A fun, creative present for any celebration!<\/span><\/li>\n<li style=\"font-weight: 400;\" aria-level=\"1\"><b>For Everyone<\/b><span style=\"font-weight: 400;\">: Whether you&#8217;re new or a craft pro, it\u2019s perfect for all skill levels.<\/span><\/li>\n<li style=\"font-weight: 400;\" aria-level=\"1\"><b>DIY<\/b><span style=\"font-weight: 400;\">: Create a photo frame that\u2019s totally YOU! Let your creativity shine.<\/span><\/li>\n<li style=\"font-weight: 400;\" aria-level=\"1\"><b>All-in-One Kit<\/b><span style=\"font-weight: 400;\">: Everything you need is in the box &#8211; photo frame, decorations and tools.<\/span><\/li>\n<\/ul>\n<h4><b>What\u2019s included:<\/b><\/h4>\n<ul>\n<li style=\"font-weight: 400;\" aria-level=\"1\"><span style=\"font-weight: 400;\">photo frame for 10&#215;15 photo;<\/span><\/li>\n<li style=\"font-weight: 400;\" aria-level=\"1\"><span style=\"font-weight: 400;\">flower and butterflies charms;<\/span><\/li>\n<li style=\"font-weight: 400;\" aria-level=\"1\"><span style=\"font-weight: 400;\">mixed color mosaic;<\/span><\/li>\n<li style=\"font-weight: 400;\" aria-level=\"1\"><span style=\"font-weight: 400;\">bead tweezers and scraper;<\/span><\/li>\n<\/ul>\n<h4><b>Details:<\/b><\/h4>\n<ul>\n<li style=\"font-weight: 400;\" aria-level=\"1\"><b>Dimensions:<\/b><span style=\"font-weight: 400;\"> 199 x 121 x 45 mm<\/span><\/li>\n<li style=\"font-weight: 400;\" aria-level=\"1\"><b>Charms and acrylic beads<\/b><span style=\"font-weight: 400;\"> cannot be guaranteed to be exactly the same as on picture. Our charms are constantly being updated, but we try our best to be as close as possible to the product theme<\/span><\/li>\n<li style=\"font-weight: 400;\" aria-level=\"1\"><b>Age Limit:\u00a0<\/b>\n<ul>\n<li style=\"font-weight: 400;\" aria-level=\"1\"><span style=\"font-weight: 400;\">Children under 10 years old should be accompanied by adults<\/span><\/li>\n<li style=\"font-weight: 400;\" aria-level=\"1\"><span style=\"font-weight: 400;\">It is not suitable for children under three years old and avoid eating.<\/span><span style=\"font-weight: 400;\">\u00a0<\/span><\/li>\n<\/ul>\n<\/li>\n<\/ul>\n<ul>\n<li style=\"list-style-type: none;\"><\/li>\n<\/ul>\n<h4><b>Delivery and Returns:<\/b><\/h4>\n<ul>\n<li>Can be delivered to the Czech Republic, Germany, Slovakia, and Poland.<\/li>\n<li>Information about delivery can be found in <a href=\"\/en\/shipping-information\/\">Shipping Information<\/a>, returns &#8211; <a href=\"\/en\/terms-and-conditions\/\">Terms &amp; Conditions<\/a>.<\/li>\n<\/ul>\n","protected":false},"excerpt":{"rendered":"<p><b>Design your own one-of-a-kind flower photo frame!<\/b><\/p>\n<p><b><\/b><span style=\"font-weight: 400;\">Everything you need is in the box: 10&#215;15 photo frame, <\/span><span style=\"font-weight: 400;\">flower and butterfly<\/span><span style=\"font-weight: 400;\"> charms, colorful mosaic, bead tweezers and scraper.<\/span><\/p>\n","protected":false},"featured_media":12180,"comment_status":"open","ping_status":"closed","template":"","meta":{"_acf_changed":false},"product_brand":[],"product_cat":[113],"product_tag":[],"class_list":{"0":"post-4177","1":"product","2":"type-product","3":"status-publish","4":"has-post-thumbnail","6":"product_cat-photo-sets-en","8":"first","9":"instock","10":"taxable","11":"shipping-taxable","12":"purchasable","13":"product-type-simple"},"acf":[],"yoast_head":"<!-- This site is optimized with the Yoast SEO plugin v25.3.1 - https:\/\/yoast.com\/wordpress\/plugins\/seo\/ -->\n<title>Flower Colors - Mosaic photo frame set - ArtSets<\/title>\n<meta name=\"description\" content=\"Craft a unique photo frame with colorful mosaic and flower charms using our DIY kit. An ideal gift for craft lovers and great way to treasure your memories\" \/>\n<meta name=\"robots\" content=\"index, follow, max-snippet:-1, max-image-preview:large, max-video-preview:-1\" \/>\n<link rel=\"canonical\" href=\"https:\/\/artsets.cz\/en\/produkt\/phframe-mozaic-flower-set\" \/>\n<meta property=\"og:locale\" content=\"en_US\" \/>\n<meta property=\"og:type\" content=\"article\" \/>\n<meta property=\"og:title\" content=\"Flower Colors - Mosaic photo frame set - ArtSets\" \/>\n<meta property=\"og:description\" content=\"Craft a unique photo frame with colorful mosaic and flower charms using our DIY kit. An ideal gift for craft lovers and great way to treasure your memories\" \/>\n<meta property=\"og:url\" content=\"https:\/\/artsets.cz\/en\/produkt\/phframe-mozaic-flower-set\" \/>\n<meta property=\"og:site_name\" content=\"ArtSets\" \/>\n<meta property=\"article:publisher\" content=\"https:\/\/www.facebook.com\/profile.php?id=61559120043095\" \/>\n<meta property=\"article:modified_time\" content=\"2026-03-14T18:16:19+00:00\" \/>\n<meta property=\"og:image\" content=\"https:\/\/artsets.cz\/wp-content\/uploads\/2024\/07\/1.png\" \/>\n\t<meta property=\"og:image:width\" content=\"1080\" \/>\n\t<meta property=\"og:image:height\" content=\"1080\" \/>\n\t<meta property=\"og:image:type\" content=\"image\/png\" \/>\n<meta name=\"twitter:card\" content=\"summary_large_image\" \/>\n<meta name=\"twitter:label1\" content=\"Est. reading time\" \/>\n\t<meta name=\"twitter:data1\" content=\"1 minute\" \/>\n<script type=\"application\/ld+json\" class=\"yoast-schema-graph\">{\"@context\":\"https:\/\/schema.org\",\"@graph\":[{\"@type\":\"WebPage\",\"@id\":\"https:\/\/artsets.cz\/en\/produkt\/phframe-mozaic-flower-set\/\",\"url\":\"https:\/\/artsets.cz\/en\/produkt\/phframe-mozaic-flower-set\",\"name\":\"Flower Colors - Mosaic photo frame set - ArtSets\",\"isPartOf\":{\"@id\":\"https:\/\/artsets.cz\/#website\"},\"primaryImageOfPage\":{\"@id\":\"https:\/\/artsets.cz\/en\/produkt\/phframe-mozaic-flower-set#primaryimage\"},\"image\":{\"@id\":\"https:\/\/artsets.cz\/en\/produkt\/phframe-mozaic-flower-set#primaryimage\"},\"thumbnailUrl\":\"https:\/\/i0.wp.com\/artsets.cz\/wp-content\/uploads\/2024\/07\/1.png?fit=1080%2C1080&ssl=1\",\"datePublished\":\"2024-05-14T12:07:54+00:00\",\"dateModified\":\"2026-03-14T18:16:19+00:00\",\"description\":\"Craft a unique photo frame with colorful mosaic and flower charms using our DIY kit. An ideal gift for craft lovers and great way to treasure your memories\",\"breadcrumb\":{\"@id\":\"https:\/\/artsets.cz\/en\/produkt\/phframe-mozaic-flower-set#breadcrumb\"},\"inLanguage\":\"en-US\",\"potentialAction\":[{\"@type\":\"ReadAction\",\"target\":[\"https:\/\/artsets.cz\/en\/produkt\/phframe-mozaic-flower-set\"]}]},{\"@type\":\"ImageObject\",\"inLanguage\":\"en-US\",\"@id\":\"https:\/\/artsets.cz\/en\/produkt\/phframe-mozaic-flower-set#primaryimage\",\"url\":\"https:\/\/i0.wp.com\/artsets.cz\/wp-content\/uploads\/2024\/07\/1.png?fit=1080%2C1080&ssl=1\",\"contentUrl\":\"https:\/\/i0.wp.com\/artsets.cz\/wp-content\/uploads\/2024\/07\/1.png?fit=1080%2C1080&ssl=1\",\"width\":1080,\"height\":1080},{\"@type\":\"BreadcrumbList\",\"@id\":\"https:\/\/artsets.cz\/en\/produkt\/phframe-mozaic-flower-set#breadcrumb\",\"itemListElement\":[{\"@type\":\"ListItem\",\"position\":1,\"name\":\"Dom\u016f\",\"item\":\"https:\/\/artsets.cz\/en\/\"},{\"@type\":\"ListItem\",\"position\":2,\"name\":\"All products\",\"item\":\"https:\/\/artsets.cz\/all-products\/\"},{\"@type\":\"ListItem\",\"position\":3,\"name\":\"Flower Colors &#8211; Mosaic photo frame set\"}]},{\"@type\":\"WebSite\",\"@id\":\"https:\/\/artsets.cz\/#website\",\"url\":\"https:\/\/artsets.cz\/\",\"name\":\"Kreativn\u00ed a jedine\u010dn\u00e9 sady \u2013 ArtSets.cz | Perfektn\u00ed d\u00e1rek\",\"description\":\"Kreativn\u00ed DIY sady \u2013 perfektn\u00ed origin\u00e1ln\u00ed d\u00e1rek! Radost z tvorby s v\u00fdsledkem, kter\u00fd vyu\u017eijete\",\"publisher\":{\"@id\":\"https:\/\/artsets.cz\/#organization\"},\"alternateName\":\"ArtSets\",\"potentialAction\":[{\"@type\":\"SearchAction\",\"target\":{\"@type\":\"EntryPoint\",\"urlTemplate\":\"https:\/\/artsets.cz\/?s={search_term_string}\"},\"query-input\":{\"@type\":\"PropertyValueSpecification\",\"valueRequired\":true,\"valueName\":\"search_term_string\"}}],\"inLanguage\":\"en-US\"},{\"@type\":\"Organization\",\"@id\":\"https:\/\/artsets.cz\/#organization\",\"name\":\"ArtSets\",\"url\":\"https:\/\/artsets.cz\/\",\"logo\":{\"@type\":\"ImageObject\",\"inLanguage\":\"en-US\",\"@id\":\"https:\/\/artsets.cz\/#\/schema\/logo\/image\/\",\"url\":\"\",\"contentUrl\":\"\",\"caption\":\"ArtSets\"},\"image\":{\"@id\":\"https:\/\/artsets.cz\/#\/schema\/logo\/image\/\"},\"sameAs\":[\"https:\/\/www.facebook.com\/profile.php?id=61559120043095\"]}]}<\/script>\n<!-- \/ Yoast SEO plugin. -->","yoast_head_json":{"title":"Flower Colors - Mosaic photo frame set - ArtSets","description":"Craft a unique photo frame with colorful mosaic and flower charms using our DIY kit. An ideal gift for craft lovers and great way to treasure your memories","robots":{"index":"index","follow":"follow","max-snippet":"max-snippet:-1","max-image-preview":"max-image-preview:large","max-video-preview":"max-video-preview:-1"},"canonical":"https:\/\/artsets.cz\/en\/produkt\/phframe-mozaic-flower-set","og_locale":"en_US","og_type":"article","og_title":"Flower Colors - Mosaic photo frame set - ArtSets","og_description":"Craft a unique photo frame with colorful mosaic and flower charms using our DIY kit. An ideal gift for craft lovers and great way to treasure your memories","og_url":"https:\/\/artsets.cz\/en\/produkt\/phframe-mozaic-flower-set","og_site_name":"ArtSets","article_publisher":"https:\/\/www.facebook.com\/profile.php?id=61559120043095","article_modified_time":"2026-03-14T18:16:19+00:00","og_image":[{"width":1080,"height":1080,"url":"https:\/\/artsets.cz\/wp-content\/uploads\/2024\/07\/1.png","type":"image\/png"}],"twitter_card":"summary_large_image","twitter_misc":{"Est. reading time":"1 minute"},"schema":{"@context":"https:\/\/schema.org","@graph":[{"@type":"WebPage","@id":"https:\/\/artsets.cz\/en\/produkt\/phframe-mozaic-flower-set\/","url":"https:\/\/artsets.cz\/en\/produkt\/phframe-mozaic-flower-set","name":"Flower Colors - Mosaic photo frame set - ArtSets","isPartOf":{"@id":"https:\/\/artsets.cz\/#website"},"primaryImageOfPage":{"@id":"https:\/\/artsets.cz\/en\/produkt\/phframe-mozaic-flower-set#primaryimage"},"image":{"@id":"https:\/\/artsets.cz\/en\/produkt\/phframe-mozaic-flower-set#primaryimage"},"thumbnailUrl":"https:\/\/i0.wp.com\/artsets.cz\/wp-content\/uploads\/2024\/07\/1.png?fit=1080%2C1080&ssl=1","datePublished":"2024-05-14T12:07:54+00:00","dateModified":"2026-03-14T18:16:19+00:00","description":"Craft a unique photo frame with colorful mosaic and flower charms using our DIY kit. An ideal gift for craft lovers and great way to treasure your memories","breadcrumb":{"@id":"https:\/\/artsets.cz\/en\/produkt\/phframe-mozaic-flower-set#breadcrumb"},"inLanguage":"en-US","potentialAction":[{"@type":"ReadAction","target":["https:\/\/artsets.cz\/en\/produkt\/phframe-mozaic-flower-set"]}]},{"@type":"ImageObject","inLanguage":"en-US","@id":"https:\/\/artsets.cz\/en\/produkt\/phframe-mozaic-flower-set#primaryimage","url":"https:\/\/i0.wp.com\/artsets.cz\/wp-content\/uploads\/2024\/07\/1.png?fit=1080%2C1080&ssl=1","contentUrl":"https:\/\/i0.wp.com\/artsets.cz\/wp-content\/uploads\/2024\/07\/1.png?fit=1080%2C1080&ssl=1","width":1080,"height":1080},{"@type":"BreadcrumbList","@id":"https:\/\/artsets.cz\/en\/produkt\/phframe-mozaic-flower-set#breadcrumb","itemListElement":[{"@type":"ListItem","position":1,"name":"Dom\u016f","item":"https:\/\/artsets.cz\/en\/"},{"@type":"ListItem","position":2,"name":"All products","item":"https:\/\/artsets.cz\/all-products\/"},{"@type":"ListItem","position":3,"name":"Flower Colors &#8211; Mosaic photo frame set"}]},{"@type":"WebSite","@id":"https:\/\/artsets.cz\/#website","url":"https:\/\/artsets.cz\/","name":"Kreativn\u00ed a jedine\u010dn\u00e9 sady \u2013 ArtSets.cz | Perfektn\u00ed d\u00e1rek","description":"Kreativn\u00ed DIY sady \u2013 perfektn\u00ed origin\u00e1ln\u00ed d\u00e1rek! Radost z tvorby s v\u00fdsledkem, kter\u00fd vyu\u017eijete","publisher":{"@id":"https:\/\/artsets.cz\/#organization"},"alternateName":"ArtSets","potentialAction":[{"@type":"SearchAction","target":{"@type":"EntryPoint","urlTemplate":"https:\/\/artsets.cz\/?s={search_term_string}"},"query-input":{"@type":"PropertyValueSpecification","valueRequired":true,"valueName":"search_term_string"}}],"inLanguage":"en-US"},{"@type":"Organization","@id":"https:\/\/artsets.cz\/#organization","name":"ArtSets","url":"https:\/\/artsets.cz\/","logo":{"@type":"ImageObject","inLanguage":"en-US","@id":"https:\/\/artsets.cz\/#\/schema\/logo\/image\/","url":"","contentUrl":"","caption":"ArtSets"},"image":{"@id":"https:\/\/artsets.cz\/#\/schema\/logo\/image\/"},"sameAs":["https:\/\/www.facebook.com\/profile.php?id=61559120043095"]}]}},"_links":{"self":[{"href":"https:\/\/artsets.cz\/en\/wp-json\/wp\/v2\/product\/4177","targetHints":{"allow":["GET"]}}],"collection":[{"href":"https:\/\/artsets.cz\/en\/wp-json\/wp\/v2\/product"}],"about":[{"href":"https:\/\/artsets.cz\/en\/wp-json\/wp\/v2\/types\/product"}],"replies":[{"embeddable":true,"href":"https:\/\/artsets.cz\/en\/wp-json\/wp\/v2\/comments?post=4177"}],"version-history":[{"count":1,"href":"https:\/\/artsets.cz\/en\/wp-json\/wp\/v2\/product\/4177\/revisions"}],"predecessor-version":[{"id":10327,"href":"https:\/\/artsets.cz\/en\/wp-json\/wp\/v2\/product\/4177\/revisions\/10327"}],"wp:featuredmedia":[{"embeddable":true,"href":"https:\/\/artsets.cz\/en\/wp-json\/wp\/v2\/media\/12180"}],"wp:attachment":[{"href":"https:\/\/artsets.cz\/en\/wp-json\/wp\/v2\/media?parent=4177"}],"wp:term":[{"taxonomy":"product_brand","embeddable":true,"href":"https:\/\/artsets.cz\/en\/wp-json\/wp\/v2\/product_brand?post=4177"},{"taxonomy":"product_cat","embeddable":true,"href":"https:\/\/artsets.cz\/en\/wp-json\/wp\/v2\/product_cat?post=4177"},{"taxonomy":"product_tag","embeddable":true,"href":"https:\/\/artsets.cz\/en\/wp-json\/wp\/v2\/product_tag?post=4177"}],"curies":[{"name":"wp","href":"https:\/\/api.w.org\/{rel}","templated":true}]}}