{"id":4815,"date":"2024-07-10T15:28:01","date_gmt":"2024-07-10T15:28:01","guid":{"rendered":"https:\/\/artsets.cz\/?post_type=product&#038;p=4815"},"modified":"2025-12-03T10:51:17","modified_gmt":"2025-12-03T10:51:17","slug":"mc-kawaii-set","status":"publish","type":"product","link":"https:\/\/artsets.cz\/en\/produkt\/mc-kawaii-set\/","title":{"rendered":"Kawaii Style &#8211; Mobile case set"},"content":{"rendered":"<h4><b>Key Features:<\/b><\/h4>\n<ul>\n<li style=\"font-weight: 400;\" aria-level=\"1\"><b>Perfect Gift: <\/b><span style=\"font-weight: 400;\">A fun, creative present for any celebration!<\/span><\/li>\n<li style=\"font-weight: 400;\" aria-level=\"1\"><b>For Everyone<\/b><span style=\"font-weight: 400;\">: Whether you&#8217;re new or a craft pro, it\u2019s perfect for all kids\u2019 skill levels.<\/span><\/li>\n<li style=\"font-weight: 400;\" aria-level=\"1\"><b>DIY<\/b><span style=\"font-weight: 400;\">: Create a case that\u2019s totally YOU! Let your creativity shine.<\/span><\/li>\n<li style=\"font-weight: 400;\" aria-level=\"1\"><b>All-in-One Kit<\/b><span style=\"font-weight: 400;\">: Everything you need is in the box &#8211; mobile case, decorations and tools.<\/span><\/li>\n<\/ul>\n<h4><b>What\u2019s included:<\/b><\/h4>\n<ul>\n<li style=\"font-weight: 400;\" aria-level=\"1\"><span style=\"font-weight: 400;\">mobile case;<\/span><\/li>\n<li style=\"font-weight: 400;\" aria-level=\"1\"><span style=\"font-weight: 400;\">white and pink cream glue;<\/span><\/li>\n<li style=\"font-weight: 400;\" aria-level=\"1\"><span style=\"font-weight: 400;\">charms and acrylic beads;<\/span><\/li>\n<li style=\"font-weight: 400;\" aria-level=\"1\"><span style=\"font-weight: 400;\">bead tweezers, scraper, wipe and glue;<\/span><\/li>\n<\/ul>\n<h4><b>Details:<\/b><\/h4>\n<ul>\n<li style=\"font-weight: 400;\" aria-level=\"1\"><b>Dimensions:<\/b><span style=\"font-weight: 400;\"> 199 x 121 x 45 mm<\/span><\/li>\n<li style=\"font-weight: 400;\" aria-level=\"1\"><b>Charms and acrylic beads<\/b><span style=\"font-weight: 400;\"> cannot be guaranteed to be exactly the same as on picture. Our charms are constantly being updated, but we try our best to be as close as possible to the product theme<\/span><\/li>\n<li style=\"font-weight: 400;\" aria-level=\"1\"><b>Age Limit:\u00a0<\/b>\n<ul>\n<li style=\"font-weight: 400;\" aria-level=\"1\"><span style=\"font-weight: 400;\">Kids under 10 years old should be accompanied by adults<\/span><\/li>\n<li style=\"font-weight: 400;\" aria-level=\"1\"><span style=\"font-weight: 400;\">It is not suitable for children under three years old and avoid eating.<\/span><span style=\"font-weight: 400;\">\u00a0<\/span><\/li>\n<\/ul>\n<\/li>\n<\/ul>\n<h4><b>Delivery and Returns:<\/b><\/h4>\n<ul>\n<li style=\"font-weight: 400;\" aria-level=\"1\"><span style=\"font-weight: 400;\">Can be delivered to the Czech Republic, Germany, Slovakia and Poland. <\/span><\/li>\n<li style=\"font-weight: 400;\" aria-level=\"1\">Information about delivery can be found in <a href=\"https:\/\/artsets.cz\/shipping-information\/?lang=en\">Shipping Information<\/a>, returns &#8211; <a href=\"https:\/\/artsets.cz\/terms-and-conditions\/?lang=en\">Terms&amp;Conditions<\/a><\/li>\n<\/ul>\n","protected":false},"excerpt":{"rendered":"<div class=\"flex flex-grow flex-col max-w-full\">\n<div class=\"min-h-[20px] text-message flex flex-col items-start whitespace-pre-wrap break-words [.text-message+&amp;]:mt-5 juice:w-full juice:items-end overflow-x-auto gap-2\" dir=\"auto\" data-message-author-role=\"assistant\" data-message-id=\"872265f1-ba90-4dc9-b28e-cff86f85bd31\">\n<div class=\"flex w-full flex-col gap-1 juice:empty:hidden juice:first:pt-[3px]\">\n<div class=\"markdown prose w-full break-words dark:prose-invert light\">\n<p><b>Design your own Kawaii mobile case!<\/b><\/p>\n<p><span style=\"font-weight: 400;\">Set contains: mobile case, white and pink cream glue, Kawaii charms and colorful beads, tweezers, scraper, and a wet wipe.<\/span><\/p>\n<\/div>\n<\/div>\n<\/div>\n<\/div>\n","protected":false},"featured_media":11416,"comment_status":"open","ping_status":"closed","template":"","meta":{"_acf_changed":false},"product_brand":[],"product_cat":[109],"product_tag":[],"class_list":{"0":"post-4815","1":"product","2":"type-product","3":"status-publish","4":"has-post-thumbnail","6":"product_cat-mcases-sets-en","8":"first","9":"instock","10":"taxable","11":"shipping-taxable","12":"purchasable","13":"product-type-simple"},"acf":[],"yoast_head":"<!-- This site is optimized with the Yoast SEO plugin v25.3.1 - https:\/\/yoast.com\/wordpress\/plugins\/seo\/ -->\n<title>Kawaii Style - Mobile case set - ArtSets<\/title>\n<meta name=\"description\" content=\"Create your own adorable phone case with our DIY Set! This set is a dream for craft lovers - perfect for creating a stylish new look for your phone!\" \/>\n<meta name=\"robots\" content=\"index, follow, max-snippet:-1, max-image-preview:large, max-video-preview:-1\" \/>\n<link rel=\"canonical\" href=\"https:\/\/artsets.cz\/en\/produkt\/mc-kawaii-set\" \/>\n<meta property=\"og:locale\" content=\"en_US\" \/>\n<meta property=\"og:type\" content=\"article\" \/>\n<meta property=\"og:title\" content=\"Kawaii Style - Mobile case set - ArtSets\" \/>\n<meta property=\"og:description\" content=\"Create your own adorable phone case with our DIY Set! This set is a dream for craft lovers - perfect for creating a stylish new look for your phone!\" \/>\n<meta property=\"og:url\" content=\"https:\/\/artsets.cz\/en\/produkt\/mc-kawaii-set\" \/>\n<meta property=\"og:site_name\" content=\"ArtSets\" \/>\n<meta property=\"article:publisher\" content=\"https:\/\/www.facebook.com\/profile.php?id=61559120043095\" \/>\n<meta property=\"article:modified_time\" content=\"2025-12-03T10:51:17+00:00\" \/>\n<meta property=\"og:image\" content=\"https:\/\/artsets.cz\/wp-content\/uploads\/2025\/09\/kawaii-styl-kryt-na-mobil-diy-sada.jpg\" \/>\n\t<meta property=\"og:image:width\" content=\"1080\" \/>\n\t<meta property=\"og:image:height\" content=\"1080\" \/>\n\t<meta property=\"og:image:type\" content=\"image\/jpeg\" \/>\n<meta name=\"twitter:card\" content=\"summary_large_image\" \/>\n<meta name=\"twitter:label1\" content=\"Est. reading time\" \/>\n\t<meta name=\"twitter:data1\" content=\"1 minute\" \/>\n<script type=\"application\/ld+json\" class=\"yoast-schema-graph\">{\"@context\":\"https:\/\/schema.org\",\"@graph\":[{\"@type\":\"WebPage\",\"@id\":\"https:\/\/artsets.cz\/en\/produkt\/mc-kawaii-set\/\",\"url\":\"https:\/\/artsets.cz\/en\/produkt\/mc-kawaii-set\",\"name\":\"Kawaii Style - Mobile case set - ArtSets\",\"isPartOf\":{\"@id\":\"https:\/\/artsets.cz\/#website\"},\"primaryImageOfPage\":{\"@id\":\"https:\/\/artsets.cz\/en\/produkt\/mc-kawaii-set#primaryimage\"},\"image\":{\"@id\":\"https:\/\/artsets.cz\/en\/produkt\/mc-kawaii-set#primaryimage\"},\"thumbnailUrl\":\"https:\/\/i0.wp.com\/artsets.cz\/wp-content\/uploads\/2025\/09\/kawaii-styl-kryt-na-mobil-diy-sada.jpg?fit=1080%2C1080&ssl=1\",\"datePublished\":\"2024-07-10T15:28:01+00:00\",\"dateModified\":\"2025-12-03T10:51:17+00:00\",\"description\":\"Create your own adorable phone case with our DIY Set! This set is a dream for craft lovers - perfect for creating a stylish new look for your phone!\",\"breadcrumb\":{\"@id\":\"https:\/\/artsets.cz\/en\/produkt\/mc-kawaii-set#breadcrumb\"},\"inLanguage\":\"en-US\",\"potentialAction\":[{\"@type\":\"ReadAction\",\"target\":[\"https:\/\/artsets.cz\/en\/produkt\/mc-kawaii-set\"]}]},{\"@type\":\"ImageObject\",\"inLanguage\":\"en-US\",\"@id\":\"https:\/\/artsets.cz\/en\/produkt\/mc-kawaii-set#primaryimage\",\"url\":\"https:\/\/i0.wp.com\/artsets.cz\/wp-content\/uploads\/2025\/09\/kawaii-styl-kryt-na-mobil-diy-sada.jpg?fit=1080%2C1080&ssl=1\",\"contentUrl\":\"https:\/\/i0.wp.com\/artsets.cz\/wp-content\/uploads\/2025\/09\/kawaii-styl-kryt-na-mobil-diy-sada.jpg?fit=1080%2C1080&ssl=1\",\"width\":1080,\"height\":1080,\"caption\":\"Vytvo\u0159te si origin\u00e1ln\u00ed kryt na mobil s na\u0161\u00ed DIY sadou \u2013 snadn\u00e9, z\u00e1bavn\u00e9 a jedine\u010dn\u00e9!\"},{\"@type\":\"BreadcrumbList\",\"@id\":\"https:\/\/artsets.cz\/en\/produkt\/mc-kawaii-set#breadcrumb\",\"itemListElement\":[{\"@type\":\"ListItem\",\"position\":1,\"name\":\"Dom\u016f\",\"item\":\"https:\/\/artsets.cz\/en\/\"},{\"@type\":\"ListItem\",\"position\":2,\"name\":\"All products\",\"item\":\"https:\/\/artsets.cz\/all-products\/\"},{\"@type\":\"ListItem\",\"position\":3,\"name\":\"Kawaii Style &#8211; Mobile case set\"}]},{\"@type\":\"WebSite\",\"@id\":\"https:\/\/artsets.cz\/#website\",\"url\":\"https:\/\/artsets.cz\/\",\"name\":\"Kreativn\u00ed a jedine\u010dn\u00e9 sady \u2013 ArtSets.cz | Perfektn\u00ed d\u00e1rek\",\"description\":\"Kreativn\u00ed DIY sady \u2013 perfektn\u00ed origin\u00e1ln\u00ed d\u00e1rek! Radost z tvorby s v\u00fdsledkem, kter\u00fd vyu\u017eijete\",\"publisher\":{\"@id\":\"https:\/\/artsets.cz\/#organization\"},\"alternateName\":\"ArtSets\",\"potentialAction\":[{\"@type\":\"SearchAction\",\"target\":{\"@type\":\"EntryPoint\",\"urlTemplate\":\"https:\/\/artsets.cz\/?s={search_term_string}\"},\"query-input\":{\"@type\":\"PropertyValueSpecification\",\"valueRequired\":true,\"valueName\":\"search_term_string\"}}],\"inLanguage\":\"en-US\"},{\"@type\":\"Organization\",\"@id\":\"https:\/\/artsets.cz\/#organization\",\"name\":\"ArtSets\",\"url\":\"https:\/\/artsets.cz\/\",\"logo\":{\"@type\":\"ImageObject\",\"inLanguage\":\"en-US\",\"@id\":\"https:\/\/artsets.cz\/#\/schema\/logo\/image\/\",\"url\":\"\",\"contentUrl\":\"\",\"caption\":\"ArtSets\"},\"image\":{\"@id\":\"https:\/\/artsets.cz\/#\/schema\/logo\/image\/\"},\"sameAs\":[\"https:\/\/www.facebook.com\/profile.php?id=61559120043095\"]}]}<\/script>\n<!-- \/ Yoast SEO plugin. -->","yoast_head_json":{"title":"Kawaii Style - Mobile case set - ArtSets","description":"Create your own adorable phone case with our DIY Set! This set is a dream for craft lovers - perfect for creating a stylish new look for your phone!","robots":{"index":"index","follow":"follow","max-snippet":"max-snippet:-1","max-image-preview":"max-image-preview:large","max-video-preview":"max-video-preview:-1"},"canonical":"https:\/\/artsets.cz\/en\/produkt\/mc-kawaii-set","og_locale":"en_US","og_type":"article","og_title":"Kawaii Style - Mobile case set - ArtSets","og_description":"Create your own adorable phone case with our DIY Set! This set is a dream for craft lovers - perfect for creating a stylish new look for your phone!","og_url":"https:\/\/artsets.cz\/en\/produkt\/mc-kawaii-set","og_site_name":"ArtSets","article_publisher":"https:\/\/www.facebook.com\/profile.php?id=61559120043095","article_modified_time":"2025-12-03T10:51:17+00:00","og_image":[{"width":1080,"height":1080,"url":"https:\/\/artsets.cz\/wp-content\/uploads\/2025\/09\/kawaii-styl-kryt-na-mobil-diy-sada.jpg","type":"image\/jpeg"}],"twitter_card":"summary_large_image","twitter_misc":{"Est. reading time":"1 minute"},"schema":{"@context":"https:\/\/schema.org","@graph":[{"@type":"WebPage","@id":"https:\/\/artsets.cz\/en\/produkt\/mc-kawaii-set\/","url":"https:\/\/artsets.cz\/en\/produkt\/mc-kawaii-set","name":"Kawaii Style - Mobile case set - ArtSets","isPartOf":{"@id":"https:\/\/artsets.cz\/#website"},"primaryImageOfPage":{"@id":"https:\/\/artsets.cz\/en\/produkt\/mc-kawaii-set#primaryimage"},"image":{"@id":"https:\/\/artsets.cz\/en\/produkt\/mc-kawaii-set#primaryimage"},"thumbnailUrl":"https:\/\/i0.wp.com\/artsets.cz\/wp-content\/uploads\/2025\/09\/kawaii-styl-kryt-na-mobil-diy-sada.jpg?fit=1080%2C1080&ssl=1","datePublished":"2024-07-10T15:28:01+00:00","dateModified":"2025-12-03T10:51:17+00:00","description":"Create your own adorable phone case with our DIY Set! This set is a dream for craft lovers - perfect for creating a stylish new look for your phone!","breadcrumb":{"@id":"https:\/\/artsets.cz\/en\/produkt\/mc-kawaii-set#breadcrumb"},"inLanguage":"en-US","potentialAction":[{"@type":"ReadAction","target":["https:\/\/artsets.cz\/en\/produkt\/mc-kawaii-set"]}]},{"@type":"ImageObject","inLanguage":"en-US","@id":"https:\/\/artsets.cz\/en\/produkt\/mc-kawaii-set#primaryimage","url":"https:\/\/i0.wp.com\/artsets.cz\/wp-content\/uploads\/2025\/09\/kawaii-styl-kryt-na-mobil-diy-sada.jpg?fit=1080%2C1080&ssl=1","contentUrl":"https:\/\/i0.wp.com\/artsets.cz\/wp-content\/uploads\/2025\/09\/kawaii-styl-kryt-na-mobil-diy-sada.jpg?fit=1080%2C1080&ssl=1","width":1080,"height":1080,"caption":"Vytvo\u0159te si origin\u00e1ln\u00ed kryt na mobil s na\u0161\u00ed DIY sadou \u2013 snadn\u00e9, z\u00e1bavn\u00e9 a jedine\u010dn\u00e9!"},{"@type":"BreadcrumbList","@id":"https:\/\/artsets.cz\/en\/produkt\/mc-kawaii-set#breadcrumb","itemListElement":[{"@type":"ListItem","position":1,"name":"Dom\u016f","item":"https:\/\/artsets.cz\/en\/"},{"@type":"ListItem","position":2,"name":"All products","item":"https:\/\/artsets.cz\/all-products\/"},{"@type":"ListItem","position":3,"name":"Kawaii Style &#8211; Mobile case set"}]},{"@type":"WebSite","@id":"https:\/\/artsets.cz\/#website","url":"https:\/\/artsets.cz\/","name":"Kreativn\u00ed a jedine\u010dn\u00e9 sady \u2013 ArtSets.cz | Perfektn\u00ed d\u00e1rek","description":"Kreativn\u00ed DIY sady \u2013 perfektn\u00ed origin\u00e1ln\u00ed d\u00e1rek! Radost z tvorby s v\u00fdsledkem, kter\u00fd vyu\u017eijete","publisher":{"@id":"https:\/\/artsets.cz\/#organization"},"alternateName":"ArtSets","potentialAction":[{"@type":"SearchAction","target":{"@type":"EntryPoint","urlTemplate":"https:\/\/artsets.cz\/?s={search_term_string}"},"query-input":{"@type":"PropertyValueSpecification","valueRequired":true,"valueName":"search_term_string"}}],"inLanguage":"en-US"},{"@type":"Organization","@id":"https:\/\/artsets.cz\/#organization","name":"ArtSets","url":"https:\/\/artsets.cz\/","logo":{"@type":"ImageObject","inLanguage":"en-US","@id":"https:\/\/artsets.cz\/#\/schema\/logo\/image\/","url":"","contentUrl":"","caption":"ArtSets"},"image":{"@id":"https:\/\/artsets.cz\/#\/schema\/logo\/image\/"},"sameAs":["https:\/\/www.facebook.com\/profile.php?id=61559120043095"]}]}},"_links":{"self":[{"href":"https:\/\/artsets.cz\/en\/wp-json\/wp\/v2\/product\/4815","targetHints":{"allow":["GET"]}}],"collection":[{"href":"https:\/\/artsets.cz\/en\/wp-json\/wp\/v2\/product"}],"about":[{"href":"https:\/\/artsets.cz\/en\/wp-json\/wp\/v2\/types\/product"}],"replies":[{"embeddable":true,"href":"https:\/\/artsets.cz\/en\/wp-json\/wp\/v2\/comments?post=4815"}],"version-history":[{"count":1,"href":"https:\/\/artsets.cz\/en\/wp-json\/wp\/v2\/product\/4815\/revisions"}],"predecessor-version":[{"id":10348,"href":"https:\/\/artsets.cz\/en\/wp-json\/wp\/v2\/product\/4815\/revisions\/10348"}],"wp:featuredmedia":[{"embeddable":true,"href":"https:\/\/artsets.cz\/en\/wp-json\/wp\/v2\/media\/11416"}],"wp:attachment":[{"href":"https:\/\/artsets.cz\/en\/wp-json\/wp\/v2\/media?parent=4815"}],"wp:term":[{"taxonomy":"product_brand","embeddable":true,"href":"https:\/\/artsets.cz\/en\/wp-json\/wp\/v2\/product_brand?post=4815"},{"taxonomy":"product_cat","embeddable":true,"href":"https:\/\/artsets.cz\/en\/wp-json\/wp\/v2\/product_cat?post=4815"},{"taxonomy":"product_tag","embeddable":true,"href":"https:\/\/artsets.cz\/en\/wp-json\/wp\/v2\/product_tag?post=4815"}],"curies":[{"name":"wp","href":"https:\/\/api.w.org\/{rel}","templated":true}]}}