{"id":6637,"date":"2024-09-07T10:24:43","date_gmt":"2024-09-07T10:24:43","guid":{"rendered":"https:\/\/artsets.cz\/?post_type=product&#038;p=6637"},"modified":"2025-02-14T22:44:31","modified_gmt":"2025-02-14T22:44:31","slug":"coaster-10r-ybw-mozaic-set","status":"publish","type":"product","link":"https:\/\/artsets.cz\/en\/produkt\/coaster-10r-ybw-mozaic-set\/","title":{"rendered":"Yellow &#038; Black Mosaic &#8211; 10cm Round Coasters Set"},"content":{"rendered":"<h4><strong>Key Features:<\/strong><\/h4>\n<ul>\n<li style=\"font-weight: 400;\" aria-level=\"1\"><b>Wooden Round Coasters<\/b><span style=\"font-weight: 400;\">: Provides a natural and eco-friendly coaster for your mosaic project, ensuring durability and sustainability.<\/span><\/li>\n<li style=\"font-weight: 400;\" aria-level=\"1\"><b>Sparkling Mosaic Pieces:<\/b><span style=\"font-weight: 400;\"> Dive into a rainbow of colorful, shiny tiles that catch the light and make your frame totally awesome!<\/span><\/li>\n<li style=\"font-weight: 400;\" aria-level=\"1\"><b>Complete Crafting Kit<\/b><span style=\"font-weight: 400;\">: Everything you need is included\u2014glue, mosaic and bead tweezers\u2014for a smooth, fun crafting adventure.<\/span><\/li>\n<li style=\"font-weight: 400;\" aria-level=\"1\"><b>Creative Expression<\/b><span style=\"font-weight: 400;\">: Show off your unique style and personality with this fun, artistic project that lets your creativity shine.<\/span><\/li>\n<li style=\"font-weight: 400;\" aria-level=\"1\"><b>Multi-purpose Design Options<\/b><span style=\"font-weight: 400;\">: Mix and match endless decorations to create as many cool styles as you can imagine.<\/span><\/li>\n<li style=\"font-weight: 400;\" aria-level=\"1\"><b>Great for All Skill Levels<\/b><span style=\"font-weight: 400;\">: \u00a0 Perfect for beginners and more experienced crafters alike, offering endless customization for everyone.<\/span><\/li>\n<li style=\"font-weight: 400;\" aria-level=\"1\"><b>Perfect for Gifting<\/b><span style=\"font-weight: 400;\">: Makes an awesome gift for birthdays or any special occasion\u2014it&#8217;s fun, thoughtful, and totally unique.<\/span><\/li>\n<li style=\"font-weight: 400;\" aria-level=\"1\"><b>Interactive Group Activity<\/b><span style=\"font-weight: 400;\">: Perfect for parties or family craft days, letting everyone join in the fun and create together.<\/span><\/li>\n<\/ul>\n<h4><b>What\u2019s included<\/b><span style=\"font-weight: 400;\">:<\/span><\/h4>\n<ul>\n<li style=\"font-weight: 400;\" aria-level=\"1\"><span style=\"font-weight: 400;\">2 wooden 10cm coasters;<\/span><\/li>\n<li style=\"font-weight: 400;\" aria-level=\"1\"><span style=\"font-weight: 400;\">yellow, black and white mosaic crystal glass pieces;<\/span><\/li>\n<li style=\"font-weight: 400;\" aria-level=\"1\"><span style=\"font-weight: 400;\">plastic bead tweezers;<\/span><\/li>\n<li style=\"font-weight: 400;\" aria-level=\"1\"><span style=\"font-weight: 400;\">glue;<\/span><\/li>\n<li style=\"font-weight: 400;\" aria-level=\"1\"><span style=\"font-weight: 400;\">bowl and stick;<\/span><\/li>\n<li style=\"font-weight: 400;\" aria-level=\"1\"><span style=\"font-weight: 400;\">sponge;<\/span><\/li>\n<li style=\"font-weight: 400;\" aria-level=\"1\"><span style=\"font-weight: 400;\">chaulk;<\/span><\/li>\n<\/ul>\n<h4><b>Details<\/b><span style=\"font-weight: 400;\">:<\/span><\/h4>\n<ul>\n<li style=\"font-weight: 400;\" aria-level=\"1\"><span style=\"font-weight: 400;\">Dimensions: <\/span><span style=\"font-weight: 400;\">162 x 154 x 52 mm<\/span><\/li>\n<li style=\"font-weight: 400;\" aria-level=\"1\"><span style=\"font-weight: 400;\">Mosaic pieces<\/span><span style=\"font-weight: 400;\"> cannot be guaranteed to be exactly the same as on picture. Our charms are constantly being updated, but we try our best to be as close as possible to the product theme<\/span><\/li>\n<li style=\"font-weight: 400;\" aria-level=\"1\"><span style=\"font-weight: 400;\">Age Limit:\u00a0<\/span>\n<ul>\n<li style=\"font-weight: 400;\" aria-level=\"2\"><span style=\"font-weight: 400;\">Children under 10 years old should use it with an adult.\u00a0<\/span><\/li>\n<li style=\"font-weight: 400;\" aria-level=\"2\"><span style=\"font-weight: 400;\">It is not suitable for children under three years old and avoid eating.<\/span><span style=\"font-weight: 400;\">\u00a0<\/span><\/li>\n<\/ul>\n<\/li>\n<\/ul>\n<h4><strong>Delivery:<\/strong><\/h4>\n<ul>\n<li style=\"font-weight: 400;\" aria-level=\"1\"><span style=\"font-weight: 400;\">Can be delivered to the Czech Republic, Germany, Slovakia and Poland.\u00a0<\/span><\/li>\n<li style=\"font-weight: 400;\" aria-level=\"1\"><span style=\"font-weight: 400;\">Prices for delivery can be found here &#8211; <\/span><a href=\"https:\/\/artsets.cz\/shipping-information\/?lang=en\"><span style=\"font-weight: 400;\">Shipping Information<\/span><\/a><\/li>\n<\/ul>\n<h4><strong>Returns:<\/strong><\/h4>\n<ul>\n<li><span style=\"font-weight: 400;\">Check our Return Policy here &#8211; <\/span><a href=\"https:\/\/artsets.cz\/terms-and-conditions\/?lang=en\"><span style=\"font-weight: 400;\">Terms&amp;Conditions<\/span><\/a><\/li>\n<\/ul>\n","protected":false},"excerpt":{"rendered":"<p><span style=\"font-weight: 400;\">Ready to add a pop of color to your space? <\/span><br \/>\n<span style=\"font-weight: 400;\">Design your own vibrant coasters that are perfect for holding pen holders, cups, and more. <\/span><br \/>\n<span style=\"font-weight: 400;\">In the box, you&#8217;ll find two coasters, yellow, black and white mosaic, bead tweezers, glue, a bowl and stick, sponge, and chalk. <\/span><br \/>\n<span style=\"font-weight: 400;\">Dive into this craft and display your creative skills every time you serve up a drink!<\/span><\/p>\n","protected":false},"featured_media":7029,"comment_status":"open","ping_status":"closed","template":"","meta":{"_acf_changed":false},"product_brand":[],"product_cat":[210],"product_tag":[],"class_list":{"0":"post-6637","1":"product","2":"type-product","3":"status-publish","4":"has-post-thumbnail","6":"product_cat-coasters-sets-en","8":"first","9":"instock","10":"taxable","11":"shipping-taxable","12":"purchasable","13":"product-type-simple"},"acf":[],"yoast_head":"<!-- This site is optimized with the Yoast SEO plugin v25.3.1 - https:\/\/yoast.com\/wordpress\/plugins\/seo\/ -->\n<title>Yellow &amp; Black Mosaic - 10cm Round Coasters Set - ArtSets<\/title>\n<meta name=\"description\" content=\"Create 10cm round coasters with yellow and black mosaic using our DIY kit. A perfect gift for creative crafting and stylish d\u00e9cor\" \/>\n<meta name=\"robots\" content=\"index, follow, max-snippet:-1, max-image-preview:large, max-video-preview:-1\" \/>\n<link rel=\"canonical\" href=\"https:\/\/artsets.cz\/en\/produkt\/coaster-10r-ybw-mozaic-set\" \/>\n<meta property=\"og:locale\" content=\"en_US\" \/>\n<meta property=\"og:type\" content=\"article\" \/>\n<meta property=\"og:title\" content=\"Yellow &amp; Black Mosaic - 10cm Round Coasters Set - ArtSets\" \/>\n<meta property=\"og:description\" content=\"Create 10cm round coasters with yellow and black mosaic using our DIY kit. A perfect gift for creative crafting and stylish d\u00e9cor\" \/>\n<meta property=\"og:url\" content=\"https:\/\/artsets.cz\/en\/produkt\/coaster-10r-ybw-mozaic-set\" \/>\n<meta property=\"og:site_name\" content=\"ArtSets\" \/>\n<meta property=\"article:publisher\" content=\"https:\/\/www.facebook.com\/profile.php?id=61559120043095\" \/>\n<meta property=\"article:modified_time\" content=\"2025-02-14T22:44:31+00:00\" \/>\n<meta property=\"og:image\" content=\"https:\/\/i0.wp.com\/artsets.cz\/wp-content\/uploads\/2024\/09\/coaster_RS_ybw_mozaic_1.jpg?fit=1080%2C1080&ssl=1\" \/>\n\t<meta property=\"og:image:width\" content=\"1080\" \/>\n\t<meta property=\"og:image:height\" content=\"1080\" \/>\n\t<meta property=\"og:image:type\" content=\"image\/jpeg\" \/>\n<meta name=\"twitter:card\" content=\"summary_large_image\" \/>\n<meta name=\"twitter:label1\" content=\"Est. reading time\" \/>\n\t<meta name=\"twitter:data1\" content=\"2 minutes\" \/>\n<script type=\"application\/ld+json\" class=\"yoast-schema-graph\">{\"@context\":\"https:\/\/schema.org\",\"@graph\":[{\"@type\":\"WebPage\",\"@id\":\"https:\/\/artsets.cz\/?post_type=product&p=6638\",\"url\":\"https:\/\/artsets.cz\/en\/produkt\/coaster-10r-ybw-mozaic-set\",\"name\":\"Yellow & Black Mosaic - 10cm Round Coasters Set - ArtSets\",\"isPartOf\":{\"@id\":\"https:\/\/artsets.cz\/#website\"},\"primaryImageOfPage\":{\"@id\":\"https:\/\/artsets.cz\/en\/produkt\/coaster-10r-ybw-mozaic-set#primaryimage\"},\"image\":{\"@id\":\"https:\/\/artsets.cz\/en\/produkt\/coaster-10r-ybw-mozaic-set#primaryimage\"},\"thumbnailUrl\":\"https:\/\/i0.wp.com\/artsets.cz\/wp-content\/uploads\/2024\/09\/coaster_RS_ybw_mozaic_1.jpg?fit=1080%2C1080&ssl=1\",\"datePublished\":\"2024-09-07T10:24:43+00:00\",\"dateModified\":\"2025-02-14T22:44:31+00:00\",\"description\":\"Create 10cm round coasters with yellow and black mosaic using our DIY kit. A perfect gift for creative crafting and stylish d\u00e9cor\",\"breadcrumb\":{\"@id\":\"https:\/\/artsets.cz\/en\/produkt\/coaster-10r-ybw-mozaic-set#breadcrumb\"},\"inLanguage\":\"en-US\",\"potentialAction\":[{\"@type\":\"ReadAction\",\"target\":[\"https:\/\/artsets.cz\/en\/produkt\/coaster-10r-ybw-mozaic-set\"]}]},{\"@type\":\"ImageObject\",\"inLanguage\":\"en-US\",\"@id\":\"https:\/\/artsets.cz\/en\/produkt\/coaster-10r-ybw-mozaic-set#primaryimage\",\"url\":\"https:\/\/i0.wp.com\/artsets.cz\/wp-content\/uploads\/2024\/09\/coaster_RS_ybw_mozaic_1.jpg?fit=1080%2C1080&ssl=1\",\"contentUrl\":\"https:\/\/i0.wp.com\/artsets.cz\/wp-content\/uploads\/2024\/09\/coaster_RS_ybw_mozaic_1.jpg?fit=1080%2C1080&ssl=1\",\"width\":1080,\"height\":1080},{\"@type\":\"BreadcrumbList\",\"@id\":\"https:\/\/artsets.cz\/en\/produkt\/coaster-10r-ybw-mozaic-set#breadcrumb\",\"itemListElement\":[{\"@type\":\"ListItem\",\"position\":1,\"name\":\"Dom\u016f\",\"item\":\"https:\/\/artsets.cz\/en\/\"},{\"@type\":\"ListItem\",\"position\":2,\"name\":\"All products\",\"item\":\"https:\/\/artsets.cz\/all-products\/\"},{\"@type\":\"ListItem\",\"position\":3,\"name\":\"Yellow &#038; Black Mosaic &#8211; 10cm Round Coasters Set\"}]},{\"@type\":\"WebSite\",\"@id\":\"https:\/\/artsets.cz\/#website\",\"url\":\"https:\/\/artsets.cz\/\",\"name\":\"Kreativn\u00ed a jedine\u010dn\u00e9 sady \u2013 ArtSets.cz | Perfektn\u00ed d\u00e1rek\",\"description\":\"Kreativn\u00ed DIY sady \u2013 perfektn\u00ed origin\u00e1ln\u00ed d\u00e1rek! Radost z tvorby s v\u00fdsledkem, kter\u00fd vyu\u017eijete\",\"publisher\":{\"@id\":\"https:\/\/artsets.cz\/#organization\"},\"alternateName\":\"ArtSets\",\"potentialAction\":[{\"@type\":\"SearchAction\",\"target\":{\"@type\":\"EntryPoint\",\"urlTemplate\":\"https:\/\/artsets.cz\/?s={search_term_string}\"},\"query-input\":{\"@type\":\"PropertyValueSpecification\",\"valueRequired\":true,\"valueName\":\"search_term_string\"}}],\"inLanguage\":\"en-US\"},{\"@type\":\"Organization\",\"@id\":\"https:\/\/artsets.cz\/#organization\",\"name\":\"ArtSets\",\"url\":\"https:\/\/artsets.cz\/\",\"logo\":{\"@type\":\"ImageObject\",\"inLanguage\":\"en-US\",\"@id\":\"https:\/\/artsets.cz\/#\/schema\/logo\/image\/\",\"url\":\"\",\"contentUrl\":\"\",\"caption\":\"ArtSets\"},\"image\":{\"@id\":\"https:\/\/artsets.cz\/#\/schema\/logo\/image\/\"},\"sameAs\":[\"https:\/\/www.facebook.com\/profile.php?id=61559120043095\"]}]}<\/script>\n<!-- \/ Yoast SEO plugin. -->","yoast_head_json":{"title":"Yellow & Black Mosaic - 10cm Round Coasters Set - ArtSets","description":"Create 10cm round coasters with yellow and black mosaic using our DIY kit. A perfect gift for creative crafting and stylish d\u00e9cor","robots":{"index":"index","follow":"follow","max-snippet":"max-snippet:-1","max-image-preview":"max-image-preview:large","max-video-preview":"max-video-preview:-1"},"canonical":"https:\/\/artsets.cz\/en\/produkt\/coaster-10r-ybw-mozaic-set","og_locale":"en_US","og_type":"article","og_title":"Yellow & Black Mosaic - 10cm Round Coasters Set - ArtSets","og_description":"Create 10cm round coasters with yellow and black mosaic using our DIY kit. A perfect gift for creative crafting and stylish d\u00e9cor","og_url":"https:\/\/artsets.cz\/en\/produkt\/coaster-10r-ybw-mozaic-set","og_site_name":"ArtSets","article_publisher":"https:\/\/www.facebook.com\/profile.php?id=61559120043095","article_modified_time":"2025-02-14T22:44:31+00:00","og_image":[{"width":1080,"height":1080,"url":"https:\/\/i0.wp.com\/artsets.cz\/wp-content\/uploads\/2024\/09\/coaster_RS_ybw_mozaic_1.jpg?fit=1080%2C1080&ssl=1","type":"image\/jpeg"}],"twitter_card":"summary_large_image","twitter_misc":{"Est. reading time":"2 minutes"},"schema":{"@context":"https:\/\/schema.org","@graph":[{"@type":"WebPage","@id":"https:\/\/artsets.cz\/?post_type=product&p=6638","url":"https:\/\/artsets.cz\/en\/produkt\/coaster-10r-ybw-mozaic-set","name":"Yellow & Black Mosaic - 10cm Round Coasters Set - ArtSets","isPartOf":{"@id":"https:\/\/artsets.cz\/#website"},"primaryImageOfPage":{"@id":"https:\/\/artsets.cz\/en\/produkt\/coaster-10r-ybw-mozaic-set#primaryimage"},"image":{"@id":"https:\/\/artsets.cz\/en\/produkt\/coaster-10r-ybw-mozaic-set#primaryimage"},"thumbnailUrl":"https:\/\/i0.wp.com\/artsets.cz\/wp-content\/uploads\/2024\/09\/coaster_RS_ybw_mozaic_1.jpg?fit=1080%2C1080&ssl=1","datePublished":"2024-09-07T10:24:43+00:00","dateModified":"2025-02-14T22:44:31+00:00","description":"Create 10cm round coasters with yellow and black mosaic using our DIY kit. A perfect gift for creative crafting and stylish d\u00e9cor","breadcrumb":{"@id":"https:\/\/artsets.cz\/en\/produkt\/coaster-10r-ybw-mozaic-set#breadcrumb"},"inLanguage":"en-US","potentialAction":[{"@type":"ReadAction","target":["https:\/\/artsets.cz\/en\/produkt\/coaster-10r-ybw-mozaic-set"]}]},{"@type":"ImageObject","inLanguage":"en-US","@id":"https:\/\/artsets.cz\/en\/produkt\/coaster-10r-ybw-mozaic-set#primaryimage","url":"https:\/\/i0.wp.com\/artsets.cz\/wp-content\/uploads\/2024\/09\/coaster_RS_ybw_mozaic_1.jpg?fit=1080%2C1080&ssl=1","contentUrl":"https:\/\/i0.wp.com\/artsets.cz\/wp-content\/uploads\/2024\/09\/coaster_RS_ybw_mozaic_1.jpg?fit=1080%2C1080&ssl=1","width":1080,"height":1080},{"@type":"BreadcrumbList","@id":"https:\/\/artsets.cz\/en\/produkt\/coaster-10r-ybw-mozaic-set#breadcrumb","itemListElement":[{"@type":"ListItem","position":1,"name":"Dom\u016f","item":"https:\/\/artsets.cz\/en\/"},{"@type":"ListItem","position":2,"name":"All products","item":"https:\/\/artsets.cz\/all-products\/"},{"@type":"ListItem","position":3,"name":"Yellow &#038; Black Mosaic &#8211; 10cm Round Coasters Set"}]},{"@type":"WebSite","@id":"https:\/\/artsets.cz\/#website","url":"https:\/\/artsets.cz\/","name":"Kreativn\u00ed a jedine\u010dn\u00e9 sady \u2013 ArtSets.cz | Perfektn\u00ed d\u00e1rek","description":"Kreativn\u00ed DIY sady \u2013 perfektn\u00ed origin\u00e1ln\u00ed d\u00e1rek! Radost z tvorby s v\u00fdsledkem, kter\u00fd vyu\u017eijete","publisher":{"@id":"https:\/\/artsets.cz\/#organization"},"alternateName":"ArtSets","potentialAction":[{"@type":"SearchAction","target":{"@type":"EntryPoint","urlTemplate":"https:\/\/artsets.cz\/?s={search_term_string}"},"query-input":{"@type":"PropertyValueSpecification","valueRequired":true,"valueName":"search_term_string"}}],"inLanguage":"en-US"},{"@type":"Organization","@id":"https:\/\/artsets.cz\/#organization","name":"ArtSets","url":"https:\/\/artsets.cz\/","logo":{"@type":"ImageObject","inLanguage":"en-US","@id":"https:\/\/artsets.cz\/#\/schema\/logo\/image\/","url":"","contentUrl":"","caption":"ArtSets"},"image":{"@id":"https:\/\/artsets.cz\/#\/schema\/logo\/image\/"},"sameAs":["https:\/\/www.facebook.com\/profile.php?id=61559120043095"]}]}},"_links":{"self":[{"href":"https:\/\/artsets.cz\/en\/wp-json\/wp\/v2\/product\/6637","targetHints":{"allow":["GET"]}}],"collection":[{"href":"https:\/\/artsets.cz\/en\/wp-json\/wp\/v2\/product"}],"about":[{"href":"https:\/\/artsets.cz\/en\/wp-json\/wp\/v2\/types\/product"}],"replies":[{"embeddable":true,"href":"https:\/\/artsets.cz\/en\/wp-json\/wp\/v2\/comments?post=6637"}],"version-history":[{"count":0,"href":"https:\/\/artsets.cz\/en\/wp-json\/wp\/v2\/product\/6637\/revisions"}],"wp:featuredmedia":[{"embeddable":true,"href":"https:\/\/artsets.cz\/en\/wp-json\/wp\/v2\/media\/7029"}],"wp:attachment":[{"href":"https:\/\/artsets.cz\/en\/wp-json\/wp\/v2\/media?parent=6637"}],"wp:term":[{"taxonomy":"product_brand","embeddable":true,"href":"https:\/\/artsets.cz\/en\/wp-json\/wp\/v2\/product_brand?post=6637"},{"taxonomy":"product_cat","embeddable":true,"href":"https:\/\/artsets.cz\/en\/wp-json\/wp\/v2\/product_cat?post=6637"},{"taxonomy":"product_tag","embeddable":true,"href":"https:\/\/artsets.cz\/en\/wp-json\/wp\/v2\/product_tag?post=6637"}],"curies":[{"name":"wp","href":"https:\/\/api.w.org\/{rel}","templated":true}]}}