{"id":9190,"date":"2025-01-22T21:43:36","date_gmt":"2025-01-22T21:43:36","guid":{"rendered":"https:\/\/artsets.cz\/?post_type=product&#038;p=9190"},"modified":"2025-02-16T13:33:19","modified_gmt":"2025-02-16T13:33:19","slug":"pholder-r-berry-bunny","status":"publish","type":"product","link":"https:\/\/artsets.cz\/en\/produkt\/pholder-r-berry-bunny\/","title":{"rendered":"Berry Bunny &#8211; Mosaic round pen holder set"},"content":{"rendered":"<h4><b>Kl\u00ed\u010dov\u00e9 vlastnosti:<\/b><\/h4>\n<ul>\n<li style=\"font-weight: 400;\" aria-level=\"1\"><b>Ide\u00e1ln\u00ed d\u00e1rek:<\/b> Kreativn\u00ed a z\u00e1bavn\u00fd d\u00e1rek s motivem jah\u016fdkov\u00e9ho kr\u00e1l\u00ed\u010dka \u2013 pot\u011b\u0161\u00ed ka\u017ed\u00e9ho!<\/li>\n<li style=\"font-weight: 400;\" aria-level=\"1\"><b>Vhodn\u00e9 pro v\u0161echny:<\/b> Od za\u010d\u00e1te\u010dn\u00edk\u016f po pokro\u010dil\u00e9 \u2013 s touto sadou vytvo\u0159\u00ed\u0161 n\u011bco kr\u00e1sn\u00e9ho a origin\u00e1ln\u00edho!<\/li>\n<li style=\"font-weight: 400;\" aria-level=\"1\"><b>DIY:<\/b> Vytvo\u0159 si kulat\u00fd stoj\u00e1nek na tu\u017eky ve vesel\u00fdch barv\u00e1ch b\u00edl\u00e9ho a \u010derven\u00e9ho motivu. Uka\u017e svou kreativitu!<\/li>\n<li style=\"font-weight: 400;\" aria-level=\"1\"><b>V\u0161e v jednom balen\u00ed:<\/b> Najde\u0161 zde v\u0161e, co pot\u0159ebuje\u0161 \u2013 stoj\u00e1nek, dekorace, mozaikov\u00e9 d\u00edlky a pom\u016fcky.<\/li>\n<\/ul>\n<h4><b>Co je v balen\u00ed:<\/b><\/h4>\n<ul>\n<li style=\"font-weight: 400;\" aria-level=\"1\">kulat\u00fd stoj\u00e1nek na tu\u017eky;<\/li>\n<li style=\"font-weight: 400;\" aria-level=\"1\">jah\u016fdkov\u00e9 dekorace;<\/li>\n<li style=\"font-weight: 400;\" aria-level=\"1\">b\u00edlo-\u010derven\u00e1 mozaika;<\/li>\n<li style=\"font-weight: 400;\" aria-level=\"1\">lepidlo;<\/li>\n<li style=\"font-weight: 400;\" aria-level=\"1\">pinzeta na kor\u00e1lky, miska a m\u00edchac\u00ed lopatka, houbi\u010dka a k\u0159\u00eddov\u00fd pr\u00e1\u0161ek;<\/li>\n<\/ul>\n<h4><b>Detaily:<\/b><\/h4>\n<ul>\n<li style=\"font-weight: 400;\" aria-level=\"1\"><b>Rozm\u011bry:<\/b> 199 x 121 x 45 mm<\/li>\n<li style=\"font-weight: 400;\" aria-level=\"1\"><b>Dekorace a akrylov\u00e9 kor\u00e1lky<\/b> mohou b\u00fdt trochu jin\u00e9 ne\u017e na obr\u00e1zku, ale v\u017edy lad\u00ed s t\u00e9matem produktu.<\/li>\n<li style=\"font-weight: 400;\" aria-level=\"1\"><b>V\u011bkov\u00e9 Omezen\u00ed:<\/b>\n<ul>\n<li style=\"font-weight: 400;\" aria-level=\"1\">D\u011bti do 10 let by m\u011bly tvo\u0159it s pomoc\u00ed dosp\u011bl\u00fdch.<\/li>\n<li style=\"font-weight: 400;\" aria-level=\"1\">Nen\u00ed vhodn\u00e9 pro d\u011bti do t\u0159\u00ed let. Dohl\u00ed\u017eejte, aby nikdo nejedl dekorace.<\/li>\n<\/ul>\n<\/li>\n<\/ul>\n<h4><b>Doru\u010den\u00ed a vr\u00e1cen\u00ed:<\/b><\/h4>\n<ul>\n<li style=\"font-weight: 400;\" aria-level=\"1\">Doru\u010dujeme do \u010cesk\u00e9 republiky, N\u011bmecka, Slovenska a Polska.<\/li>\n<li style=\"font-weight: 400;\" aria-level=\"1\">Informace o doru\u010den\u00ed najdete v sekci <a href=\"\/en\/shipping-information\/\">Informace o Doru\u010den\u00ed<\/a>, o vr\u00e1cen\u00ed zbo\u017e\u00ed v <a href=\"\/en\/terms-and-conditions\/\">Obchodn\u00ed podm\u00ednky<\/a>.<\/li>\n<\/ul>\n","protected":false},"excerpt":{"rendered":"<p><b>Create your own mosaic pen holder with the adorable Berry Bunny theme and add a touch of creativity to your desk!<\/b><\/p>\n<p><span style=\"font-weight: 400;\">Everything you need is included in the box: a round pen holder, Berry Bunny decorations, red and white mosaic tiles, bead tweezers, glue, bowl, mixing stick, sponge, and chalk powder.<\/span><\/p>\n","protected":false},"featured_media":9864,"comment_status":"open","ping_status":"closed","template":"","meta":{"_acf_changed":false},"product_brand":[],"product_cat":[111],"product_tag":[],"class_list":{"0":"post-9190","1":"product","2":"type-product","3":"status-publish","4":"has-post-thumbnail","6":"product_cat-organizers-sets-en","8":"first","9":"instock","10":"taxable","11":"shipping-taxable","12":"purchasable","13":"product-type-simple"},"acf":[],"yoast_head":"<!-- This site is optimized with the Yoast SEO plugin v25.3.1 - https:\/\/yoast.com\/wordpress\/plugins\/seo\/ -->\n<title>Berry Bunny - Mosaic round pen holder set - ArtSets<\/title>\n<meta name=\"description\" content=\"Create a charming round pen holder with the Berry Bunny theme \u2013 the perfect gift for all creative souls and craft lovers!\" \/>\n<meta name=\"robots\" content=\"index, follow, max-snippet:-1, max-image-preview:large, max-video-preview:-1\" \/>\n<link rel=\"canonical\" href=\"https:\/\/artsets.cz\/en\/produkt\/pholder-r-berry-bunny\" \/>\n<meta property=\"og:locale\" content=\"en_US\" \/>\n<meta property=\"og:type\" content=\"article\" \/>\n<meta property=\"og:title\" content=\"Berry Bunny - Mosaic round pen holder set - ArtSets\" \/>\n<meta property=\"og:description\" content=\"Create a charming round pen holder with the Berry Bunny theme \u2013 the perfect gift for all creative souls and craft lovers!\" \/>\n<meta property=\"og:url\" content=\"https:\/\/artsets.cz\/en\/produkt\/pholder-r-berry-bunny\" \/>\n<meta property=\"og:site_name\" content=\"ArtSets\" \/>\n<meta property=\"article:publisher\" content=\"https:\/\/www.facebook.com\/profile.php?id=61559120043095\" \/>\n<meta property=\"article:modified_time\" content=\"2025-02-16T13:33:19+00:00\" \/>\n<meta property=\"og:image\" content=\"https:\/\/i0.wp.com\/artsets.cz\/wp-content\/uploads\/2025\/03\/kreativni-sada-stojanek-tuzky.png?fit=1080%2C1080&ssl=1\" \/>\n\t<meta property=\"og:image:width\" content=\"1080\" \/>\n\t<meta property=\"og:image:height\" content=\"1080\" \/>\n\t<meta property=\"og:image:type\" content=\"image\/png\" \/>\n<meta name=\"twitter:card\" content=\"summary_large_image\" \/>\n<meta name=\"twitter:label1\" content=\"Est. reading time\" \/>\n\t<meta name=\"twitter:data1\" content=\"1 minute\" \/>\n<script type=\"application\/ld+json\" class=\"yoast-schema-graph\">{\"@context\":\"https:\/\/schema.org\",\"@graph\":[{\"@type\":\"WebPage\",\"@id\":\"https:\/\/artsets.cz\/produkt\/pholder-r-berry-bunny\/\",\"url\":\"https:\/\/artsets.cz\/en\/produkt\/pholder-r-berry-bunny\",\"name\":\"Berry Bunny - Mosaic round pen holder set - ArtSets\",\"isPartOf\":{\"@id\":\"https:\/\/artsets.cz\/#website\"},\"primaryImageOfPage\":{\"@id\":\"https:\/\/artsets.cz\/en\/produkt\/pholder-r-berry-bunny#primaryimage\"},\"image\":{\"@id\":\"https:\/\/artsets.cz\/en\/produkt\/pholder-r-berry-bunny#primaryimage\"},\"thumbnailUrl\":\"https:\/\/i0.wp.com\/artsets.cz\/wp-content\/uploads\/2025\/03\/kreativni-sada-stojanek-tuzky.png?fit=1080%2C1080&ssl=1\",\"datePublished\":\"2025-01-22T21:43:36+00:00\",\"dateModified\":\"2025-02-16T13:33:19+00:00\",\"description\":\"Create a charming round pen holder with the Berry Bunny theme \u2013 the perfect gift for all creative souls and craft lovers!\",\"breadcrumb\":{\"@id\":\"https:\/\/artsets.cz\/en\/produkt\/pholder-r-berry-bunny#breadcrumb\"},\"inLanguage\":\"en-US\",\"potentialAction\":[{\"@type\":\"ReadAction\",\"target\":[\"https:\/\/artsets.cz\/en\/produkt\/pholder-r-berry-bunny\"]}]},{\"@type\":\"ImageObject\",\"inLanguage\":\"en-US\",\"@id\":\"https:\/\/artsets.cz\/en\/produkt\/pholder-r-berry-bunny#primaryimage\",\"url\":\"https:\/\/i0.wp.com\/artsets.cz\/wp-content\/uploads\/2025\/03\/kreativni-sada-stojanek-tuzky.png?fit=1080%2C1080&ssl=1\",\"contentUrl\":\"https:\/\/i0.wp.com\/artsets.cz\/wp-content\/uploads\/2025\/03\/kreativni-sada-stojanek-tuzky.png?fit=1080%2C1080&ssl=1\",\"width\":1080,\"height\":1080},{\"@type\":\"BreadcrumbList\",\"@id\":\"https:\/\/artsets.cz\/en\/produkt\/pholder-r-berry-bunny#breadcrumb\",\"itemListElement\":[{\"@type\":\"ListItem\",\"position\":1,\"name\":\"Dom\u016f\",\"item\":\"https:\/\/artsets.cz\/en\/\"},{\"@type\":\"ListItem\",\"position\":2,\"name\":\"All products\",\"item\":\"https:\/\/artsets.cz\/all-products\/\"},{\"@type\":\"ListItem\",\"position\":3,\"name\":\"Berry Bunny &#8211; Mosaic round pen holder set\"}]},{\"@type\":\"WebSite\",\"@id\":\"https:\/\/artsets.cz\/#website\",\"url\":\"https:\/\/artsets.cz\/\",\"name\":\"Kreativn\u00ed a jedine\u010dn\u00e9 sady \u2013 ArtSets.cz | Perfektn\u00ed d\u00e1rek\",\"description\":\"Kreativn\u00ed DIY sady \u2013 perfektn\u00ed origin\u00e1ln\u00ed d\u00e1rek! Radost z tvorby s v\u00fdsledkem, kter\u00fd vyu\u017eijete\",\"publisher\":{\"@id\":\"https:\/\/artsets.cz\/#organization\"},\"alternateName\":\"ArtSets\",\"potentialAction\":[{\"@type\":\"SearchAction\",\"target\":{\"@type\":\"EntryPoint\",\"urlTemplate\":\"https:\/\/artsets.cz\/?s={search_term_string}\"},\"query-input\":{\"@type\":\"PropertyValueSpecification\",\"valueRequired\":true,\"valueName\":\"search_term_string\"}}],\"inLanguage\":\"en-US\"},{\"@type\":\"Organization\",\"@id\":\"https:\/\/artsets.cz\/#organization\",\"name\":\"ArtSets\",\"url\":\"https:\/\/artsets.cz\/\",\"logo\":{\"@type\":\"ImageObject\",\"inLanguage\":\"en-US\",\"@id\":\"https:\/\/artsets.cz\/#\/schema\/logo\/image\/\",\"url\":\"\",\"contentUrl\":\"\",\"caption\":\"ArtSets\"},\"image\":{\"@id\":\"https:\/\/artsets.cz\/#\/schema\/logo\/image\/\"},\"sameAs\":[\"https:\/\/www.facebook.com\/profile.php?id=61559120043095\"]}]}<\/script>\n<!-- \/ Yoast SEO plugin. -->","yoast_head_json":{"title":"Berry Bunny - Mosaic round pen holder set - ArtSets","description":"Create a charming round pen holder with the Berry Bunny theme \u2013 the perfect gift for all creative souls and craft lovers!","robots":{"index":"index","follow":"follow","max-snippet":"max-snippet:-1","max-image-preview":"max-image-preview:large","max-video-preview":"max-video-preview:-1"},"canonical":"https:\/\/artsets.cz\/en\/produkt\/pholder-r-berry-bunny","og_locale":"en_US","og_type":"article","og_title":"Berry Bunny - Mosaic round pen holder set - ArtSets","og_description":"Create a charming round pen holder with the Berry Bunny theme \u2013 the perfect gift for all creative souls and craft lovers!","og_url":"https:\/\/artsets.cz\/en\/produkt\/pholder-r-berry-bunny","og_site_name":"ArtSets","article_publisher":"https:\/\/www.facebook.com\/profile.php?id=61559120043095","article_modified_time":"2025-02-16T13:33:19+00:00","og_image":[{"width":1080,"height":1080,"url":"https:\/\/i0.wp.com\/artsets.cz\/wp-content\/uploads\/2025\/03\/kreativni-sada-stojanek-tuzky.png?fit=1080%2C1080&ssl=1","type":"image\/png"}],"twitter_card":"summary_large_image","twitter_misc":{"Est. reading time":"1 minute"},"schema":{"@context":"https:\/\/schema.org","@graph":[{"@type":"WebPage","@id":"https:\/\/artsets.cz\/produkt\/pholder-r-berry-bunny\/","url":"https:\/\/artsets.cz\/en\/produkt\/pholder-r-berry-bunny","name":"Berry Bunny - Mosaic round pen holder set - ArtSets","isPartOf":{"@id":"https:\/\/artsets.cz\/#website"},"primaryImageOfPage":{"@id":"https:\/\/artsets.cz\/en\/produkt\/pholder-r-berry-bunny#primaryimage"},"image":{"@id":"https:\/\/artsets.cz\/en\/produkt\/pholder-r-berry-bunny#primaryimage"},"thumbnailUrl":"https:\/\/i0.wp.com\/artsets.cz\/wp-content\/uploads\/2025\/03\/kreativni-sada-stojanek-tuzky.png?fit=1080%2C1080&ssl=1","datePublished":"2025-01-22T21:43:36+00:00","dateModified":"2025-02-16T13:33:19+00:00","description":"Create a charming round pen holder with the Berry Bunny theme \u2013 the perfect gift for all creative souls and craft lovers!","breadcrumb":{"@id":"https:\/\/artsets.cz\/en\/produkt\/pholder-r-berry-bunny#breadcrumb"},"inLanguage":"en-US","potentialAction":[{"@type":"ReadAction","target":["https:\/\/artsets.cz\/en\/produkt\/pholder-r-berry-bunny"]}]},{"@type":"ImageObject","inLanguage":"en-US","@id":"https:\/\/artsets.cz\/en\/produkt\/pholder-r-berry-bunny#primaryimage","url":"https:\/\/i0.wp.com\/artsets.cz\/wp-content\/uploads\/2025\/03\/kreativni-sada-stojanek-tuzky.png?fit=1080%2C1080&ssl=1","contentUrl":"https:\/\/i0.wp.com\/artsets.cz\/wp-content\/uploads\/2025\/03\/kreativni-sada-stojanek-tuzky.png?fit=1080%2C1080&ssl=1","width":1080,"height":1080},{"@type":"BreadcrumbList","@id":"https:\/\/artsets.cz\/en\/produkt\/pholder-r-berry-bunny#breadcrumb","itemListElement":[{"@type":"ListItem","position":1,"name":"Dom\u016f","item":"https:\/\/artsets.cz\/en\/"},{"@type":"ListItem","position":2,"name":"All products","item":"https:\/\/artsets.cz\/all-products\/"},{"@type":"ListItem","position":3,"name":"Berry Bunny &#8211; Mosaic round pen holder set"}]},{"@type":"WebSite","@id":"https:\/\/artsets.cz\/#website","url":"https:\/\/artsets.cz\/","name":"Kreativn\u00ed a jedine\u010dn\u00e9 sady \u2013 ArtSets.cz | Perfektn\u00ed d\u00e1rek","description":"Kreativn\u00ed DIY sady \u2013 perfektn\u00ed origin\u00e1ln\u00ed d\u00e1rek! Radost z tvorby s v\u00fdsledkem, kter\u00fd vyu\u017eijete","publisher":{"@id":"https:\/\/artsets.cz\/#organization"},"alternateName":"ArtSets","potentialAction":[{"@type":"SearchAction","target":{"@type":"EntryPoint","urlTemplate":"https:\/\/artsets.cz\/?s={search_term_string}"},"query-input":{"@type":"PropertyValueSpecification","valueRequired":true,"valueName":"search_term_string"}}],"inLanguage":"en-US"},{"@type":"Organization","@id":"https:\/\/artsets.cz\/#organization","name":"ArtSets","url":"https:\/\/artsets.cz\/","logo":{"@type":"ImageObject","inLanguage":"en-US","@id":"https:\/\/artsets.cz\/#\/schema\/logo\/image\/","url":"","contentUrl":"","caption":"ArtSets"},"image":{"@id":"https:\/\/artsets.cz\/#\/schema\/logo\/image\/"},"sameAs":["https:\/\/www.facebook.com\/profile.php?id=61559120043095"]}]}},"_links":{"self":[{"href":"https:\/\/artsets.cz\/en\/wp-json\/wp\/v2\/product\/9190","targetHints":{"allow":["GET"]}}],"collection":[{"href":"https:\/\/artsets.cz\/en\/wp-json\/wp\/v2\/product"}],"about":[{"href":"https:\/\/artsets.cz\/en\/wp-json\/wp\/v2\/types\/product"}],"replies":[{"embeddable":true,"href":"https:\/\/artsets.cz\/en\/wp-json\/wp\/v2\/comments?post=9190"}],"version-history":[{"count":0,"href":"https:\/\/artsets.cz\/en\/wp-json\/wp\/v2\/product\/9190\/revisions"}],"wp:featuredmedia":[{"embeddable":true,"href":"https:\/\/artsets.cz\/en\/wp-json\/wp\/v2\/media\/9864"}],"wp:attachment":[{"href":"https:\/\/artsets.cz\/en\/wp-json\/wp\/v2\/media?parent=9190"}],"wp:term":[{"taxonomy":"product_brand","embeddable":true,"href":"https:\/\/artsets.cz\/en\/wp-json\/wp\/v2\/product_brand?post=9190"},{"taxonomy":"product_cat","embeddable":true,"href":"https:\/\/artsets.cz\/en\/wp-json\/wp\/v2\/product_cat?post=9190"},{"taxonomy":"product_tag","embeddable":true,"href":"https:\/\/artsets.cz\/en\/wp-json\/wp\/v2\/product_tag?post=9190"}],"curies":[{"name":"wp","href":"https:\/\/api.w.org\/{rel}","templated":true}]}}