{"id":9238,"date":"2025-01-29T22:18:55","date_gmt":"2025-01-29T22:18:55","guid":{"rendered":"https:\/\/artsets.cz\/?post_type=product&#038;p=9238"},"modified":"2025-02-16T13:48:26","modified_gmt":"2025-02-16T13:48:26","slug":"fun-panda-cream-glue-photo-frame-set","status":"publish","type":"product","link":"https:\/\/artsets.cz\/en\/produkt\/fun-panda-cream-glue-photo-frame-set\/","title":{"rendered":"Fun Panda &#8211; Cream Glue Photo Frame Set"},"content":{"rendered":"<h4><b>Key Features:<\/b><\/h4>\n<ul>\n<li><b>Perfect Gift:<\/b> A fun, creative present for any celebration!<\/li>\n<li><b>For Everyone:<\/b> Whether you&#8217;re new or a craft pro, it\u2019s perfect for all skill levels.<\/li>\n<li><b>DIY:<\/b> Create a unique photo frame with an adorable panda theme. Let your creativity shine!<\/li>\n<li><b>All-in-One Kit:<\/b> Everything you need is in the box &#8211; photo frame, decorations, and tools.<\/li>\n<\/ul>\n<h4><b>What\u2019s included:<\/b><\/h4>\n<ul>\n<li>Photo frame for 10\u00d715 photo;<\/li>\n<li>Cute panda-themed decorations;<\/li>\n<li>Green and white cream glue;<\/li>\n<li>Bead tweezers and scraper;<\/li>\n<\/ul>\n<h4><b>Details:<\/b><\/h4>\n<ul>\n<li><b>Dimensions:<\/b> 199 \u00d7 121 \u00d7 45 mm<\/li>\n<li><b>Charms and acrylic beads<\/b> cannot be guaranteed to be exactly the same as on the picture. Our charms are constantly being updated, but we try our best to be as close as possible to the product theme.<\/li>\n<li><b>Age Limit:<\/b>\n<ul>\n<li>Children under 10 years old should be accompanied by adults.<\/li>\n<li>It is not suitable for children under three years old. Decorations are not edible.<\/li>\n<\/ul>\n<\/li>\n<\/ul>\n<h4><b>Delivery and Returns:<\/b><\/h4>\n<ul>\n<li>Can be delivered to the Czech Republic, Germany, Slovakia, and Poland.<\/li>\n<li>Information about delivery can be found in <a href=\"\/en\/shipping-information\/\">Shipping Information<\/a>, returns &#8211; <a href=\"\/en\/terms-and-conditions\/\">Terms &amp; Conditions<\/a>.<\/li>\n<\/ul>\n","protected":false},"excerpt":{"rendered":"<p><b>Create a cute panda-themed photo frame everyone will love!<\/b><\/p>\n<p><span style=\"font-weight: 400;\">This creative kit includes everything you need: a 10\u00d715 photo frame, panda decorations, green and white cream glue, bead tweezers, and a scraper.<\/span><\/p>\n","protected":false},"featured_media":12194,"comment_status":"open","ping_status":"closed","template":"","meta":{"_acf_changed":false},"product_brand":[],"product_cat":[113],"product_tag":[],"class_list":{"0":"post-9238","1":"product","2":"type-product","3":"status-publish","4":"has-post-thumbnail","6":"product_cat-photo-sets-en","8":"first","9":"instock","10":"taxable","11":"shipping-taxable","12":"purchasable","13":"product-type-simple"},"acf":[],"yoast_head":"<!-- This site is optimized with the Yoast SEO plugin v25.3.1 - https:\/\/yoast.com\/wordpress\/plugins\/seo\/ -->\n<title>Fun Panda - Cream Glue Photo Frame Set - ArtSets<\/title>\n<meta name=\"description\" content=\"Create an adorable panda-themed photo frame with cream glue! A perfect creative kit for kids and adults \u2013 a fun and unique gift for craft lovers\" \/>\n<meta name=\"robots\" content=\"index, follow, max-snippet:-1, max-image-preview:large, max-video-preview:-1\" \/>\n<link rel=\"canonical\" href=\"https:\/\/artsets.cz\/en\/produkt\/fun-panda-cream-glue-photo-frame-set\" \/>\n<meta property=\"og:locale\" content=\"en_US\" \/>\n<meta property=\"og:type\" content=\"article\" \/>\n<meta property=\"og:title\" content=\"Fun Panda - Cream Glue Photo Frame Set - ArtSets\" \/>\n<meta property=\"og:description\" content=\"Create an adorable panda-themed photo frame with cream glue! A perfect creative kit for kids and adults \u2013 a fun and unique gift for craft lovers\" \/>\n<meta property=\"og:url\" content=\"https:\/\/artsets.cz\/en\/produkt\/fun-panda-cream-glue-photo-frame-set\" \/>\n<meta property=\"og:site_name\" content=\"ArtSets\" \/>\n<meta property=\"article:publisher\" content=\"https:\/\/www.facebook.com\/profile.php?id=61559120043095\" \/>\n<meta property=\"article:modified_time\" content=\"2025-02-16T13:48:26+00:00\" \/>\n<meta property=\"og:image\" content=\"https:\/\/i0.wp.com\/artsets.cz\/wp-content\/uploads\/2025\/03\/diy-fotoramecek-kremove-lepidlo-zabavna-panda.png?fit=1080%2C1080&ssl=1\" \/>\n\t<meta property=\"og:image:width\" content=\"1080\" \/>\n\t<meta property=\"og:image:height\" content=\"1080\" \/>\n\t<meta property=\"og:image:type\" content=\"image\/png\" \/>\n<meta name=\"twitter:card\" content=\"summary_large_image\" \/>\n<meta name=\"twitter:label1\" content=\"Est. reading time\" \/>\n\t<meta name=\"twitter:data1\" content=\"1 minute\" \/>\n<script type=\"application\/ld+json\" class=\"yoast-schema-graph\">{\"@context\":\"https:\/\/schema.org\",\"@graph\":[{\"@type\":\"WebPage\",\"@id\":\"https:\/\/artsets.cz\/produkt\/zabavna-panda-fotoramecek-s-kremovym-lepidlem\/\",\"url\":\"https:\/\/artsets.cz\/en\/produkt\/fun-panda-cream-glue-photo-frame-set\",\"name\":\"Fun Panda - Cream Glue Photo Frame Set - ArtSets\",\"isPartOf\":{\"@id\":\"https:\/\/artsets.cz\/#website\"},\"primaryImageOfPage\":{\"@id\":\"https:\/\/artsets.cz\/en\/produkt\/fun-panda-cream-glue-photo-frame-set#primaryimage\"},\"image\":{\"@id\":\"https:\/\/artsets.cz\/en\/produkt\/fun-panda-cream-glue-photo-frame-set#primaryimage\"},\"thumbnailUrl\":\"https:\/\/i0.wp.com\/artsets.cz\/wp-content\/uploads\/2024\/07\/8.png?fit=1080%2C1080&ssl=1\",\"datePublished\":\"2025-01-29T22:18:55+00:00\",\"dateModified\":\"2025-02-16T13:48:26+00:00\",\"description\":\"Create an adorable panda-themed photo frame with cream glue! A perfect creative kit for kids and adults \u2013 a fun and unique gift for craft lovers\",\"breadcrumb\":{\"@id\":\"https:\/\/artsets.cz\/en\/produkt\/fun-panda-cream-glue-photo-frame-set#breadcrumb\"},\"inLanguage\":\"en-US\",\"potentialAction\":[{\"@type\":\"ReadAction\",\"target\":[\"https:\/\/artsets.cz\/en\/produkt\/fun-panda-cream-glue-photo-frame-set\"]}]},{\"@type\":\"ImageObject\",\"inLanguage\":\"en-US\",\"@id\":\"https:\/\/artsets.cz\/en\/produkt\/fun-panda-cream-glue-photo-frame-set#primaryimage\",\"url\":\"https:\/\/i0.wp.com\/artsets.cz\/wp-content\/uploads\/2024\/07\/8.png?fit=1080%2C1080&ssl=1\",\"contentUrl\":\"https:\/\/i0.wp.com\/artsets.cz\/wp-content\/uploads\/2024\/07\/8.png?fit=1080%2C1080&ssl=1\",\"width\":1080,\"height\":1080},{\"@type\":\"BreadcrumbList\",\"@id\":\"https:\/\/artsets.cz\/en\/produkt\/fun-panda-cream-glue-photo-frame-set#breadcrumb\",\"itemListElement\":[{\"@type\":\"ListItem\",\"position\":1,\"name\":\"Dom\u016f\",\"item\":\"https:\/\/artsets.cz\/en\/\"},{\"@type\":\"ListItem\",\"position\":2,\"name\":\"All products\",\"item\":\"https:\/\/artsets.cz\/all-products\/\"},{\"@type\":\"ListItem\",\"position\":3,\"name\":\"Fun Panda &#8211; Cream Glue Photo Frame Set\"}]},{\"@type\":\"WebSite\",\"@id\":\"https:\/\/artsets.cz\/#website\",\"url\":\"https:\/\/artsets.cz\/\",\"name\":\"Kreativn\u00ed a jedine\u010dn\u00e9 sady \u2013 ArtSets.cz | Perfektn\u00ed d\u00e1rek\",\"description\":\"Kreativn\u00ed DIY sady \u2013 perfektn\u00ed origin\u00e1ln\u00ed d\u00e1rek! Radost z tvorby s v\u00fdsledkem, kter\u00fd vyu\u017eijete\",\"publisher\":{\"@id\":\"https:\/\/artsets.cz\/#organization\"},\"alternateName\":\"ArtSets\",\"potentialAction\":[{\"@type\":\"SearchAction\",\"target\":{\"@type\":\"EntryPoint\",\"urlTemplate\":\"https:\/\/artsets.cz\/?s={search_term_string}\"},\"query-input\":{\"@type\":\"PropertyValueSpecification\",\"valueRequired\":true,\"valueName\":\"search_term_string\"}}],\"inLanguage\":\"en-US\"},{\"@type\":\"Organization\",\"@id\":\"https:\/\/artsets.cz\/#organization\",\"name\":\"ArtSets\",\"url\":\"https:\/\/artsets.cz\/\",\"logo\":{\"@type\":\"ImageObject\",\"inLanguage\":\"en-US\",\"@id\":\"https:\/\/artsets.cz\/#\/schema\/logo\/image\/\",\"url\":\"\",\"contentUrl\":\"\",\"caption\":\"ArtSets\"},\"image\":{\"@id\":\"https:\/\/artsets.cz\/#\/schema\/logo\/image\/\"},\"sameAs\":[\"https:\/\/www.facebook.com\/profile.php?id=61559120043095\"]}]}<\/script>\n<!-- \/ Yoast SEO plugin. -->","yoast_head_json":{"title":"Fun Panda - Cream Glue Photo Frame Set - ArtSets","description":"Create an adorable panda-themed photo frame with cream glue! A perfect creative kit for kids and adults \u2013 a fun and unique gift for craft lovers","robots":{"index":"index","follow":"follow","max-snippet":"max-snippet:-1","max-image-preview":"max-image-preview:large","max-video-preview":"max-video-preview:-1"},"canonical":"https:\/\/artsets.cz\/en\/produkt\/fun-panda-cream-glue-photo-frame-set","og_locale":"en_US","og_type":"article","og_title":"Fun Panda - Cream Glue Photo Frame Set - ArtSets","og_description":"Create an adorable panda-themed photo frame with cream glue! A perfect creative kit for kids and adults \u2013 a fun and unique gift for craft lovers","og_url":"https:\/\/artsets.cz\/en\/produkt\/fun-panda-cream-glue-photo-frame-set","og_site_name":"ArtSets","article_publisher":"https:\/\/www.facebook.com\/profile.php?id=61559120043095","article_modified_time":"2025-02-16T13:48:26+00:00","og_image":[{"width":1080,"height":1080,"url":"https:\/\/i0.wp.com\/artsets.cz\/wp-content\/uploads\/2025\/03\/diy-fotoramecek-kremove-lepidlo-zabavna-panda.png?fit=1080%2C1080&ssl=1","type":"image\/png"}],"twitter_card":"summary_large_image","twitter_misc":{"Est. reading time":"1 minute"},"schema":{"@context":"https:\/\/schema.org","@graph":[{"@type":"WebPage","@id":"https:\/\/artsets.cz\/produkt\/zabavna-panda-fotoramecek-s-kremovym-lepidlem\/","url":"https:\/\/artsets.cz\/en\/produkt\/fun-panda-cream-glue-photo-frame-set","name":"Fun Panda - Cream Glue Photo Frame Set - ArtSets","isPartOf":{"@id":"https:\/\/artsets.cz\/#website"},"primaryImageOfPage":{"@id":"https:\/\/artsets.cz\/en\/produkt\/fun-panda-cream-glue-photo-frame-set#primaryimage"},"image":{"@id":"https:\/\/artsets.cz\/en\/produkt\/fun-panda-cream-glue-photo-frame-set#primaryimage"},"thumbnailUrl":"https:\/\/i0.wp.com\/artsets.cz\/wp-content\/uploads\/2024\/07\/8.png?fit=1080%2C1080&ssl=1","datePublished":"2025-01-29T22:18:55+00:00","dateModified":"2025-02-16T13:48:26+00:00","description":"Create an adorable panda-themed photo frame with cream glue! A perfect creative kit for kids and adults \u2013 a fun and unique gift for craft lovers","breadcrumb":{"@id":"https:\/\/artsets.cz\/en\/produkt\/fun-panda-cream-glue-photo-frame-set#breadcrumb"},"inLanguage":"en-US","potentialAction":[{"@type":"ReadAction","target":["https:\/\/artsets.cz\/en\/produkt\/fun-panda-cream-glue-photo-frame-set"]}]},{"@type":"ImageObject","inLanguage":"en-US","@id":"https:\/\/artsets.cz\/en\/produkt\/fun-panda-cream-glue-photo-frame-set#primaryimage","url":"https:\/\/i0.wp.com\/artsets.cz\/wp-content\/uploads\/2024\/07\/8.png?fit=1080%2C1080&ssl=1","contentUrl":"https:\/\/i0.wp.com\/artsets.cz\/wp-content\/uploads\/2024\/07\/8.png?fit=1080%2C1080&ssl=1","width":1080,"height":1080},{"@type":"BreadcrumbList","@id":"https:\/\/artsets.cz\/en\/produkt\/fun-panda-cream-glue-photo-frame-set#breadcrumb","itemListElement":[{"@type":"ListItem","position":1,"name":"Dom\u016f","item":"https:\/\/artsets.cz\/en\/"},{"@type":"ListItem","position":2,"name":"All products","item":"https:\/\/artsets.cz\/all-products\/"},{"@type":"ListItem","position":3,"name":"Fun Panda &#8211; Cream Glue Photo Frame Set"}]},{"@type":"WebSite","@id":"https:\/\/artsets.cz\/#website","url":"https:\/\/artsets.cz\/","name":"Kreativn\u00ed a jedine\u010dn\u00e9 sady \u2013 ArtSets.cz | Perfektn\u00ed d\u00e1rek","description":"Kreativn\u00ed DIY sady \u2013 perfektn\u00ed origin\u00e1ln\u00ed d\u00e1rek! Radost z tvorby s v\u00fdsledkem, kter\u00fd vyu\u017eijete","publisher":{"@id":"https:\/\/artsets.cz\/#organization"},"alternateName":"ArtSets","potentialAction":[{"@type":"SearchAction","target":{"@type":"EntryPoint","urlTemplate":"https:\/\/artsets.cz\/?s={search_term_string}"},"query-input":{"@type":"PropertyValueSpecification","valueRequired":true,"valueName":"search_term_string"}}],"inLanguage":"en-US"},{"@type":"Organization","@id":"https:\/\/artsets.cz\/#organization","name":"ArtSets","url":"https:\/\/artsets.cz\/","logo":{"@type":"ImageObject","inLanguage":"en-US","@id":"https:\/\/artsets.cz\/#\/schema\/logo\/image\/","url":"","contentUrl":"","caption":"ArtSets"},"image":{"@id":"https:\/\/artsets.cz\/#\/schema\/logo\/image\/"},"sameAs":["https:\/\/www.facebook.com\/profile.php?id=61559120043095"]}]}},"_links":{"self":[{"href":"https:\/\/artsets.cz\/en\/wp-json\/wp\/v2\/product\/9238","targetHints":{"allow":["GET"]}}],"collection":[{"href":"https:\/\/artsets.cz\/en\/wp-json\/wp\/v2\/product"}],"about":[{"href":"https:\/\/artsets.cz\/en\/wp-json\/wp\/v2\/types\/product"}],"replies":[{"embeddable":true,"href":"https:\/\/artsets.cz\/en\/wp-json\/wp\/v2\/comments?post=9238"}],"version-history":[{"count":0,"href":"https:\/\/artsets.cz\/en\/wp-json\/wp\/v2\/product\/9238\/revisions"}],"wp:featuredmedia":[{"embeddable":true,"href":"https:\/\/artsets.cz\/en\/wp-json\/wp\/v2\/media\/12194"}],"wp:attachment":[{"href":"https:\/\/artsets.cz\/en\/wp-json\/wp\/v2\/media?parent=9238"}],"wp:term":[{"taxonomy":"product_brand","embeddable":true,"href":"https:\/\/artsets.cz\/en\/wp-json\/wp\/v2\/product_brand?post=9238"},{"taxonomy":"product_cat","embeddable":true,"href":"https:\/\/artsets.cz\/en\/wp-json\/wp\/v2\/product_cat?post=9238"},{"taxonomy":"product_tag","embeddable":true,"href":"https:\/\/artsets.cz\/en\/wp-json\/wp\/v2\/product_tag?post=9238"}],"curies":[{"name":"wp","href":"https:\/\/api.w.org\/{rel}","templated":true}]}}