{"id":9322,"date":"2025-02-17T13:25:39","date_gmt":"2025-02-17T13:25:39","guid":{"rendered":"https:\/\/artsets.cz\/?post_type=product&#038;p=9322"},"modified":"2025-12-03T10:51:07","modified_gmt":"2025-12-03T10:51:07","slug":"berry-bunny-mobile-case-set-copy","status":"publish","type":"product","link":"https:\/\/artsets.cz\/en\/produkt\/berry-bunny-mobile-case-set-copy\/","title":{"rendered":"Fun Panda &#8211; DIY phone case set"},"content":{"rendered":"<h4><b>Key Features:<\/b><\/h4>\n<ul>\n<li><b>Perfect Gift:<\/b> A fun and creative DIY gift for panda lovers and craft enthusiasts!<\/li>\n<li><b>For Everyone:<\/b> Whether you\u2019re a beginner or an experienced crafter, this kit is easy and fun to use.<\/li>\n<li><b>DIY:<\/b> Customize your phone case with an adorable panda theme! Let your creativity shine and make a one-of-a-kind design.<\/li>\n<li><b>All-in-One Kit:<\/b> Includes everything you need \u2013 a phone case, decorations, tools, and a step-by-step guide.<\/li>\n<\/ul>\n<h4><b>What\u2019s Included:<\/b><\/h4>\n<ul>\n<li>Phone case;<\/li>\n<li>Green and white cream glue;<\/li>\n<li>Panda and bamboo-themed decorations;<\/li>\n<li>Bead tweezers, scraper, and cleaning wipe.<\/li>\n<\/ul>\n<h4><b>Details:<\/b><\/h4>\n<ul>\n<li><b>Dimensions:<\/b> 199 \u00d7 121 \u00d7 45 mm<\/li>\n<li><b>Charms and acrylic beads<\/b> may vary slightly from the picture, but we always ensure they match the panda theme.<\/li>\n<li><b>Age Limit:<\/b>\n<ul>\n<li>Children under 10 years old should be supervised by an adult.<\/li>\n<li>Not suitable for children under three years old. Decorations are not edible.<\/li>\n<\/ul>\n<\/li>\n<\/ul>\n<h4><b>Delivery and Returns:<\/b><\/h4>\n<ul>\n<li>Ships to the Czech Republic, Germany, Slovakia, and Poland.<\/li>\n<li>Delivery information can be found in <a href=\"\/en\/shipping-information\/\">Shipping Information<\/a>, returns in <a href=\"\/en\/terms-and-conditions\/\">Terms &#038; Conditions<\/a>.<\/li>\n<\/ul>\n","protected":false},"excerpt":{"rendered":"<p><b>Add a cute panda style to your phone with your own unique design!<\/b><br \/>\n<span style=\"font-weight: 400; font-family: 'Questrial', sans-serif;\"><br \/>\nThis creative set includes everything you need: a mobile case, green and white cream glue, panda and bamboo decorations, tweezers, a scraper, and a cleaning wipe.<br \/>\n<\/span><\/p>\n","protected":false},"featured_media":11404,"comment_status":"open","ping_status":"closed","template":"","meta":{"_acf_changed":false},"product_brand":[],"product_cat":[109],"product_tag":[122],"class_list":{"0":"post-9322","1":"product","2":"type-product","3":"status-publish","4":"has-post-thumbnail","6":"product_cat-mcases-sets-en","7":"product_tag-diy","9":"first","10":"instock","11":"taxable","12":"shipping-taxable","13":"purchasable","14":"product-type-simple"},"acf":[],"yoast_head":"<!-- This site is optimized with the Yoast SEO plugin v25.3.1 - https:\/\/yoast.com\/wordpress\/plugins\/seo\/ -->\n<title>Fun Panda - DIY phone case set - ArtSets<\/title>\n<meta name=\"description\" content=\"Create a unique phone case with an adorable panda! This creative DIY kit includes everything you need to craft your design. A perfect gift for kids and teenagers\" \/>\n<meta name=\"robots\" content=\"index, follow, max-snippet:-1, max-image-preview:large, max-video-preview:-1\" \/>\n<link rel=\"canonical\" href=\"https:\/\/artsets.cz\/en\/produkt\/berry-bunny-mobile-case-set-copy\" \/>\n<meta property=\"og:locale\" content=\"en_US\" \/>\n<meta property=\"og:type\" content=\"article\" \/>\n<meta property=\"og:title\" content=\"Fun Panda - DIY phone case set - ArtSets\" \/>\n<meta property=\"og:description\" content=\"Create a unique phone case with an adorable panda! This creative DIY kit includes everything you need to craft your design. A perfect gift for kids and teenagers\" \/>\n<meta property=\"og:url\" content=\"https:\/\/artsets.cz\/en\/produkt\/berry-bunny-mobile-case-set-copy\" \/>\n<meta property=\"og:site_name\" content=\"ArtSets\" \/>\n<meta property=\"article:publisher\" content=\"https:\/\/www.facebook.com\/profile.php?id=61559120043095\" \/>\n<meta property=\"article:modified_time\" content=\"2025-12-03T10:51:07+00:00\" \/>\n<meta property=\"og:image\" content=\"https:\/\/i0.wp.com\/artsets.cz\/wp-content\/uploads\/2025\/09\/zabavna-panda-kryt-na-mobil-diy-sada.jpg?fit=1080%2C1080&ssl=1\" \/>\n\t<meta property=\"og:image:width\" content=\"1080\" \/>\n\t<meta property=\"og:image:height\" content=\"1080\" \/>\n\t<meta property=\"og:image:type\" content=\"image\/jpeg\" \/>\n<meta name=\"twitter:card\" content=\"summary_large_image\" \/>\n<meta name=\"twitter:label1\" content=\"Est. reading time\" \/>\n\t<meta name=\"twitter:data1\" content=\"1 minute\" \/>\n<script type=\"application\/ld+json\" class=\"yoast-schema-graph\">{\"@context\":\"https:\/\/schema.org\",\"@graph\":[{\"@type\":\"WebPage\",\"@id\":\"https:\/\/artsets.cz\/produkt\/zabavna-panda-diy-kryt-na-mobil\/\",\"url\":\"https:\/\/artsets.cz\/en\/produkt\/berry-bunny-mobile-case-set-copy\",\"name\":\"Fun Panda - DIY phone case set - ArtSets\",\"isPartOf\":{\"@id\":\"https:\/\/artsets.cz\/#website\"},\"primaryImageOfPage\":{\"@id\":\"https:\/\/artsets.cz\/en\/produkt\/berry-bunny-mobile-case-set-copy#primaryimage\"},\"image\":{\"@id\":\"https:\/\/artsets.cz\/en\/produkt\/berry-bunny-mobile-case-set-copy#primaryimage\"},\"thumbnailUrl\":\"https:\/\/i0.wp.com\/artsets.cz\/wp-content\/uploads\/2025\/09\/zabavna-panda-kryt-na-mobil-diy-sada.jpg?fit=1080%2C1080&ssl=1\",\"datePublished\":\"2025-02-17T13:25:39+00:00\",\"dateModified\":\"2025-12-03T10:51:07+00:00\",\"description\":\"Create a unique phone case with an adorable panda! This creative DIY kit includes everything you need to craft your design. A perfect gift for kids and teenagers\",\"breadcrumb\":{\"@id\":\"https:\/\/artsets.cz\/en\/produkt\/berry-bunny-mobile-case-set-copy#breadcrumb\"},\"inLanguage\":\"en-US\",\"potentialAction\":[{\"@type\":\"ReadAction\",\"target\":[\"https:\/\/artsets.cz\/en\/produkt\/berry-bunny-mobile-case-set-copy\"]}]},{\"@type\":\"ImageObject\",\"inLanguage\":\"en-US\",\"@id\":\"https:\/\/artsets.cz\/en\/produkt\/berry-bunny-mobile-case-set-copy#primaryimage\",\"url\":\"https:\/\/i0.wp.com\/artsets.cz\/wp-content\/uploads\/2025\/09\/zabavna-panda-kryt-na-mobil-diy-sada.jpg?fit=1080%2C1080&ssl=1\",\"contentUrl\":\"https:\/\/i0.wp.com\/artsets.cz\/wp-content\/uploads\/2025\/09\/zabavna-panda-kryt-na-mobil-diy-sada.jpg?fit=1080%2C1080&ssl=1\",\"width\":1080,\"height\":1080,\"caption\":\"Vytvo\u0159te si origin\u00e1ln\u00ed kryt na mobil s na\u0161\u00ed DIY sadou \u2013 snadn\u00e9, z\u00e1bavn\u00e9 a jedine\u010dn\u00e9!\"},{\"@type\":\"BreadcrumbList\",\"@id\":\"https:\/\/artsets.cz\/en\/produkt\/berry-bunny-mobile-case-set-copy#breadcrumb\",\"itemListElement\":[{\"@type\":\"ListItem\",\"position\":1,\"name\":\"Dom\u016f\",\"item\":\"https:\/\/artsets.cz\/en\/\"},{\"@type\":\"ListItem\",\"position\":2,\"name\":\"All products\",\"item\":\"https:\/\/artsets.cz\/all-products\/\"},{\"@type\":\"ListItem\",\"position\":3,\"name\":\"Fun Panda &#8211; DIY phone case set\"}]},{\"@type\":\"WebSite\",\"@id\":\"https:\/\/artsets.cz\/#website\",\"url\":\"https:\/\/artsets.cz\/\",\"name\":\"Kreativn\u00ed a jedine\u010dn\u00e9 sady \u2013 ArtSets.cz | Perfektn\u00ed d\u00e1rek\",\"description\":\"Kreativn\u00ed DIY sady \u2013 perfektn\u00ed origin\u00e1ln\u00ed d\u00e1rek! Radost z tvorby s v\u00fdsledkem, kter\u00fd vyu\u017eijete\",\"publisher\":{\"@id\":\"https:\/\/artsets.cz\/#organization\"},\"alternateName\":\"ArtSets\",\"potentialAction\":[{\"@type\":\"SearchAction\",\"target\":{\"@type\":\"EntryPoint\",\"urlTemplate\":\"https:\/\/artsets.cz\/?s={search_term_string}\"},\"query-input\":{\"@type\":\"PropertyValueSpecification\",\"valueRequired\":true,\"valueName\":\"search_term_string\"}}],\"inLanguage\":\"en-US\"},{\"@type\":\"Organization\",\"@id\":\"https:\/\/artsets.cz\/#organization\",\"name\":\"ArtSets\",\"url\":\"https:\/\/artsets.cz\/\",\"logo\":{\"@type\":\"ImageObject\",\"inLanguage\":\"en-US\",\"@id\":\"https:\/\/artsets.cz\/#\/schema\/logo\/image\/\",\"url\":\"\",\"contentUrl\":\"\",\"caption\":\"ArtSets\"},\"image\":{\"@id\":\"https:\/\/artsets.cz\/#\/schema\/logo\/image\/\"},\"sameAs\":[\"https:\/\/www.facebook.com\/profile.php?id=61559120043095\"]}]}<\/script>\n<!-- \/ Yoast SEO plugin. -->","yoast_head_json":{"title":"Fun Panda - DIY phone case set - ArtSets","description":"Create a unique phone case with an adorable panda! This creative DIY kit includes everything you need to craft your design. A perfect gift for kids and teenagers","robots":{"index":"index","follow":"follow","max-snippet":"max-snippet:-1","max-image-preview":"max-image-preview:large","max-video-preview":"max-video-preview:-1"},"canonical":"https:\/\/artsets.cz\/en\/produkt\/berry-bunny-mobile-case-set-copy","og_locale":"en_US","og_type":"article","og_title":"Fun Panda - DIY phone case set - ArtSets","og_description":"Create a unique phone case with an adorable panda! This creative DIY kit includes everything you need to craft your design. A perfect gift for kids and teenagers","og_url":"https:\/\/artsets.cz\/en\/produkt\/berry-bunny-mobile-case-set-copy","og_site_name":"ArtSets","article_publisher":"https:\/\/www.facebook.com\/profile.php?id=61559120043095","article_modified_time":"2025-12-03T10:51:07+00:00","og_image":[{"width":1080,"height":1080,"url":"https:\/\/i0.wp.com\/artsets.cz\/wp-content\/uploads\/2025\/09\/zabavna-panda-kryt-na-mobil-diy-sada.jpg?fit=1080%2C1080&ssl=1","type":"image\/jpeg"}],"twitter_card":"summary_large_image","twitter_misc":{"Est. reading time":"1 minute"},"schema":{"@context":"https:\/\/schema.org","@graph":[{"@type":"WebPage","@id":"https:\/\/artsets.cz\/produkt\/zabavna-panda-diy-kryt-na-mobil\/","url":"https:\/\/artsets.cz\/en\/produkt\/berry-bunny-mobile-case-set-copy","name":"Fun Panda - DIY phone case set - ArtSets","isPartOf":{"@id":"https:\/\/artsets.cz\/#website"},"primaryImageOfPage":{"@id":"https:\/\/artsets.cz\/en\/produkt\/berry-bunny-mobile-case-set-copy#primaryimage"},"image":{"@id":"https:\/\/artsets.cz\/en\/produkt\/berry-bunny-mobile-case-set-copy#primaryimage"},"thumbnailUrl":"https:\/\/i0.wp.com\/artsets.cz\/wp-content\/uploads\/2025\/09\/zabavna-panda-kryt-na-mobil-diy-sada.jpg?fit=1080%2C1080&ssl=1","datePublished":"2025-02-17T13:25:39+00:00","dateModified":"2025-12-03T10:51:07+00:00","description":"Create a unique phone case with an adorable panda! This creative DIY kit includes everything you need to craft your design. A perfect gift for kids and teenagers","breadcrumb":{"@id":"https:\/\/artsets.cz\/en\/produkt\/berry-bunny-mobile-case-set-copy#breadcrumb"},"inLanguage":"en-US","potentialAction":[{"@type":"ReadAction","target":["https:\/\/artsets.cz\/en\/produkt\/berry-bunny-mobile-case-set-copy"]}]},{"@type":"ImageObject","inLanguage":"en-US","@id":"https:\/\/artsets.cz\/en\/produkt\/berry-bunny-mobile-case-set-copy#primaryimage","url":"https:\/\/i0.wp.com\/artsets.cz\/wp-content\/uploads\/2025\/09\/zabavna-panda-kryt-na-mobil-diy-sada.jpg?fit=1080%2C1080&ssl=1","contentUrl":"https:\/\/i0.wp.com\/artsets.cz\/wp-content\/uploads\/2025\/09\/zabavna-panda-kryt-na-mobil-diy-sada.jpg?fit=1080%2C1080&ssl=1","width":1080,"height":1080,"caption":"Vytvo\u0159te si origin\u00e1ln\u00ed kryt na mobil s na\u0161\u00ed DIY sadou \u2013 snadn\u00e9, z\u00e1bavn\u00e9 a jedine\u010dn\u00e9!"},{"@type":"BreadcrumbList","@id":"https:\/\/artsets.cz\/en\/produkt\/berry-bunny-mobile-case-set-copy#breadcrumb","itemListElement":[{"@type":"ListItem","position":1,"name":"Dom\u016f","item":"https:\/\/artsets.cz\/en\/"},{"@type":"ListItem","position":2,"name":"All products","item":"https:\/\/artsets.cz\/all-products\/"},{"@type":"ListItem","position":3,"name":"Fun Panda &#8211; DIY phone case set"}]},{"@type":"WebSite","@id":"https:\/\/artsets.cz\/#website","url":"https:\/\/artsets.cz\/","name":"Kreativn\u00ed a jedine\u010dn\u00e9 sady \u2013 ArtSets.cz | Perfektn\u00ed d\u00e1rek","description":"Kreativn\u00ed DIY sady \u2013 perfektn\u00ed origin\u00e1ln\u00ed d\u00e1rek! Radost z tvorby s v\u00fdsledkem, kter\u00fd vyu\u017eijete","publisher":{"@id":"https:\/\/artsets.cz\/#organization"},"alternateName":"ArtSets","potentialAction":[{"@type":"SearchAction","target":{"@type":"EntryPoint","urlTemplate":"https:\/\/artsets.cz\/?s={search_term_string}"},"query-input":{"@type":"PropertyValueSpecification","valueRequired":true,"valueName":"search_term_string"}}],"inLanguage":"en-US"},{"@type":"Organization","@id":"https:\/\/artsets.cz\/#organization","name":"ArtSets","url":"https:\/\/artsets.cz\/","logo":{"@type":"ImageObject","inLanguage":"en-US","@id":"https:\/\/artsets.cz\/#\/schema\/logo\/image\/","url":"","contentUrl":"","caption":"ArtSets"},"image":{"@id":"https:\/\/artsets.cz\/#\/schema\/logo\/image\/"},"sameAs":["https:\/\/www.facebook.com\/profile.php?id=61559120043095"]}]}},"_links":{"self":[{"href":"https:\/\/artsets.cz\/en\/wp-json\/wp\/v2\/product\/9322","targetHints":{"allow":["GET"]}}],"collection":[{"href":"https:\/\/artsets.cz\/en\/wp-json\/wp\/v2\/product"}],"about":[{"href":"https:\/\/artsets.cz\/en\/wp-json\/wp\/v2\/types\/product"}],"replies":[{"embeddable":true,"href":"https:\/\/artsets.cz\/en\/wp-json\/wp\/v2\/comments?post=9322"}],"version-history":[{"count":0,"href":"https:\/\/artsets.cz\/en\/wp-json\/wp\/v2\/product\/9322\/revisions"}],"wp:featuredmedia":[{"embeddable":true,"href":"https:\/\/artsets.cz\/en\/wp-json\/wp\/v2\/media\/11404"}],"wp:attachment":[{"href":"https:\/\/artsets.cz\/en\/wp-json\/wp\/v2\/media?parent=9322"}],"wp:term":[{"taxonomy":"product_brand","embeddable":true,"href":"https:\/\/artsets.cz\/en\/wp-json\/wp\/v2\/product_brand?post=9322"},{"taxonomy":"product_cat","embeddable":true,"href":"https:\/\/artsets.cz\/en\/wp-json\/wp\/v2\/product_cat?post=9322"},{"taxonomy":"product_tag","embeddable":true,"href":"https:\/\/artsets.cz\/en\/wp-json\/wp\/v2\/product_tag?post=9322"}],"curies":[{"name":"wp","href":"https:\/\/api.w.org\/{rel}","templated":true}]}}