{"id":9856,"date":"2025-03-17T16:45:40","date_gmt":"2025-03-17T16:45:40","guid":{"rendered":"https:\/\/artsets.cz\/?post_type=product&#038;p=9856"},"modified":"2025-03-17T17:25:58","modified_gmt":"2025-03-17T17:25:58","slug":"floral-magic-diy-mosaic-frame-kit","status":"publish","type":"product","link":"https:\/\/artsets.cz\/en\/produkt\/floral-magic-diy-mosaic-frame-kit\/","title":{"rendered":"Floral Magic \u2013 DIY Mosaic Frame Kit"},"content":{"rendered":"<h4><b>Key Features:<\/b><\/h4>\n<ul>\n<li><b>Perfect Gift:<\/b> An ideal choice for anyone who loves creative projects!<\/li>\n<li><b>Fun for All:<\/b> Easy and enjoyable crafting \u2013 great for kids and adults alike.<\/li>\n<li><b>DIY Creativity:<\/b> Design your own unique mosaic photo frame with floral and butterfly elements!<\/li>\n<li><b>All-in-One Kit:<\/b> Includes all materials and tools needed for a stunning design.<\/li>\n<\/ul>\n<h4><b>What&#8217;s in the Kit:<\/b><\/h4>\n<ul>\n<li>Photo frame for pictures (10\u00d715 cm);<\/li>\n<li>Beautiful floral and butterfly decorations;<\/li>\n<li>Colorful mosaic tiles;<\/li>\n<li>Strong silicone glue;<\/li>\n<li>Bead tweezers and scraper;<\/li>\n<li>Protective mat and gloves;<\/li>\n<li>Step-by-step instruction guide.<\/li>\n<\/ul>\n<h4><b>Additional Information:<\/b><\/h4>\n<ul>\n<li><b>Dimensions:<\/b> 199 \u00d7 121 \u00d7 45 mm<\/li>\n<li><b>Age Recommendation:<\/b>\n<ul>\n<li>Children under 8 should craft under adult supervision.<\/li>\n<li>Not suitable for children under 3 years \u2013 contains small parts.<\/li>\n<\/ul>\n<\/li>\n<\/ul>\n","protected":false},"excerpt":{"rendered":"<p><b>Create your own unique DIY mosaic photo frame \u2013 a beautiful decoration and a perfect gift!<\/b><\/p>\n<p>Fun crafting that sparks creativity!<\/p>\n<p>Everything you need in one kit: 10\u00d715 cm photo frame, mosaic tiles, decorations, glue, and essential tools.<\/p>\n","protected":false},"featured_media":12184,"comment_status":"open","ping_status":"closed","template":"","meta":{"_acf_changed":false},"product_brand":[],"product_cat":[113],"product_tag":[],"class_list":{"0":"post-9856","1":"product","2":"type-product","3":"status-publish","4":"has-post-thumbnail","6":"product_cat-photo-sets-en","8":"first","9":"instock","10":"taxable","11":"shipping-taxable","12":"purchasable","13":"product-type-simple"},"acf":[],"yoast_head":"<!-- This site is optimized with the Yoast SEO plugin v25.3.1 - https:\/\/yoast.com\/wordpress\/plugins\/seo\/ -->\n<title>Floral Magic \u2013 DIY Mosaic Frame Kit - ArtSets<\/title>\n<meta name=\"description\" content=\"The perfect gift for anyone who loves crafting! Create a stunning DIY mosaic photo frame with beautiful floral decorations \u2013 fun, easy, and unique!\" \/>\n<meta name=\"robots\" content=\"index, follow, max-snippet:-1, max-image-preview:large, max-video-preview:-1\" \/>\n<link rel=\"canonical\" href=\"https:\/\/artsets.cz\/en\/produkt\/floral-magic-diy-mosaic-frame-kit\" \/>\n<meta property=\"og:locale\" content=\"en_US\" \/>\n<meta property=\"og:type\" content=\"article\" \/>\n<meta property=\"og:title\" content=\"Floral Magic \u2013 DIY Mosaic Frame Kit - ArtSets\" \/>\n<meta property=\"og:description\" content=\"The perfect gift for anyone who loves crafting! Create a stunning DIY mosaic photo frame with beautiful floral decorations \u2013 fun, easy, and unique!\" \/>\n<meta property=\"og:url\" content=\"https:\/\/artsets.cz\/en\/produkt\/floral-magic-diy-mosaic-frame-kit\" \/>\n<meta property=\"og:site_name\" content=\"ArtSets\" \/>\n<meta property=\"article:publisher\" content=\"https:\/\/www.facebook.com\/profile.php?id=61559120043095\" \/>\n<meta property=\"article:modified_time\" content=\"2025-03-17T17:25:58+00:00\" \/>\n<meta property=\"og:image\" content=\"https:\/\/i0.wp.com\/artsets.cz\/wp-content\/uploads\/2025\/03\/mozaikovy-fotoramecek-kvetinova-magie.png?fit=1080%2C1080&ssl=1\" \/>\n\t<meta property=\"og:image:width\" content=\"1080\" \/>\n\t<meta property=\"og:image:height\" content=\"1080\" \/>\n\t<meta property=\"og:image:type\" content=\"image\/png\" \/>\n<meta name=\"twitter:card\" content=\"summary_large_image\" \/>\n<meta name=\"twitter:label1\" content=\"Est. reading time\" \/>\n\t<meta name=\"twitter:data1\" content=\"1 minute\" \/>\n<script type=\"application\/ld+json\" class=\"yoast-schema-graph\">{\"@context\":\"https:\/\/schema.org\",\"@graph\":[{\"@type\":\"WebPage\",\"@id\":\"https:\/\/artsets.cz\/produkt\/kvetinova-magie-mozaikovy-fotoramecek\/\",\"url\":\"https:\/\/artsets.cz\/en\/produkt\/floral-magic-diy-mosaic-frame-kit\",\"name\":\"Floral Magic \u2013 DIY Mosaic Frame Kit - ArtSets\",\"isPartOf\":{\"@id\":\"https:\/\/artsets.cz\/#website\"},\"primaryImageOfPage\":{\"@id\":\"https:\/\/artsets.cz\/en\/produkt\/floral-magic-diy-mosaic-frame-kit#primaryimage\"},\"image\":{\"@id\":\"https:\/\/artsets.cz\/en\/produkt\/floral-magic-diy-mosaic-frame-kit#primaryimage\"},\"thumbnailUrl\":\"https:\/\/i0.wp.com\/artsets.cz\/wp-content\/uploads\/2024\/07\/3.png?fit=1080%2C1080&ssl=1\",\"datePublished\":\"2025-03-17T16:45:40+00:00\",\"dateModified\":\"2025-03-17T17:25:58+00:00\",\"description\":\"The perfect gift for anyone who loves crafting! Create a stunning DIY mosaic photo frame with beautiful floral decorations \u2013 fun, easy, and unique!\",\"breadcrumb\":{\"@id\":\"https:\/\/artsets.cz\/en\/produkt\/floral-magic-diy-mosaic-frame-kit#breadcrumb\"},\"inLanguage\":\"en-US\",\"potentialAction\":[{\"@type\":\"ReadAction\",\"target\":[\"https:\/\/artsets.cz\/en\/produkt\/floral-magic-diy-mosaic-frame-kit\"]}]},{\"@type\":\"ImageObject\",\"inLanguage\":\"en-US\",\"@id\":\"https:\/\/artsets.cz\/en\/produkt\/floral-magic-diy-mosaic-frame-kit#primaryimage\",\"url\":\"https:\/\/i0.wp.com\/artsets.cz\/wp-content\/uploads\/2024\/07\/3.png?fit=1080%2C1080&ssl=1\",\"contentUrl\":\"https:\/\/i0.wp.com\/artsets.cz\/wp-content\/uploads\/2024\/07\/3.png?fit=1080%2C1080&ssl=1\",\"width\":1080,\"height\":1080},{\"@type\":\"BreadcrumbList\",\"@id\":\"https:\/\/artsets.cz\/en\/produkt\/floral-magic-diy-mosaic-frame-kit#breadcrumb\",\"itemListElement\":[{\"@type\":\"ListItem\",\"position\":1,\"name\":\"Dom\u016f\",\"item\":\"https:\/\/artsets.cz\/en\/\"},{\"@type\":\"ListItem\",\"position\":2,\"name\":\"All products\",\"item\":\"https:\/\/artsets.cz\/all-products\/\"},{\"@type\":\"ListItem\",\"position\":3,\"name\":\"Floral Magic \u2013 DIY Mosaic Frame Kit\"}]},{\"@type\":\"WebSite\",\"@id\":\"https:\/\/artsets.cz\/#website\",\"url\":\"https:\/\/artsets.cz\/\",\"name\":\"Kreativn\u00ed a jedine\u010dn\u00e9 sady \u2013 ArtSets.cz | Perfektn\u00ed d\u00e1rek\",\"description\":\"Kreativn\u00ed DIY sady \u2013 perfektn\u00ed origin\u00e1ln\u00ed d\u00e1rek! Radost z tvorby s v\u00fdsledkem, kter\u00fd vyu\u017eijete\",\"publisher\":{\"@id\":\"https:\/\/artsets.cz\/#organization\"},\"alternateName\":\"ArtSets\",\"potentialAction\":[{\"@type\":\"SearchAction\",\"target\":{\"@type\":\"EntryPoint\",\"urlTemplate\":\"https:\/\/artsets.cz\/?s={search_term_string}\"},\"query-input\":{\"@type\":\"PropertyValueSpecification\",\"valueRequired\":true,\"valueName\":\"search_term_string\"}}],\"inLanguage\":\"en-US\"},{\"@type\":\"Organization\",\"@id\":\"https:\/\/artsets.cz\/#organization\",\"name\":\"ArtSets\",\"url\":\"https:\/\/artsets.cz\/\",\"logo\":{\"@type\":\"ImageObject\",\"inLanguage\":\"en-US\",\"@id\":\"https:\/\/artsets.cz\/#\/schema\/logo\/image\/\",\"url\":\"\",\"contentUrl\":\"\",\"caption\":\"ArtSets\"},\"image\":{\"@id\":\"https:\/\/artsets.cz\/#\/schema\/logo\/image\/\"},\"sameAs\":[\"https:\/\/www.facebook.com\/profile.php?id=61559120043095\"]}]}<\/script>\n<!-- \/ Yoast SEO plugin. -->","yoast_head_json":{"title":"Floral Magic \u2013 DIY Mosaic Frame Kit - ArtSets","description":"The perfect gift for anyone who loves crafting! Create a stunning DIY mosaic photo frame with beautiful floral decorations \u2013 fun, easy, and unique!","robots":{"index":"index","follow":"follow","max-snippet":"max-snippet:-1","max-image-preview":"max-image-preview:large","max-video-preview":"max-video-preview:-1"},"canonical":"https:\/\/artsets.cz\/en\/produkt\/floral-magic-diy-mosaic-frame-kit","og_locale":"en_US","og_type":"article","og_title":"Floral Magic \u2013 DIY Mosaic Frame Kit - ArtSets","og_description":"The perfect gift for anyone who loves crafting! Create a stunning DIY mosaic photo frame with beautiful floral decorations \u2013 fun, easy, and unique!","og_url":"https:\/\/artsets.cz\/en\/produkt\/floral-magic-diy-mosaic-frame-kit","og_site_name":"ArtSets","article_publisher":"https:\/\/www.facebook.com\/profile.php?id=61559120043095","article_modified_time":"2025-03-17T17:25:58+00:00","og_image":[{"width":1080,"height":1080,"url":"https:\/\/i0.wp.com\/artsets.cz\/wp-content\/uploads\/2025\/03\/mozaikovy-fotoramecek-kvetinova-magie.png?fit=1080%2C1080&ssl=1","type":"image\/png"}],"twitter_card":"summary_large_image","twitter_misc":{"Est. reading time":"1 minute"},"schema":{"@context":"https:\/\/schema.org","@graph":[{"@type":"WebPage","@id":"https:\/\/artsets.cz\/produkt\/kvetinova-magie-mozaikovy-fotoramecek\/","url":"https:\/\/artsets.cz\/en\/produkt\/floral-magic-diy-mosaic-frame-kit","name":"Floral Magic \u2013 DIY Mosaic Frame Kit - ArtSets","isPartOf":{"@id":"https:\/\/artsets.cz\/#website"},"primaryImageOfPage":{"@id":"https:\/\/artsets.cz\/en\/produkt\/floral-magic-diy-mosaic-frame-kit#primaryimage"},"image":{"@id":"https:\/\/artsets.cz\/en\/produkt\/floral-magic-diy-mosaic-frame-kit#primaryimage"},"thumbnailUrl":"https:\/\/i0.wp.com\/artsets.cz\/wp-content\/uploads\/2024\/07\/3.png?fit=1080%2C1080&ssl=1","datePublished":"2025-03-17T16:45:40+00:00","dateModified":"2025-03-17T17:25:58+00:00","description":"The perfect gift for anyone who loves crafting! Create a stunning DIY mosaic photo frame with beautiful floral decorations \u2013 fun, easy, and unique!","breadcrumb":{"@id":"https:\/\/artsets.cz\/en\/produkt\/floral-magic-diy-mosaic-frame-kit#breadcrumb"},"inLanguage":"en-US","potentialAction":[{"@type":"ReadAction","target":["https:\/\/artsets.cz\/en\/produkt\/floral-magic-diy-mosaic-frame-kit"]}]},{"@type":"ImageObject","inLanguage":"en-US","@id":"https:\/\/artsets.cz\/en\/produkt\/floral-magic-diy-mosaic-frame-kit#primaryimage","url":"https:\/\/i0.wp.com\/artsets.cz\/wp-content\/uploads\/2024\/07\/3.png?fit=1080%2C1080&ssl=1","contentUrl":"https:\/\/i0.wp.com\/artsets.cz\/wp-content\/uploads\/2024\/07\/3.png?fit=1080%2C1080&ssl=1","width":1080,"height":1080},{"@type":"BreadcrumbList","@id":"https:\/\/artsets.cz\/en\/produkt\/floral-magic-diy-mosaic-frame-kit#breadcrumb","itemListElement":[{"@type":"ListItem","position":1,"name":"Dom\u016f","item":"https:\/\/artsets.cz\/en\/"},{"@type":"ListItem","position":2,"name":"All products","item":"https:\/\/artsets.cz\/all-products\/"},{"@type":"ListItem","position":3,"name":"Floral Magic \u2013 DIY Mosaic Frame Kit"}]},{"@type":"WebSite","@id":"https:\/\/artsets.cz\/#website","url":"https:\/\/artsets.cz\/","name":"Kreativn\u00ed a jedine\u010dn\u00e9 sady \u2013 ArtSets.cz | Perfektn\u00ed d\u00e1rek","description":"Kreativn\u00ed DIY sady \u2013 perfektn\u00ed origin\u00e1ln\u00ed d\u00e1rek! Radost z tvorby s v\u00fdsledkem, kter\u00fd vyu\u017eijete","publisher":{"@id":"https:\/\/artsets.cz\/#organization"},"alternateName":"ArtSets","potentialAction":[{"@type":"SearchAction","target":{"@type":"EntryPoint","urlTemplate":"https:\/\/artsets.cz\/?s={search_term_string}"},"query-input":{"@type":"PropertyValueSpecification","valueRequired":true,"valueName":"search_term_string"}}],"inLanguage":"en-US"},{"@type":"Organization","@id":"https:\/\/artsets.cz\/#organization","name":"ArtSets","url":"https:\/\/artsets.cz\/","logo":{"@type":"ImageObject","inLanguage":"en-US","@id":"https:\/\/artsets.cz\/#\/schema\/logo\/image\/","url":"","contentUrl":"","caption":"ArtSets"},"image":{"@id":"https:\/\/artsets.cz\/#\/schema\/logo\/image\/"},"sameAs":["https:\/\/www.facebook.com\/profile.php?id=61559120043095"]}]}},"_links":{"self":[{"href":"https:\/\/artsets.cz\/en\/wp-json\/wp\/v2\/product\/9856","targetHints":{"allow":["GET"]}}],"collection":[{"href":"https:\/\/artsets.cz\/en\/wp-json\/wp\/v2\/product"}],"about":[{"href":"https:\/\/artsets.cz\/en\/wp-json\/wp\/v2\/types\/product"}],"replies":[{"embeddable":true,"href":"https:\/\/artsets.cz\/en\/wp-json\/wp\/v2\/comments?post=9856"}],"version-history":[{"count":0,"href":"https:\/\/artsets.cz\/en\/wp-json\/wp\/v2\/product\/9856\/revisions"}],"wp:featuredmedia":[{"embeddable":true,"href":"https:\/\/artsets.cz\/en\/wp-json\/wp\/v2\/media\/12184"}],"wp:attachment":[{"href":"https:\/\/artsets.cz\/en\/wp-json\/wp\/v2\/media?parent=9856"}],"wp:term":[{"taxonomy":"product_brand","embeddable":true,"href":"https:\/\/artsets.cz\/en\/wp-json\/wp\/v2\/product_brand?post=9856"},{"taxonomy":"product_cat","embeddable":true,"href":"https:\/\/artsets.cz\/en\/wp-json\/wp\/v2\/product_cat?post=9856"},{"taxonomy":"product_tag","embeddable":true,"href":"https:\/\/artsets.cz\/en\/wp-json\/wp\/v2\/product_tag?post=9856"}],"curies":[{"name":"wp","href":"https:\/\/api.w.org\/{rel}","templated":true}]}}